{"id":2525,"date":"2024-02-21T16:36:22","date_gmt":"2024-02-21T16:36:22","guid":{"rendered":"https:\/\/rfblegal.co.uk\/?page_id=2525"},"modified":"2025-09-04T18:11:37","modified_gmt":"2025-09-04T18:11:37","slug":"beschaftigungsbetrieb","status":"publish","type":"page","link":"https:\/\/rfblegal.co.uk\/de\/dienstleistungen\/wirtschaftsrecht\/beschaftigungsbetrieb\/","title":{"rendered":"Besch\u00e4ftigung - Business"},"content":{"rendered":"<h2 class=\"wp-block-heading has-2-xl-font-size\" style=\"padding-top:var(--wp--preset--spacing--20);padding-bottom:var(--wp--preset--spacing--20);font-style:normal;font-weight:600\">Wohlt\u00e4tigkeitsprozesse<\/h2>\n\n\n\n<h4 class=\"wp-block-heading has-lg-font-size\" style=\"padding-top:var(--wp--preset--spacing--20);padding-bottom:var(--wp--preset--spacing--20);font-style:normal;font-weight:500\"><strong>Wohlt\u00e4tigkeitsorganisationen k\u00f6nnen, wie jede andere kommerzielle Organisation, mit Problemen wie Vertragsbruch, Besch\u00e4ftigungsfragen, Eigentumsstreitigkeiten und vielem mehr konfrontiert werden. Rechtliche Schritte stellen oft ein erhebliches Risiko f\u00fcr eine Wohlt\u00e4tigkeitsorganisation, ihren Ruf und ihre Treuh\u00e4nder dar.<\/strong><\/h4>\n\n\n\n<p style=\"padding-top:var(--wp--preset--spacing--20);padding-bottom:var(--wp--preset--spacing--20)\">Wenn sie mit einer potentiellen Forderung konfrontiert werden, sei es bei der Einleitung oder bei der Verteidigung von rechtlichen Schritten, m\u00fcssen Wohlt\u00e4tigkeitstreuh\u00e4nder jede Entscheidung auf der Grundlage dessen treffen, was im besten Interesse der Wohlt\u00e4tigkeitsorganisation ist. Dies und alle anderen rechtlichen Verpflichtungen, die Treuh\u00e4nder haben, bestimmen jede Entscheidung, die von den Treuh\u00e4ndern getroffen oder nicht getroffen wird, zu jedem Zeitpunkt, wenn sie sich mit der strittigen Angelegenheit befassen.<\/p>\n\n\n\n<p style=\"padding-top:var(--wp--preset--spacing--20);padding-bottom:var(--wp--preset--spacing--20)\">Treuh\u00e4nder sollten sich vergewissern, ob andere Optionen wie Verhandlungen und Mediation m\u00f6glich sind. Um fundierte Entscheidungen treffen zu k\u00f6nnen, sollten die Treuh\u00e4nder bereits in der Anfangsphase einer Streitigkeit Rechtsberatung in Anspruch nehmen, insbesondere wenn sie keine Experten auf dem Gebiet der Streitigkeiten sind. Wenn Treuh\u00e4nder in einem fr\u00fchen Stadium keinen Rechtsbeistand in Anspruch nehmen, riskieren sie, das beste Interesse der Wohlt\u00e4tigkeitsorganisation zu gef\u00e4hrden. Unter bestimmten Umst\u00e4nden kann es f\u00fcr die Treuh\u00e4nder sogar gesetzlich vorgeschrieben sein, sich angemessen beraten zu lassen.<\/p>\n\n\n\n<p style=\"padding-top:var(--wp--preset--spacing--20);padding-bottom:var(--wp--preset--spacing--20)\">Rechtsberater k\u00f6nnen den Treuh\u00e4ndern dabei helfen, die M\u00f6glichkeiten der Streitbeilegung auszuloten, und sie k\u00f6nnen eine ma\u00dfgeschneiderte Beratung \u00fcber die M\u00f6glichkeiten, die der Wohlt\u00e4tigkeitsorganisation zur Verf\u00fcgung stehen, sowie unsere fachkundige Empfehlung \u00fcber den f\u00fcr die Wohlt\u00e4tigkeitsorganisation am besten geeigneten Weg anbieten. Wenn die Zeit knapp bemessen ist, sollten die Treuh\u00e4nder nicht z\u00f6gern, wenn n\u00f6tig Rechtsberatung in Anspruch zu nehmen.<\/p>\n\n\n\n<p style=\"padding-top:var(--wp--preset--spacing--20);padding-bottom:var(--wp--preset--spacing--20)\">Die Treuh\u00e4nder m\u00fcssen die damit verbundenen potenziellen Kosten angemessen ber\u00fccksichtigen und verwalten. Treuh\u00e4nder sollten ihre Rechtsberater um angemessene Kostenvoranschl\u00e4ge bitten und herausfinden, ob die Rechtskosten durch eine etwaige Versicherungspolice der Wohlt\u00e4tigkeitsorganisation abgedeckt sind. Treuh\u00e4nder m\u00fcssen sich dar\u00fcber im Klaren sein, dass selbst bei erfolgreicher Geltendmachung oder Abwehr eines Anspruchs nicht alle entstandenen Kosten erstattungsf\u00e4hig sind, wenn \u00fcberhaupt.<\/p>\n\n\n\n<p style=\"padding-top:var(--wp--preset--spacing--20);padding-bottom:var(--wp--preset--spacing--20)\">Unter bestimmten Umst\u00e4nden sollten die Treuh\u00e4nder pr\u00fcfen, ob es notwendig ist, die Zustimmung oder den Rat der Charity Commission einzuholen, bevor sie sich zu einem Rechtsstreit entschlie\u00dfen, z. B. um die Verwendung von Wohlt\u00e4tigkeitsgeldern f\u00fcr Rechtsstreitigkeiten zu genehmigen.<\/p>\n\n\n\n<p style=\"padding-top:var(--wp--preset--spacing--20);padding-bottom:var(--wp--preset--spacing--20)\">Treuh\u00e4nder sollten sich auch dar\u00fcber im Klaren sein, dass sie pers\u00f6nlich f\u00fcr alle Folgen oder Verluste haftbar gemacht werden k\u00f6nnen, die sich ergeben, wenn die Treuh\u00e4nder ihre gesetzlichen Pflichten verletzen und unbegr\u00fcndete Entscheidungen in Bezug auf den Streitfall treffen.<\/p>\n\n\n\n<p style=\"padding-top:var(--wp--preset--spacing--20);padding-bottom:var(--wp--preset--spacing--20)\">Die Wohlt\u00e4tigkeitskommission hat eine&nbsp;<a href=\"https:\/\/www.gov.uk\/government\/uploads\/system\/uploads\/attachment_data\/file\/543338\/CC38_Checklist.pdf\">Checkliste f\u00fcr Treuh\u00e4nder<\/a>&nbsp;um ihnen bei der Entscheidung zu helfen, ob sie eine Forderung stellen oder abwehren sollen.<\/p>\n\n\n\n<p style=\"padding-top:var(--wp--preset--spacing--20);padding-bottom:var(--wp--preset--spacing--20)\">Die Entscheidung, einen Rechtsstreit zu f\u00fchren, f\u00e4llt den Treuh\u00e4ndern nicht leicht, und obwohl alle Faktoren sorgf\u00e4ltig abgewogen werden m\u00fcssen, liegt es in den meisten F\u00e4llen nicht im besten Interesse der Wohlt\u00e4tigkeitsorganisation, die Behandlung des Rechtsstreits zu verz\u00f6gern oder zu vermeiden oder die Entscheidung dar\u00fcber hinauszuz\u00f6gern, ob es im besten Interesse der Wohlt\u00e4tigkeitsorganisation ist, einen vorbereitenden Schriftverkehr zu f\u00fchren oder ein Gerichtsverfahren einzuleiten.<\/p>\n\n\n\n<p style=\"padding-top:var(--wp--preset--spacing--20);padding-bottom:var(--wp--preset--spacing--20)\">\t\t\t\t\t\t<style>\r\n\t\t\t\t<style>\r\n#wpsm_accordion_3124 .wpsm_panel-heading{\r\n\tpadding:0px !important;\r\n}\r\n#wpsm_accordion_3124 .wpsm_panel-title {\r\n\tmargin:0px !important; \r\n\ttext-transform:none !important;\r\n\tline-height: 1 !important;\r\n}\r\n#wpsm_accordion_3124 .wpsm_panel-title a{\r\n\ttext-decoration:none;\r\n\toverflow:hidden;\r\n\tdisplay:block;\r\n\tpadding:0px;\r\n\tfont-size: 18px !important;\r\n\tfont-family: Open Sans !important;\r\n\tcolor:#000000 !important;\r\n\tborder-bottom:0px !important;\r\n}\r\n\r\n#wpsm_accordion_3124 .wpsm_panel-title a:focus {\r\noutline: 0px !important;\r\n}\r\n\r\n#wpsm_accordion_3124 .wpsm_panel-title a:hover, #wpsm_accordion_3124 .wpsm_panel-title a:focus {\r\n\tcolor:#000000 !important;\r\n}\r\n#wpsm_accordion_3124 .acc-a{\r\n\tcolor: #000000 !important;\r\n\tbackground-color:#e8e8e8 !important;\r\n\tborder-color: #ddd;\r\n}\r\n#wpsm_accordion_3124 .wpsm_panel-default > .wpsm_panel-heading{\r\n\tcolor: #000000 !important;\r\n\tbackground-color: #e8e8e8 !important;\r\n\tborder-color: #e8e8e8 !important;\r\n\tborder-top-left-radius: 0px;\r\n\tborder-top-right-radius: 0px;\r\n}\r\n#wpsm_accordion_3124 .wpsm_panel-default {\r\n\t\tborder:1px solid transparent !important;\r\n\t}\r\n#wpsm_accordion_3124 {\r\n\tmargin-bottom: 20px;\r\n\toverflow: hidden;\r\n\tfloat: none;\r\n\twidth: 100%;\r\n\tdisplay: block;\r\n}\r\n#wpsm_accordion_3124 .ac_title_class{\r\n\tdisplay: block;\r\n\tpadding-top: 12px;\r\n\tpadding-bottom: 12px;\r\n\tpadding-left: 15px;\r\n\tpadding-right: 15px;\r\n}\r\n#wpsm_accordion_3124  .wpsm_panel {\r\n\toverflow:hidden;\r\n\t-webkit-box-shadow: 0 0px 0px rgba(0, 0, 0, .05);\r\n\tbox-shadow: 0 0px 0px rgba(0, 0, 0, .05);\r\n\t\tborder-radius: 4px;\r\n\t}\r\n#wpsm_accordion_3124  .wpsm_panel + .wpsm_panel {\r\n\t\tmargin-top: 5px;\r\n\t}\r\n#wpsm_accordion_3124  .wpsm_panel-body{\r\n\tbackground-color:#ffffff !important;\r\n\tcolor:#000000 !important;\r\n\tborder-top-color: #e8e8e8 !important;\r\n\tfont-size:16px !important;\r\n\tfont-family: Open Sans !important;\r\n\toverflow: hidden;\r\n\t\tborder: 2px solid #e8e8e8 !important;\r\n\t}\r\n\r\n#wpsm_accordion_3124 .ac_open_cl_icon{\r\n\tbackground-color:#e8e8e8 !important;\r\n\tcolor: #000000 !important;\r\n\tfloat:right !important;\r\n\tpadding-top: 12px !important;\r\n\tpadding-bottom: 12px !important;\r\n\tline-height: 1.0 !important;\r\n\tpadding-left: 15px !important;\r\n\tpadding-right: 15px !important;\r\n\tdisplay: inline-block !important;\r\n}\r\n\r\n\t\t\t\r\n\t\t\t<\/style>\t\r\n\t\t\t<\/style>\r\n\t\t\t<div class=\"wpsm_panel-group\" id=\"wpsm_accordion_3124\" >\r\n\t\t\t\t\t\t\t\t\r\n\t\t\t\t\t<!-- Inner panel Start -->\r\n\t\t\t\t\t<div class=\"wpsm_panel wpsm_panel-default\">\r\n\t\t\t\t\t\t<div class=\"wpsm_panel-heading\" role=\"tab\" >\r\n\t\t\t\t\t\t  <h4 class=\"wpsm_panel-title\">\r\n\t\t\t\t\t\t\t<a  class=\"\"  data-toggle=\"collapse\" data-parent=\"#wpsm_accordion_3124 \" href=\"javascript:void(0)\" data-target=\"#ac_3124_collapse1\" onclick=\"do_resize()\">\r\n\t\t\t\t\t\t\t\t\t\t\t\t\t\t\t\t\t<span class=\"ac_open_cl_icon fa fa-minus\"><\/span>\r\n\t\t\t\t\t\t\t\t\t\r\n\t\t\t\t\t\t\t\t \r\n\t\t\t\t\t\t\t\t<span class=\"ac_title_class\">\r\n\t\t\t\t\t\t\t\t\tEXPERTISE :\t\t\t\t\t\t\t\t<\/span>\r\n\t\t\t\t\t\t\t<\/a>\r\n\t\t\t\t\t\t  <\/h4>\r\n\t\t\t\t\t\t<\/div>\r\n\t\t\t\t\t\t<div id=\"ac_3124_collapse1\" class=\"wpsm_panel-collapse collapse in\"  >\r\n\t\t\t\t\t\t  <div class=\"wpsm_panel-body\">\r\n\t\t\t\t\t\t\t<ul>\r\n \t<li>- Verk\u00e4ufe und K\u00e4ufe von Grundst\u00fccken und Erbbaurechten<\/li>\r\n \t<li>- Refinanzierung von Immobilien<\/li>\r\n \t<li>- \u00dcbertragung von Eigenkapital<\/li>\r\n \t<li>- Verk\u00e4ufe\/K\u00e4ufe mit hohem Eigenkapital<\/li>\r\n \t<li>- Auktionsverk\u00e4ufe\/-ank\u00e4ufe<\/li>\r\n \t<li>- Komplexe Wohnungsbauprojekte und Erbbaurechtsgesch\u00e4fte<\/li>\r\n<\/ul>\t\t\t\t\t\t  <\/div>\r\n\t\t\t\t\t\t<\/div>\r\n\t\t\t\t\t<\/div>\r\n\t\t\t\t\t<!-- Inner panel End -->\r\n\t\t\t\t\t\r\n\t\t\t\t\t\t\t<\/div>\r\n\t\t\t\r\n<script type=\"text\/javascript\">\r\n\t\r\n\t\tfunction do_resize(){\r\n\r\n\t\t\tvar width=jQuery( '.wpsm_panel .wpsm_panel-body iframe' ).width();\r\n\t\t\tvar height=jQuery( '.wpsm_panel .wpsm_panel-body iframe' ).height();\r\n\r\n\t\t\tvar toggleSize = true;\r\n\t\t\tjQuery('iframe').animate({\r\n\t\t\t    width: toggleSize ? width : 640,\r\n\t\t\t    height: toggleSize ? height : 360\r\n\t\t\t  }, 250);\r\n\r\n\t\t\t  toggleSize = !toggleSize;\r\n\t\t}\r\n\t\t\r\n<\/script>\t<\/p>","protected":false},"excerpt":{"rendered":"<p>Charity Litigation Charities, just like any other commercial organisation, may come across issues such as breach of contract; employment issues, property disputes, and many more. Legal action is often likely to be a significant risk to a charity, its reputation, and its trustees. When faced with a potential claim, either in the making or defending &hellip; <a href=\"https:\/\/rfblegal.co.uk\/de\/?p=3124\">Continued<\/a><\/p>","protected":false},"author":1,"featured_media":3407,"parent":429,"menu_order":0,"comment_status":"closed","ping_status":"closed","template":"tier2-template.blade.php","meta":{"_acf_changed":false,"om_disable_all_campaigns":false,"_uf_show_specific_survey":0,"_uf_disable_surveys":false,"footnotes":""},"class_list":["post-2525","page","type-page","status-publish","has-post-thumbnail","hentry"],"acf":[],"aioseo_notices":[],"yoast_head":"<!-- This site is optimized with the Yoast SEO plugin v27.2 - https:\/\/yoast.com\/product\/yoast-seo-wordpress\/ -->\n<title>Employment - Business - RFB Legal<\/title>\n<meta name=\"description\" content=\"Charity Litigation Charities, just like any other commercial organisation, may come across issues such as breach of contract\" \/>\n<meta name=\"robots\" content=\"index, follow, max-snippet:-1, max-image-preview:large, max-video-preview:-1\" \/>\n<link rel=\"canonical\" href=\"https:\/\/rfblegal.co.uk\/de\/dienstleistungen\/wirtschaftsrecht\/beschaftigungsbetrieb\/\" \/>\n<meta property=\"og:locale\" content=\"de_DE\" \/>\n<meta property=\"og:type\" content=\"article\" \/>\n<meta property=\"og:title\" content=\"Employment - Business - RFB Legal\" \/>\n<meta property=\"og:description\" content=\"Charity Litigation Charities, just like any other commercial organisation, may come across issues such as breach of contract\" \/>\n<meta property=\"og:url\" content=\"https:\/\/rfblegal.co.uk\/de\/dienstleistungen\/wirtschaftsrecht\/beschaftigungsbetrieb\/\" \/>\n<meta property=\"og:site_name\" content=\"RFB Legal\" \/>\n<meta property=\"article:publisher\" content=\"https:\/\/www.facebook.com\/RFBLegal\/\" \/>\n<meta property=\"article:modified_time\" content=\"2025-09-04T18:11:37+00:00\" \/>\n<meta property=\"og:image\" content=\"https:\/\/rfblegal.co.uk\/wp-content\/uploads\/2024\/02\/Screenshot-2024-02-27-at-11.00.36.png\" \/>\n\t<meta property=\"og:image:width\" content=\"1502\" \/>\n\t<meta property=\"og:image:height\" content=\"844\" \/>\n\t<meta property=\"og:image:type\" content=\"image\/png\" \/>\n<meta name=\"twitter:card\" content=\"summary_large_image\" \/>\n<meta name=\"twitter:label1\" content=\"Est. reading time\" \/>\n\t<meta name=\"twitter:data1\" content=\"3\u00a0Minuten\" \/>\n<script type=\"application\/ld+json\" class=\"yoast-schema-graph\">{\"@context\":\"https:\/\/schema.org\",\"@graph\":[{\"@type\":\"WebPage\",\"@id\":\"https:\/\/rfblegal.co.uk\/services\/business-law\/employment-business\/\",\"url\":\"https:\/\/rfblegal.co.uk\/services\/business-law\/employment-business\/\",\"name\":\"Employment - Business - RFB Legal\",\"isPartOf\":{\"@id\":\"https:\/\/rfblegal.co.uk\/#website\"},\"primaryImageOfPage\":{\"@id\":\"https:\/\/rfblegal.co.uk\/services\/business-law\/employment-business\/#primaryimage\"},\"image\":{\"@id\":\"https:\/\/rfblegal.co.uk\/services\/business-law\/employment-business\/#primaryimage\"},\"thumbnailUrl\":\"https:\/\/rfblegal.co.uk\/wp-content\/uploads\/2024\/02\/Screenshot-2024-02-27-at-11.00.36.png\",\"datePublished\":\"2024-02-21T16:36:22+00:00\",\"dateModified\":\"2025-09-04T18:11:37+00:00\",\"description\":\"Charity Litigation Charities, just like any other commercial organisation, may come across issues such as breach of contract\",\"breadcrumb\":{\"@id\":\"https:\/\/rfblegal.co.uk\/services\/business-law\/employment-business\/#breadcrumb\"},\"inLanguage\":\"de\",\"potentialAction\":[{\"@type\":\"ReadAction\",\"target\":[\"https:\/\/rfblegal.co.uk\/services\/business-law\/employment-business\/\"]}]},{\"@type\":\"ImageObject\",\"inLanguage\":\"de\",\"@id\":\"https:\/\/rfblegal.co.uk\/services\/business-law\/employment-business\/#primaryimage\",\"url\":\"https:\/\/rfblegal.co.uk\/wp-content\/uploads\/2024\/02\/Screenshot-2024-02-27-at-11.00.36.png\",\"contentUrl\":\"https:\/\/rfblegal.co.uk\/wp-content\/uploads\/2024\/02\/Screenshot-2024-02-27-at-11.00.36.png\",\"width\":1502,\"height\":844},{\"@type\":\"BreadcrumbList\",\"@id\":\"https:\/\/rfblegal.co.uk\/services\/business-law\/employment-business\/#breadcrumb\",\"itemListElement\":[{\"@type\":\"ListItem\",\"position\":1,\"name\":\"Home\",\"item\":\"https:\/\/rfblegal.co.uk\/\"},{\"@type\":\"ListItem\",\"position\":2,\"name\":\"Services\",\"item\":\"https:\/\/rfblegal.co.uk\/services\/\"},{\"@type\":\"ListItem\",\"position\":3,\"name\":\"Business Law\",\"item\":\"https:\/\/rfblegal.co.uk\/services\/business-law\/\"},{\"@type\":\"ListItem\",\"position\":4,\"name\":\"Employment &#8211; Business\"}]},{\"@type\":\"WebSite\",\"@id\":\"https:\/\/rfblegal.co.uk\/#website\",\"url\":\"https:\/\/rfblegal.co.uk\/\",\"name\":\"RFB Legal\",\"description\":\"\",\"publisher\":{\"@id\":\"https:\/\/rfblegal.co.uk\/#organization\"},\"potentialAction\":[{\"@type\":\"SearchAction\",\"target\":{\"@type\":\"EntryPoint\",\"urlTemplate\":\"https:\/\/rfblegal.co.uk\/?s={search_term_string}\"},\"query-input\":{\"@type\":\"PropertyValueSpecification\",\"valueRequired\":true,\"valueName\":\"search_term_string\"}}],\"inLanguage\":\"de\"},{\"@type\":\"Organization\",\"@id\":\"https:\/\/rfblegal.co.uk\/#organization\",\"name\":\"RFB Legal\",\"url\":\"https:\/\/rfblegal.co.uk\/\",\"logo\":{\"@type\":\"ImageObject\",\"inLanguage\":\"de\",\"@id\":\"https:\/\/rfblegal.co.uk\/#\/schema\/logo\/image\/\",\"url\":\"https:\/\/rfblegal.co.uk\/wp-content\/uploads\/2024\/01\/header_company_logo.svg\",\"contentUrl\":\"https:\/\/rfblegal.co.uk\/wp-content\/uploads\/2024\/01\/header_company_logo.svg\",\"caption\":\"RFB Legal\"},\"image\":{\"@id\":\"https:\/\/rfblegal.co.uk\/#\/schema\/logo\/image\/\"},\"sameAs\":[\"https:\/\/www.facebook.com\/RFBLegal\/\",\"https:\/\/www.linkedin.com\/uas\/login?session_redirect=company2012282\",\"https:\/\/www.instagram.com\/rfb_legal\/\"]}]}<\/script>\n<!-- \/ Yoast SEO plugin. -->","yoast_head_json":{"title":"Besch\u00e4ftigung - Business - RFB Legal","description":"Rechtsstreitigkeiten bei Wohlt\u00e4tigkeitsorganisationen Wohlt\u00e4tigkeitsorganisationen k\u00f6nnen wie jede andere kommerzielle Organisation mit Problemen wie Vertragsbruch konfrontiert werden","robots":{"index":"index","follow":"follow","max-snippet":"max-snippet:-1","max-image-preview":"max-image-preview:large","max-video-preview":"max-video-preview:-1"},"canonical":"https:\/\/rfblegal.co.uk\/de\/dienstleistungen\/wirtschaftsrecht\/beschaftigungsbetrieb\/","og_locale":"de_DE","og_type":"article","og_title":"Employment - Business - RFB Legal","og_description":"Charity Litigation Charities, just like any other commercial organisation, may come across issues such as breach of contract","og_url":"https:\/\/rfblegal.co.uk\/de\/dienstleistungen\/wirtschaftsrecht\/beschaftigungsbetrieb\/","og_site_name":"RFB Legal","article_publisher":"https:\/\/www.facebook.com\/RFBLegal\/","article_modified_time":"2025-09-04T18:11:37+00:00","og_image":[{"width":1502,"height":844,"url":"https:\/\/rfblegal.co.uk\/wp-content\/uploads\/2024\/02\/Screenshot-2024-02-27-at-11.00.36.png","type":"image\/png"}],"twitter_card":"summary_large_image","twitter_misc":{"Est. reading time":"3\u00a0Minuten"},"schema":{"@context":"https:\/\/schema.org","@graph":[{"@type":"WebPage","@id":"https:\/\/rfblegal.co.uk\/services\/business-law\/employment-business\/","url":"https:\/\/rfblegal.co.uk\/services\/business-law\/employment-business\/","name":"Besch\u00e4ftigung - Business - RFB Legal","isPartOf":{"@id":"https:\/\/rfblegal.co.uk\/#website"},"primaryImageOfPage":{"@id":"https:\/\/rfblegal.co.uk\/services\/business-law\/employment-business\/#primaryimage"},"image":{"@id":"https:\/\/rfblegal.co.uk\/services\/business-law\/employment-business\/#primaryimage"},"thumbnailUrl":"https:\/\/rfblegal.co.uk\/wp-content\/uploads\/2024\/02\/Screenshot-2024-02-27-at-11.00.36.png","datePublished":"2024-02-21T16:36:22+00:00","dateModified":"2025-09-04T18:11:37+00:00","description":"Rechtsstreitigkeiten bei Wohlt\u00e4tigkeitsorganisationen Wohlt\u00e4tigkeitsorganisationen k\u00f6nnen wie jede andere kommerzielle Organisation mit Problemen wie Vertragsbruch konfrontiert werden","breadcrumb":{"@id":"https:\/\/rfblegal.co.uk\/services\/business-law\/employment-business\/#breadcrumb"},"inLanguage":"de","potentialAction":[{"@type":"ReadAction","target":["https:\/\/rfblegal.co.uk\/services\/business-law\/employment-business\/"]}]},{"@type":"ImageObject","inLanguage":"de","@id":"https:\/\/rfblegal.co.uk\/services\/business-law\/employment-business\/#primaryimage","url":"https:\/\/rfblegal.co.uk\/wp-content\/uploads\/2024\/02\/Screenshot-2024-02-27-at-11.00.36.png","contentUrl":"https:\/\/rfblegal.co.uk\/wp-content\/uploads\/2024\/02\/Screenshot-2024-02-27-at-11.00.36.png","width":1502,"height":844},{"@type":"BreadcrumbList","@id":"https:\/\/rfblegal.co.uk\/services\/business-law\/employment-business\/#breadcrumb","itemListElement":[{"@type":"ListItem","position":1,"name":"Home","item":"https:\/\/rfblegal.co.uk\/"},{"@type":"ListItem","position":2,"name":"Services","item":"https:\/\/rfblegal.co.uk\/services\/"},{"@type":"ListItem","position":3,"name":"Business Law","item":"https:\/\/rfblegal.co.uk\/services\/business-law\/"},{"@type":"ListItem","position":4,"name":"Employment &#8211; Business"}]},{"@type":"WebSite","@id":"https:\/\/rfblegal.co.uk\/#website","url":"https:\/\/rfblegal.co.uk\/","name":"RFB Legal","description":"","publisher":{"@id":"https:\/\/rfblegal.co.uk\/#organization"},"potentialAction":[{"@type":"SearchAction","target":{"@type":"EntryPoint","urlTemplate":"https:\/\/rfblegal.co.uk\/?s={search_term_string}"},"query-input":{"@type":"PropertyValueSpecification","valueRequired":true,"valueName":"search_term_string"}}],"inLanguage":"de"},{"@type":"Organization","@id":"https:\/\/rfblegal.co.uk\/#organization","name":"RFB Legal","url":"https:\/\/rfblegal.co.uk\/","logo":{"@type":"ImageObject","inLanguage":"de","@id":"https:\/\/rfblegal.co.uk\/#\/schema\/logo\/image\/","url":"https:\/\/rfblegal.co.uk\/wp-content\/uploads\/2024\/01\/header_company_logo.svg","contentUrl":"https:\/\/rfblegal.co.uk\/wp-content\/uploads\/2024\/01\/header_company_logo.svg","caption":"RFB Legal"},"image":{"@id":"https:\/\/rfblegal.co.uk\/#\/schema\/logo\/image\/"},"sameAs":["https:\/\/www.facebook.com\/RFBLegal\/","https:\/\/www.linkedin.com\/uas\/login?session_redirect=company2012282","https:\/\/www.instagram.com\/rfb_legal\/"]}]}},"_links":{"self":[{"href":"https:\/\/rfblegal.co.uk\/de\/wp-json\/wp\/v2\/pages\/2525","targetHints":{"allow":["GET"]}}],"collection":[{"href":"https:\/\/rfblegal.co.uk\/de\/wp-json\/wp\/v2\/pages"}],"about":[{"href":"https:\/\/rfblegal.co.uk\/de\/wp-json\/wp\/v2\/types\/page"}],"author":[{"embeddable":true,"href":"https:\/\/rfblegal.co.uk\/de\/wp-json\/wp\/v2\/users\/1"}],"replies":[{"embeddable":true,"href":"https:\/\/rfblegal.co.uk\/de\/wp-json\/wp\/v2\/comments?post=2525"}],"version-history":[{"count":1,"href":"https:\/\/rfblegal.co.uk\/de\/wp-json\/wp\/v2\/pages\/2525\/revisions"}],"predecessor-version":[{"id":6966,"href":"https:\/\/rfblegal.co.uk\/de\/wp-json\/wp\/v2\/pages\/2525\/revisions\/6966"}],"up":[{"embeddable":true,"href":"https:\/\/rfblegal.co.uk\/de\/wp-json\/wp\/v2\/pages\/429"}],"wp:featuredmedia":[{"embeddable":true,"href":"https:\/\/rfblegal.co.uk\/de\/wp-json\/wp\/v2\/media\/3407"}],"wp:attachment":[{"href":"https:\/\/rfblegal.co.uk\/de\/wp-json\/wp\/v2\/media?parent=2525"}],"curies":[{"name":"wp","href":"https:\/\/api.w.org\/{rel}","templated":true}]}}