{"id":2502,"date":"2024-02-21T16:22:10","date_gmt":"2024-02-21T16:22:10","guid":{"rendered":"https:\/\/rfblegal.co.uk\/?page_id=2502"},"modified":"2026-04-22T10:04:17","modified_gmt":"2026-04-22T10:04:17","slug":"handelsprozess","status":"publish","type":"page","link":"https:\/\/rfblegal.co.uk\/de\/dienstleistungen\/wirtschaftsrecht\/handelsprozess\/","title":{"rendered":"Handelsrechtliche Streitigkeiten"},"content":{"rendered":"<h2 class=\"wp-block-heading\">Handelsrechtliche Streitigkeiten<\/h2>\n\n\n\n<p>Bei Ronald Fletcher Baker LLP ist unser <strong>Team f\u00fcr Handelsstreitigkeiten<\/strong> ist bekannt f\u00fcr die L\u00f6sung komplexer <strong>gesch\u00e4ftliche Auseinandersetzungen<\/strong> mit Klarheit, Agilit\u00e4t und technischer Exzellenz. Unabh\u00e4ngig davon, ob wir f\u00fcr multinationale Unternehmen, KMUs oder Privatpersonen t\u00e4tig sind, bieten wir strategische Unterst\u00fctzung in jeder Phase des Lebenszyklus eines Rechtsstreits - von der Beratung im Vorfeld einer Klage bis hin zur Verhandlung und Berufung. Unsere Prozessanw\u00e4lte f\u00fcr Wirtschaftsrecht werden h\u00e4ufig mit einer Vielzahl von F\u00e4llen betraut <strong>Handelsstreitigkeiten<\/strong>, einschlie\u00dflich <strong>Vertragsstreitigkeiten<\/strong>, <strong>Gesellschafterstreitigkeiten<\/strong>, und <strong>Gesellschafterstreitigkeiten<\/strong>, die alle sowohl juristische Pr\u00e4zision als auch wirtschaftliches Verst\u00e4ndnis erfordern.&nbsp;<\/p>\n\n\n\n<p>Wir verstehen, dass <strong>Rechtsstreitigkeiten<\/strong> k\u00f6nnen Ihren Gesch\u00e4ftsbetrieb und Ihren Ruf beeintr\u00e4chtigen. Deshalb konzentrieren wir uns stets darauf, Angelegenheiten schnell und effizient zu l\u00f6sen, sei es durch solide Verhandlungen oder, wenn n\u00f6tig, durch entschlossene <strong>rechtliche Schritte<\/strong>. Unsere Kunden verlassen sich auf uns, wenn es um taktische, vorausschauende Beratung geht, die das Risiko mindert und gleichzeitig das bestm\u00f6gliche Ergebnis anstrebt.&nbsp;<\/p>\n\n\n\n<p>Wir sind erfahren in der L\u00f6sung von Angelegenheiten durch <strong>Alternative Streitbeilegung<\/strong>, einschlie\u00dflich Mediation und Schlichtung, wenn diese Wege den Zielen unserer Kunden besser entsprechen. Diese Methoden bieten oft schnellere und kosteng\u00fcnstigere L\u00f6sungen und erhalten gleichzeitig die Gesch\u00e4ftsbeziehungen.&nbsp;<\/p>\n\n\n\n<p>Neben den \u00fcblichen handelsrechtlichen Streitigkeiten sind wir regelm\u00e4\u00dfig in Spezialgebieten t\u00e4tig, wie zum Beispiel <strong>professionelle Nachl\u00e4ssigkeit<\/strong>, <strong>Insolvenz<\/strong>, <strong>einstweilige Verf\u00fcgungen<\/strong>, <strong>kollektive Anspr\u00fcche<\/strong>, und <strong>gerichtliche \u00dcberpr\u00fcfung<\/strong>. Unsere St\u00e4rke liegt darin, den breiteren wirtschaftlichen Kontext zu verstehen, so dass wir Ergebnisse erzielen k\u00f6nnen, die die strategischen Ziele unserer Kunden unterst\u00fctzen - und nicht nur juristische Siege.&nbsp;<\/p>\n\n\n\n<p>Das Erbe unserer Firma in <strong>Handelsprozess<\/strong> besteht seit mehr als 75 Jahren. Wir haben unseren Ruf durch fachliche Kompetenz, Engagement f\u00fcr unsere Kunden und Ergebnisse, die f\u00fcr sich selbst sprechen, aufgebaut. Ganz gleich, ob Sie mit einem Rechtsstreit \u00fcber Handelsvertr\u00e4ge, internen Governance-Problemen oder Reputationsrisiken konfrontiert sind, RFB Legal ist Ihr zuverl\u00e4ssiger Partner bei Rechtsstreitigkeiten und bietet Ihnen auf Ihr Unternehmen zugeschnittene rechtliche L\u00f6sungen.&nbsp;<\/p>\n\n\n\n<p><strong>Unsere \u2018au\u00dferordentlich talentierte\u2019 und \u2018reaktionsschnelle und strategische\u2019 Abteilung f\u00fcr Handelsstreitigkeiten hat eine nachweisliche Erfolgsbilanz selbst bei den komplexesten F\u00e4llen. Rechtsstreitigkeiten sind seit der Gr\u00fcndung der Kanzlei im Jahr 1948 ein Schwerpunkt der Kanzlei, und unser sehr erfahrenes Team ist weithin f\u00fcr seine Kompetenz in diesem Bereich anerkannt.<\/strong>&nbsp;<\/p>\n\n\n\n<p>Wir sind uns bewusst, dass bei Handelsstreitigkeiten viel auf dem Spiel stehen kann. Unser Team ist erfahren in der Bereitstellung intelligenter, taktischer L\u00f6sungen, die es uns erm\u00f6glichen, Streitigkeiten so schnell wie m\u00f6glich beizulegen und gleichzeitig sicherzustellen, dass die Interessen unserer Kunden stets gesch\u00fctzt werden.&nbsp;<\/p>\n\n\n\n<p>Wir vertreten Einzelpersonen, Institutionen und Unternehmen in allen Phasen von Rechtsstreitigkeiten und alternativen <a href=\"https:\/\/rfblegal.co.uk\/de\/dienstleistungen\/wirtschaftsrecht\/geschaft-mit-immobilienstreitigkeiten\/alternative-streitbeilegung-im-bereich-gewerbeimmobilien\/\" target=\"_blank\" rel=\"noreferrer noopener\">Streitbeilegung<\/a>. Unsere Arbeit umfasst h\u00e4ufig die Vertretung in hochwertigen Handels- und Unternehmensstreitigkeiten, die oft grenz\u00fcberschreitende oder multijurisdiktionale Elemente aufweisen.&nbsp;<\/p>\n\n\n\n<p>Unser Team verf\u00fcgt \u00fcber un\u00fcbertroffenes technisches Wissen, strategisches Verst\u00e4ndnis und praktische Erfahrung in der F\u00fchrung komplexer Rechtsstreitigkeiten auf allen Ebenen. Wir werden h\u00e4ufig mit Streitigkeiten und Prozessen im Zusammenhang mit Vertr\u00e4gen, Aktion\u00e4rs- und Gesellschaftsvertr\u00e4gen, Insolvenz und Sammelklagen beauftragt. Wir beraten auch in Spezialgebieten wie Rechtsstreitigkeiten im Hochschulbereich, Kunstrecht, Rechtsstreitigkeiten im Bereich der Wohlt\u00e4tigkeit, gerichtliche \u00dcberpr\u00fcfungsverfahren und internationale Sanktionen.&nbsp;<\/p>\n\n\n\n<p>Wir arbeiten mit unseren Kunden zusammen, um einen ma\u00dfgeschneiderten Ansatz zu bieten, bei dem der Schwerpunkt auf der fr\u00fchzeitigen Erkennung der wichtigsten Probleme liegt. Wir sind stolz darauf, strategische und zugleich pragmatische L\u00f6sungen zu entwickeln und umzusetzen, um die Ziele unserer Kunden zu erreichen und Streitigkeiten rasch beizulegen.&nbsp;<\/p>\n\n\n\n<p><strong><em>Komplexe Handelsstreitigkeiten mit strategischer Pr\u00e4zision l\u00f6sen<\/em><\/strong>&nbsp;<\/p>\n\n\n\n<p style=\"padding-top:var(--wp--preset--spacing--20);padding-bottom:var(--wp--preset--spacing--20)\">\t\t\t\t\t\t<style>\r\n\t\t\t\t<style>\r\n#wpsm_accordion_3103 .wpsm_panel-heading{\r\n\tpadding:0px !important;\r\n}\r\n#wpsm_accordion_3103 .wpsm_panel-title {\r\n\tmargin:0px !important; \r\n\ttext-transform:none !important;\r\n\tline-height: 1 !important;\r\n}\r\n#wpsm_accordion_3103 .wpsm_panel-title a{\r\n\ttext-decoration:none;\r\n\toverflow:hidden;\r\n\tdisplay:block;\r\n\tpadding:0px;\r\n\tfont-size: 18px !important;\r\n\tfont-family: Open Sans !important;\r\n\tcolor:#000000 !important;\r\n\tborder-bottom:0px !important;\r\n}\r\n\r\n#wpsm_accordion_3103 .wpsm_panel-title a:focus {\r\noutline: 0px !important;\r\n}\r\n\r\n#wpsm_accordion_3103 .wpsm_panel-title a:hover, #wpsm_accordion_3103 .wpsm_panel-title a:focus {\r\n\tcolor:#000000 !important;\r\n}\r\n#wpsm_accordion_3103 .acc-a{\r\n\tcolor: #000000 !important;\r\n\tbackground-color:#e8e8e8 !important;\r\n\tborder-color: #ddd;\r\n}\r\n#wpsm_accordion_3103 .wpsm_panel-default > .wpsm_panel-heading{\r\n\tcolor: #000000 !important;\r\n\tbackground-color: #e8e8e8 !important;\r\n\tborder-color: #e8e8e8 !important;\r\n\tborder-top-left-radius: 0px;\r\n\tborder-top-right-radius: 0px;\r\n}\r\n#wpsm_accordion_3103 .wpsm_panel-default {\r\n\t\tborder:1px solid transparent !important;\r\n\t}\r\n#wpsm_accordion_3103 {\r\n\tmargin-bottom: 20px;\r\n\toverflow: hidden;\r\n\tfloat: none;\r\n\twidth: 100%;\r\n\tdisplay: block;\r\n}\r\n#wpsm_accordion_3103 .ac_title_class{\r\n\tdisplay: block;\r\n\tpadding-top: 12px;\r\n\tpadding-bottom: 12px;\r\n\tpadding-left: 15px;\r\n\tpadding-right: 15px;\r\n}\r\n#wpsm_accordion_3103  .wpsm_panel {\r\n\toverflow:hidden;\r\n\t-webkit-box-shadow: 0 0px 0px rgba(0, 0, 0, .05);\r\n\tbox-shadow: 0 0px 0px rgba(0, 0, 0, .05);\r\n\t\tborder-radius: 4px;\r\n\t}\r\n#wpsm_accordion_3103  .wpsm_panel + .wpsm_panel {\r\n\t\tmargin-top: 5px;\r\n\t}\r\n#wpsm_accordion_3103  .wpsm_panel-body{\r\n\tbackground-color:#ffffff !important;\r\n\tcolor:#000000 !important;\r\n\tborder-top-color: #e8e8e8 !important;\r\n\tfont-size:16px !important;\r\n\tfont-family: Open Sans !important;\r\n\toverflow: hidden;\r\n\t\tborder: 2px solid #e8e8e8 !important;\r\n\t}\r\n\r\n#wpsm_accordion_3103 .ac_open_cl_icon{\r\n\tbackground-color:#e8e8e8 !important;\r\n\tcolor: #000000 !important;\r\n\tfloat:right !important;\r\n\tpadding-top: 12px !important;\r\n\tpadding-bottom: 12px !important;\r\n\tline-height: 1.0 !important;\r\n\tpadding-left: 15px !important;\r\n\tpadding-right: 15px !important;\r\n\tdisplay: inline-block !important;\r\n}\r\n\r\n\t\t\t\r\n\t\t\t<\/style>\t\r\n\t\t\t<\/style>\r\n\t\t\t<div class=\"wpsm_panel-group\" id=\"wpsm_accordion_3103\" >\r\n\t\t\t\t\t\t\t\t\r\n\t\t\t\t\t<!-- Inner panel Start -->\r\n\t\t\t\t\t<div class=\"wpsm_panel wpsm_panel-default\">\r\n\t\t\t\t\t\t<div class=\"wpsm_panel-heading\" role=\"tab\" >\r\n\t\t\t\t\t\t  <h4 class=\"wpsm_panel-title\">\r\n\t\t\t\t\t\t\t<a  class=\"\"  data-toggle=\"collapse\" data-parent=\"#wpsm_accordion_3103 \" href=\"javascript:void(0)\" data-target=\"#ac_3103_collapse1\" onclick=\"do_resize()\">\r\n\t\t\t\t\t\t\t\t\t\t\t\t\t\t\t\t\t<span class=\"ac_open_cl_icon fa fa-minus\"><\/span>\r\n\t\t\t\t\t\t\t\t\t\r\n\t\t\t\t\t\t\t\t \r\n\t\t\t\t\t\t\t\t<span class=\"ac_title_class\">\r\n\t\t\t\t\t\t\t\t\tEXPERTISE :\t\t\t\t\t\t\t\t<\/span>\r\n\t\t\t\t\t\t\t<\/a>\r\n\t\t\t\t\t\t  <\/h4>\r\n\t\t\t\t\t\t<\/div>\r\n\t\t\t\t\t\t<div id=\"ac_3103_collapse1\" class=\"wpsm_panel-collapse collapse in\"  >\r\n\t\t\t\t\t\t  <div class=\"wpsm_panel-body\">\r\n\t\t\t\t\t\t\t<ul>\r\n \t<li>- Alternative Streitbeilegung<\/li>\r\n \t<li>- Kunstrechtliche Streitigkeiten<\/li>\r\n \t<li>- Einziehung von Verm\u00f6genswerten<\/li>\r\n \t<li>- Wohlt\u00e4tigkeitsprozesse<\/li>\r\n \t<li>- Sammelklagen\/Kollektivklagen<\/li>\r\n \t<li>- Vertragliche Streitigkeiten<\/li>\r\n \t<li>- Beitreibung von Forderungen<\/li>\r\n \t<li>- Einstweilige Verf\u00fcgungen<\/li>\r\n \t<li>- Internationale Sanktionen<\/li>\r\n \t<li>- Gerichtliche \u00dcberpr\u00fcfung<\/li>\r\n \t<li>- Streitigkeiten zwischen Gesellschaftern und Partnern<\/li>\r\n \t<li><a href=\"https:\/\/rfblegal.co.uk\/index.php\/litigation\/commercial-litigation\/insolvency\">- Zahlungsunf\u00e4higkeit<\/a><\/li>\r\n \t<li><a href=\"https:\/\/rfblegal.co.uk\/index.php\/litigation\/commercial-litigation\/energy-utilities-litigation\">- Rechtsstreitigkeiten im Energie- und Versorgungssektor<\/a><\/li>\r\n \t<li><a href=\"https:\/\/rfblegal.co.uk\/index.php\/litigation\/commercial-litigation\/alternative-dispute-resolution\">- Alternative Streitbeilegung<\/a><\/li>\r\n \t<li><a href=\"https:\/\/rfblegal.co.uk\/index.php\/litigation\/commercial-litigation\/copyright-media-ip\">- Urheberrecht, Medien &amp; IP<\/a><\/li>\r\n \t<li><a href=\"https:\/\/rfblegal.co.uk\/index.php\/litigation\/commercial-litigation\/charity-litigation\">- Wohlt\u00e4tigkeitsprozesse<\/a><\/li>\r\n<\/ul>\t\t\t\t\t\t  <\/div>\r\n\t\t\t\t\t\t<\/div>\r\n\t\t\t\t\t<\/div>\r\n\t\t\t\t\t<!-- Inner panel End -->\r\n\t\t\t\t\t\r\n\t\t\t\t\t\t\t<\/div>\r\n\t\t\t\r\n<script type=\"text\/javascript\">\r\n\t\r\n\t\tfunction do_resize(){\r\n\r\n\t\t\tvar width=jQuery( '.wpsm_panel .wpsm_panel-body iframe' ).width();\r\n\t\t\tvar height=jQuery( '.wpsm_panel .wpsm_panel-body iframe' ).height();\r\n\r\n\t\t\tvar toggleSize = true;\r\n\t\t\tjQuery('iframe').animate({\r\n\t\t\t    width: toggleSize ? width : 640,\r\n\t\t\t    height: toggleSize ? height : 360\r\n\t\t\t  }, 250);\r\n\r\n\t\t\t  toggleSize = !toggleSize;\r\n\t\t}\r\n\t\t\r\n<\/script>\t<\/p>","protected":false},"excerpt":{"rendered":"<p>Commercial Litigation At Ronald Fletcher Baker LLP, our Commercial Litigation team is known for resolving complex business disputes with clarity, agility, and technical excellence. Whether acting for multinational corporations, SMEs, or private clients, we offer strategic support at every stage of the litigation lifecycle\u2014from pre-action advice to trial and appeal. Our commercial litigators are frequently &hellip; <a href=\"https:\/\/rfblegal.co.uk\/de\/?p=3103\">Fortsetzung<\/a><\/p>","protected":false},"author":1,"featured_media":3404,"parent":429,"menu_order":0,"comment_status":"closed","ping_status":"closed","template":"tier2-template.blade.php","meta":{"_acf_changed":false,"om_disable_all_campaigns":false,"_uf_show_specific_survey":0,"_uf_disable_surveys":false,"footnotes":""},"class_list":["post-2502","page","type-page","status-publish","has-post-thumbnail","hentry"],"acf":[],"aioseo_notices":[],"yoast_head":"<!-- This site is optimized with the Yoast SEO plugin v27.2 - https:\/\/yoast.com\/product\/yoast-seo-wordpress\/ -->\n<title>Commercial Litigation - RFB Legal<\/title>\n<meta name=\"description\" content=\"Commercial Litigation At Ronald Fletcher Baker LLP, our Commercial Litigation team is known for resolving complex business disputes with clarity, agility,\" \/>\n<meta name=\"robots\" content=\"index, follow, max-snippet:-1, max-image-preview:large, max-video-preview:-1\" \/>\n<link rel=\"canonical\" href=\"https:\/\/rfblegal.co.uk\/de\/dienstleistungen\/wirtschaftsrecht\/handelsprozess\/\" \/>\n<meta property=\"og:locale\" content=\"de_DE\" \/>\n<meta property=\"og:type\" content=\"article\" \/>\n<meta property=\"og:title\" content=\"Commercial Litigation - RFB Legal\" \/>\n<meta property=\"og:description\" content=\"Commercial Litigation At Ronald Fletcher Baker LLP, our Commercial Litigation team is known for resolving complex business disputes with clarity, agility,\" \/>\n<meta property=\"og:url\" content=\"https:\/\/rfblegal.co.uk\/de\/dienstleistungen\/wirtschaftsrecht\/handelsprozess\/\" \/>\n<meta property=\"og:site_name\" content=\"RFB Legal\" \/>\n<meta property=\"article:publisher\" content=\"https:\/\/www.facebook.com\/RFBLegal\/\" \/>\n<meta property=\"article:modified_time\" content=\"2026-04-22T10:04:17+00:00\" \/>\n<meta property=\"og:image\" content=\"https:\/\/rfblegal.co.uk\/wp-content\/uploads\/2024\/02\/Screenshot-2024-02-27-at-10.57.28-1024x574.png\" \/>\n\t<meta property=\"og:image:width\" content=\"1024\" \/>\n\t<meta property=\"og:image:height\" content=\"574\" \/>\n\t<meta property=\"og:image:type\" content=\"image\/png\" \/>\n<meta name=\"twitter:card\" content=\"summary_large_image\" \/>\n<meta name=\"twitter:label1\" content=\"Est. reading time\" \/>\n\t<meta name=\"twitter:data1\" content=\"3\u00a0Minuten\" \/>\n<script type=\"application\/ld+json\" class=\"yoast-schema-graph\">{\"@context\":\"https:\/\/schema.org\",\"@graph\":[{\"@type\":\"WebPage\",\"@id\":\"https:\/\/rfblegal.co.uk\/services\/business-law\/commercial-litigation\/\",\"url\":\"https:\/\/rfblegal.co.uk\/services\/business-law\/commercial-litigation\/\",\"name\":\"Commercial Litigation - RFB Legal\",\"isPartOf\":{\"@id\":\"https:\/\/rfblegal.co.uk\/#website\"},\"primaryImageOfPage\":{\"@id\":\"https:\/\/rfblegal.co.uk\/services\/business-law\/commercial-litigation\/#primaryimage\"},\"image\":{\"@id\":\"https:\/\/rfblegal.co.uk\/services\/business-law\/commercial-litigation\/#primaryimage\"},\"thumbnailUrl\":\"https:\/\/rfblegal.co.uk\/wp-content\/uploads\/2024\/02\/Screenshot-2024-02-27-at-10.57.28.png\",\"datePublished\":\"2024-02-21T16:22:10+00:00\",\"dateModified\":\"2026-04-22T10:04:17+00:00\",\"description\":\"Commercial Litigation At Ronald Fletcher Baker LLP, our Commercial Litigation team is known for resolving complex business disputes with clarity, agility,\",\"breadcrumb\":{\"@id\":\"https:\/\/rfblegal.co.uk\/services\/business-law\/commercial-litigation\/#breadcrumb\"},\"inLanguage\":\"de\",\"potentialAction\":[{\"@type\":\"ReadAction\",\"target\":[\"https:\/\/rfblegal.co.uk\/services\/business-law\/commercial-litigation\/\"]}]},{\"@type\":\"ImageObject\",\"inLanguage\":\"de\",\"@id\":\"https:\/\/rfblegal.co.uk\/services\/business-law\/commercial-litigation\/#primaryimage\",\"url\":\"https:\/\/rfblegal.co.uk\/wp-content\/uploads\/2024\/02\/Screenshot-2024-02-27-at-10.57.28.png\",\"contentUrl\":\"https:\/\/rfblegal.co.uk\/wp-content\/uploads\/2024\/02\/Screenshot-2024-02-27-at-10.57.28.png\",\"width\":2120,\"height\":1188},{\"@type\":\"BreadcrumbList\",\"@id\":\"https:\/\/rfblegal.co.uk\/services\/business-law\/commercial-litigation\/#breadcrumb\",\"itemListElement\":[{\"@type\":\"ListItem\",\"position\":1,\"name\":\"Home\",\"item\":\"https:\/\/rfblegal.co.uk\/\"},{\"@type\":\"ListItem\",\"position\":2,\"name\":\"Services\",\"item\":\"https:\/\/rfblegal.co.uk\/services\/\"},{\"@type\":\"ListItem\",\"position\":3,\"name\":\"Business Law\",\"item\":\"https:\/\/rfblegal.co.uk\/services\/business-law\/\"},{\"@type\":\"ListItem\",\"position\":4,\"name\":\"Commercial Litigation\"}]},{\"@type\":\"WebSite\",\"@id\":\"https:\/\/rfblegal.co.uk\/#website\",\"url\":\"https:\/\/rfblegal.co.uk\/\",\"name\":\"RFB Legal\",\"description\":\"\",\"publisher\":{\"@id\":\"https:\/\/rfblegal.co.uk\/#organization\"},\"potentialAction\":[{\"@type\":\"SearchAction\",\"target\":{\"@type\":\"EntryPoint\",\"urlTemplate\":\"https:\/\/rfblegal.co.uk\/?s={search_term_string}\"},\"query-input\":{\"@type\":\"PropertyValueSpecification\",\"valueRequired\":true,\"valueName\":\"search_term_string\"}}],\"inLanguage\":\"de\"},{\"@type\":\"Organization\",\"@id\":\"https:\/\/rfblegal.co.uk\/#organization\",\"name\":\"RFB Legal\",\"url\":\"https:\/\/rfblegal.co.uk\/\",\"logo\":{\"@type\":\"ImageObject\",\"inLanguage\":\"de\",\"@id\":\"https:\/\/rfblegal.co.uk\/#\/schema\/logo\/image\/\",\"url\":\"https:\/\/rfblegal.co.uk\/wp-content\/uploads\/2024\/01\/header_company_logo.svg\",\"contentUrl\":\"https:\/\/rfblegal.co.uk\/wp-content\/uploads\/2024\/01\/header_company_logo.svg\",\"caption\":\"RFB Legal\"},\"image\":{\"@id\":\"https:\/\/rfblegal.co.uk\/#\/schema\/logo\/image\/\"},\"sameAs\":[\"https:\/\/www.facebook.com\/RFBLegal\/\",\"https:\/\/www.linkedin.com\/uas\/login?session_redirect=company2012282\",\"https:\/\/www.instagram.com\/rfb_legal\/\"]}]}<\/script>\n<!-- \/ Yoast SEO plugin. -->","yoast_head_json":{"title":"Handelsrechtliche Streitigkeiten - RFB Legal","description":"Commercial Litigation Unser Commercial Litigation Team bei Ronald Fletcher Baker LLP ist daf\u00fcr bekannt, komplexe Gesch\u00e4ftsstreitigkeiten mit Klarheit und Schnelligkeit zu l\u00f6sen,","robots":{"index":"index","follow":"follow","max-snippet":"max-snippet:-1","max-image-preview":"max-image-preview:large","max-video-preview":"max-video-preview:-1"},"canonical":"https:\/\/rfblegal.co.uk\/de\/dienstleistungen\/wirtschaftsrecht\/handelsprozess\/","og_locale":"de_DE","og_type":"article","og_title":"Commercial Litigation - RFB Legal","og_description":"Commercial Litigation At Ronald Fletcher Baker LLP, our Commercial Litigation team is known for resolving complex business disputes with clarity, agility,","og_url":"https:\/\/rfblegal.co.uk\/de\/dienstleistungen\/wirtschaftsrecht\/handelsprozess\/","og_site_name":"RFB Legal","article_publisher":"https:\/\/www.facebook.com\/RFBLegal\/","article_modified_time":"2026-04-22T10:04:17+00:00","og_image":[{"width":1024,"height":574,"url":"https:\/\/rfblegal.co.uk\/wp-content\/uploads\/2024\/02\/Screenshot-2024-02-27-at-10.57.28-1024x574.png","type":"image\/png"}],"twitter_card":"summary_large_image","twitter_misc":{"Est. reading time":"3\u00a0Minuten"},"schema":{"@context":"https:\/\/schema.org","@graph":[{"@type":"WebPage","@id":"https:\/\/rfblegal.co.uk\/services\/business-law\/commercial-litigation\/","url":"https:\/\/rfblegal.co.uk\/services\/business-law\/commercial-litigation\/","name":"Handelsrechtliche Streitigkeiten - RFB Legal","isPartOf":{"@id":"https:\/\/rfblegal.co.uk\/#website"},"primaryImageOfPage":{"@id":"https:\/\/rfblegal.co.uk\/services\/business-law\/commercial-litigation\/#primaryimage"},"image":{"@id":"https:\/\/rfblegal.co.uk\/services\/business-law\/commercial-litigation\/#primaryimage"},"thumbnailUrl":"https:\/\/rfblegal.co.uk\/wp-content\/uploads\/2024\/02\/Screenshot-2024-02-27-at-10.57.28.png","datePublished":"2024-02-21T16:22:10+00:00","dateModified":"2026-04-22T10:04:17+00:00","description":"Commercial Litigation Unser Commercial Litigation Team bei Ronald Fletcher Baker LLP ist daf\u00fcr bekannt, komplexe Gesch\u00e4ftsstreitigkeiten mit Klarheit und Schnelligkeit zu l\u00f6sen,","breadcrumb":{"@id":"https:\/\/rfblegal.co.uk\/services\/business-law\/commercial-litigation\/#breadcrumb"},"inLanguage":"de","potentialAction":[{"@type":"ReadAction","target":["https:\/\/rfblegal.co.uk\/services\/business-law\/commercial-litigation\/"]}]},{"@type":"ImageObject","inLanguage":"de","@id":"https:\/\/rfblegal.co.uk\/services\/business-law\/commercial-litigation\/#primaryimage","url":"https:\/\/rfblegal.co.uk\/wp-content\/uploads\/2024\/02\/Screenshot-2024-02-27-at-10.57.28.png","contentUrl":"https:\/\/rfblegal.co.uk\/wp-content\/uploads\/2024\/02\/Screenshot-2024-02-27-at-10.57.28.png","width":2120,"height":1188},{"@type":"BreadcrumbList","@id":"https:\/\/rfblegal.co.uk\/services\/business-law\/commercial-litigation\/#breadcrumb","itemListElement":[{"@type":"ListItem","position":1,"name":"Home","item":"https:\/\/rfblegal.co.uk\/"},{"@type":"ListItem","position":2,"name":"Services","item":"https:\/\/rfblegal.co.uk\/services\/"},{"@type":"ListItem","position":3,"name":"Business Law","item":"https:\/\/rfblegal.co.uk\/services\/business-law\/"},{"@type":"ListItem","position":4,"name":"Commercial Litigation"}]},{"@type":"WebSite","@id":"https:\/\/rfblegal.co.uk\/#website","url":"https:\/\/rfblegal.co.uk\/","name":"RFB Legal","description":"","publisher":{"@id":"https:\/\/rfblegal.co.uk\/#organization"},"potentialAction":[{"@type":"SearchAction","target":{"@type":"EntryPoint","urlTemplate":"https:\/\/rfblegal.co.uk\/?s={search_term_string}"},"query-input":{"@type":"PropertyValueSpecification","valueRequired":true,"valueName":"search_term_string"}}],"inLanguage":"de"},{"@type":"Organization","@id":"https:\/\/rfblegal.co.uk\/#organization","name":"RFB Legal","url":"https:\/\/rfblegal.co.uk\/","logo":{"@type":"ImageObject","inLanguage":"de","@id":"https:\/\/rfblegal.co.uk\/#\/schema\/logo\/image\/","url":"https:\/\/rfblegal.co.uk\/wp-content\/uploads\/2024\/01\/header_company_logo.svg","contentUrl":"https:\/\/rfblegal.co.uk\/wp-content\/uploads\/2024\/01\/header_company_logo.svg","caption":"RFB Legal"},"image":{"@id":"https:\/\/rfblegal.co.uk\/#\/schema\/logo\/image\/"},"sameAs":["https:\/\/www.facebook.com\/RFBLegal\/","https:\/\/www.linkedin.com\/uas\/login?session_redirect=company2012282","https:\/\/www.instagram.com\/rfb_legal\/"]}]}},"_links":{"self":[{"href":"https:\/\/rfblegal.co.uk\/de\/wp-json\/wp\/v2\/pages\/2502","targetHints":{"allow":["GET"]}}],"collection":[{"href":"https:\/\/rfblegal.co.uk\/de\/wp-json\/wp\/v2\/pages"}],"about":[{"href":"https:\/\/rfblegal.co.uk\/de\/wp-json\/wp\/v2\/types\/page"}],"author":[{"embeddable":true,"href":"https:\/\/rfblegal.co.uk\/de\/wp-json\/wp\/v2\/users\/1"}],"replies":[{"embeddable":true,"href":"https:\/\/rfblegal.co.uk\/de\/wp-json\/wp\/v2\/comments?post=2502"}],"version-history":[{"count":2,"href":"https:\/\/rfblegal.co.uk\/de\/wp-json\/wp\/v2\/pages\/2502\/revisions"}],"predecessor-version":[{"id":9325,"href":"https:\/\/rfblegal.co.uk\/de\/wp-json\/wp\/v2\/pages\/2502\/revisions\/9325"}],"up":[{"embeddable":true,"href":"https:\/\/rfblegal.co.uk\/de\/wp-json\/wp\/v2\/pages\/429"}],"wp:featuredmedia":[{"embeddable":true,"href":"https:\/\/rfblegal.co.uk\/de\/wp-json\/wp\/v2\/media\/3404"}],"wp:attachment":[{"href":"https:\/\/rfblegal.co.uk\/de\/wp-json\/wp\/v2\/media?parent=2502"}],"curies":[{"name":"wp","href":"https:\/\/api.w.org\/{rel}","templated":true}]}}