{"id":2490,"date":"2024-02-21T16:17:43","date_gmt":"2024-02-21T16:17:43","guid":{"rendered":"https:\/\/rfblegal.co.uk\/?page_id=2490"},"modified":"2025-09-04T18:32:22","modified_gmt":"2025-09-04T18:32:22","slug":"baustreitigkeiten","status":"publish","type":"page","link":"https:\/\/rfblegal.co.uk\/de\/dienstleistungen\/wirtschaftsrecht\/geschaft-mit-immobilienstreitigkeiten\/baustreitigkeiten\/","title":{"rendered":"Baustreitigkeiten"},"content":{"rendered":"<h2 class=\"wp-block-heading has-2-xl-font-size\" style=\"padding-top:var(--wp--preset--spacing--20);padding-bottom:var(--wp--preset--spacing--20);font-style:normal;font-weight:600\">Bauwesen<\/h2>\n\n\n\n<h4 class=\"wp-block-heading has-lg-font-size\" style=\"padding-top:var(--wp--preset--spacing--20);padding-bottom:var(--wp--preset--spacing--20);font-style:normal;font-weight:500\"><strong>Unser gut etabliertes Bauteam verf\u00fcgt \u00fcber umfangreiche Erfahrung in der Beratung von Arbeitgebern, Hauptauftragnehmern und Subunternehmern in einer Vielzahl von Baustreitigkeiten.<\/strong><\/h4>\n\n\n\n<p style=\"padding-top:var(--wp--preset--spacing--20);padding-bottom:var(--wp--preset--spacing--20)\">Unsere Mandanten kommen aus dem gesamten Bausektor, einschlie\u00dflich Arbeitgebern, Haupt- und Subunternehmern sowie Baufachleuten (z. B. Architekten). Wir sind erfahren in der Vertretung und Beratung bei einer Vielzahl von Baustreitigkeiten, die sich aus dem gesamten Spektrum von Bauvertr\u00e4gen sowie aus ma\u00dfgeschneiderten schriftlichen (oder m\u00fcndlichen) Vereinbarungen ergeben. Wir sind versiert im Umgang mit Streitigkeiten, die von \u2018Smash-and-grab\u2019\/Final-Account-Schiedsverfahren bis hin zur Beratung von Kunden in Bezug auf Verz\u00f6gerungsanspr\u00fcche sowie den stark umstrittenen Bereich der K\u00fcndigung reichen.<\/p>\n\n\n\n<p style=\"padding-top:var(--wp--preset--spacing--20);padding-bottom:var(--wp--preset--spacing--20)\">Wir bewerten das Ziel eines jeden Kunden und entwickeln eine praktische, umsetzbare Strategie, die am besten geeignet ist, das gew\u00fcnschte Ergebnis zu erreichen, sei es durch Verhandlungen, Mediation, Adjudikation oder gegebenenfalls durch ein Verfahren vor dem Gericht f\u00fcr Technik und Bauwesen. &nbsp;<\/p>\n\n\n\n<p style=\"padding-top:var(--wp--preset--spacing--20);padding-bottom:var(--wp--preset--spacing--20)\"><strong>Zu den j\u00fcngsten F\u00e4llen geh\u00f6ren:<\/strong><\/p>\n\n\n\n<p style=\"padding-top:0;padding-right:var(--wp--preset--spacing--50);padding-bottom:0;padding-left:var(--wp--preset--spacing--50)\">- Verteidigung eines im Ausland ans\u00e4ssigen Arbeitgebers in einem millionenschweren Schiedsgerichtsverfahren, das der Hauptauftragnehmer gegen ihn wegen Arbeiten an einem <a href=\"https:\/\/rfblegal.co.uk\/de\/dienstleistungen\/personenrecht\/wohneigentum\/\">Wohnen<\/a> Immobilie in Mayfair, London. In Zusammenarbeit mit spezialisierten Anw\u00e4lten haben wir die Klage in vollem Umfang erfolgreich verteidigt.<\/p>\n\n\n\n<p style=\"padding-top:0;padding-right:var(--wp--preset--spacing--50);padding-bottom:0;padding-left:var(--wp--preset--spacing--50)\">- Vertretung eines Bauunternehmers in einem gleichzeitigen Schiedsgerichtsverfahren: ein Schiedsgerichtsverfahren \u00fcber die Endabrechnung von Arbeiten, die in <a href=\"https:\/\/rfblegal.co.uk\/de\/dienstleistungen\/wirtschaftsrecht\/handelsprozess\/streitigkeiten-uber-gewerbeimmobilien\/\">Gewerbeimmobilie<\/a> in einer Bl\u00fctezeit <a href=\"https:\/\/rfblegal.co.uk\/de\/standort\/\">Standort<\/a> im Zentrum Londons gem\u00e4\u00df den Bedingungen eines ma\u00dfgeschneiderten schriftlichen Vertrags; und im zweiten Fall handelt es sich um eine \"Smash-and-Grab\"-Entscheidung im Zusammenhang mit Arbeiten an einem Geb\u00e4ude in S\u00fcdwest-London gem\u00e4\u00df den Bedingungen eines m\u00fcndlichen Vertrags.<\/p>\n\n\n\n<p style=\"padding-top:0;padding-right:var(--wp--preset--spacing--50);padding-bottom:0;padding-left:var(--wp--preset--spacing--50)\">- Erfolgreiche Verteidigung eines Hauptauftragnehmers in einem Adjudikationsverfahren, das von einem Subunternehmer gegen ihn angestrengt wurde und sich auf Arbeiten an einer gro\u00dfen Wohnanlage in Eastbourne, East Sussex, bezog. Der Auftraggeber verlangte die Zahlung von \u00fcber 150.000 Pfund, wobei er auch die G\u00fcltigkeit einer Pay Less Notice bestritt.<\/p>\n\n\n\n<p style=\"padding-top:0;padding-right:var(--wp--preset--spacing--50);padding-bottom:0;padding-left:var(--wp--preset--spacing--50)\">- Vermittlung im Namen eines Baulogistikunternehmens in einem Zahlungsstreit gegen einen der gr\u00f6\u00dften privaten Hauptauftragnehmer des Vereinigten K\u00f6nigreichs im Zusammenhang mit der Bereitstellung von Arbeitskr\u00e4ften f\u00fcr verschiedene Bauprojekte im Vereinigten K\u00f6nigreich.<\/p>\n\n\n\n<p style=\"padding-top:0;padding-right:var(--wp--preset--spacing--50);padding-bottom:0;padding-left:var(--wp--preset--spacing--50)\">- Vertretung von zwei verm\u00f6genden Privatpersonen in einer Klage wegen Vertragsbruchs und falscher Angaben gegen ein gro\u00dfes britisches Bauunternehmen im Wert von \u00fcber 1 Million Pfund, die sich auf mangelhafte Arbeiten an einer hochspezialisierten Wohnanlage in Bath bezog.<\/p>\n\n\n\n<p style=\"padding-top:var(--wp--preset--spacing--20);padding-bottom:var(--wp--preset--spacing--20)\"><\/p>","protected":false},"excerpt":{"rendered":"<p>Construction Our well-established Construction team has extensive experience in advising employers, main contractors, and sub-contractors across a broad range of construction disputes. Our clients span the whole construction sector, including employers, main\/sub-contractors, and construction professionals (such as architects). We are experienced acting in and advising on a multitude of construction disputes arising out of the &hellip; <a href=\"https:\/\/rfblegal.co.uk\/de\/dienstleistungen\/wirtschaftsrecht\/geschaft-mit-immobilienstreitigkeiten\/baustreitigkeiten\/\">Continued<\/a><\/p>","protected":false},"author":1,"featured_media":2739,"parent":2476,"menu_order":0,"comment_status":"closed","ping_status":"closed","template":"tier3-template.blade.php","meta":{"_acf_changed":false,"om_disable_all_campaigns":false,"_uf_show_specific_survey":0,"_uf_disable_surveys":false,"footnotes":""},"class_list":["post-2490","page","type-page","status-publish","has-post-thumbnail","hentry"],"acf":[],"aioseo_notices":[],"yoast_head":"<!-- This site is optimized with the Yoast SEO plugin v27.2 - https:\/\/yoast.com\/product\/yoast-seo-wordpress\/ -->\n<title>Construction Disputes - RFB Legal<\/title>\n<meta name=\"description\" content=\"Our well-established Construction team has extensive experience in advising employers\" \/>\n<meta name=\"robots\" content=\"index, follow, max-snippet:-1, max-image-preview:large, max-video-preview:-1\" \/>\n<link rel=\"canonical\" href=\"https:\/\/rfblegal.co.uk\/de\/dienstleistungen\/wirtschaftsrecht\/geschaft-mit-immobilienstreitigkeiten\/baustreitigkeiten\/\" \/>\n<meta property=\"og:locale\" content=\"de_DE\" \/>\n<meta property=\"og:type\" content=\"article\" \/>\n<meta property=\"og:title\" content=\"Construction Disputes - RFB Legal\" \/>\n<meta property=\"og:description\" content=\"Our well-established Construction team has extensive experience in advising employers\" \/>\n<meta property=\"og:url\" content=\"https:\/\/rfblegal.co.uk\/de\/dienstleistungen\/wirtschaftsrecht\/geschaft-mit-immobilienstreitigkeiten\/baustreitigkeiten\/\" \/>\n<meta property=\"og:site_name\" content=\"RFB Legal\" \/>\n<meta property=\"article:publisher\" content=\"https:\/\/www.facebook.com\/RFBLegal\/\" \/>\n<meta property=\"article:modified_time\" content=\"2025-09-04T18:32:22+00:00\" \/>\n<meta property=\"og:image\" content=\"https:\/\/rfblegal.co.uk\/wp-content\/uploads\/2024\/02\/Construction.jpg\" \/>\n\t<meta property=\"og:image:width\" content=\"1440\" \/>\n\t<meta property=\"og:image:height\" content=\"550\" \/>\n\t<meta property=\"og:image:type\" content=\"image\/jpeg\" \/>\n<meta name=\"twitter:card\" content=\"summary_large_image\" \/>\n<meta name=\"twitter:label1\" content=\"Est. reading time\" \/>\n\t<meta name=\"twitter:data1\" content=\"2\u00a0Minuten\" \/>\n<script type=\"application\/ld+json\" class=\"yoast-schema-graph\">{\"@context\":\"https:\/\/schema.org\",\"@graph\":[{\"@type\":\"WebPage\",\"@id\":\"https:\/\/rfblegal.co.uk\/services\/business-law\/property-litigation-business\/construction-disputes\/\",\"url\":\"https:\/\/rfblegal.co.uk\/services\/business-law\/property-litigation-business\/construction-disputes\/\",\"name\":\"Construction Disputes - RFB Legal\",\"isPartOf\":{\"@id\":\"https:\/\/rfblegal.co.uk\/#website\"},\"primaryImageOfPage\":{\"@id\":\"https:\/\/rfblegal.co.uk\/services\/business-law\/property-litigation-business\/construction-disputes\/#primaryimage\"},\"image\":{\"@id\":\"https:\/\/rfblegal.co.uk\/services\/business-law\/property-litigation-business\/construction-disputes\/#primaryimage\"},\"thumbnailUrl\":\"https:\/\/rfblegal.co.uk\/wp-content\/uploads\/2024\/02\/Construction.jpg\",\"datePublished\":\"2024-02-21T16:17:43+00:00\",\"dateModified\":\"2025-09-04T18:32:22+00:00\",\"description\":\"Our well-established Construction team has extensive experience in advising employers\",\"breadcrumb\":{\"@id\":\"https:\/\/rfblegal.co.uk\/services\/business-law\/property-litigation-business\/construction-disputes\/#breadcrumb\"},\"inLanguage\":\"de\",\"potentialAction\":[{\"@type\":\"ReadAction\",\"target\":[\"https:\/\/rfblegal.co.uk\/services\/business-law\/property-litigation-business\/construction-disputes\/\"]}]},{\"@type\":\"ImageObject\",\"inLanguage\":\"de\",\"@id\":\"https:\/\/rfblegal.co.uk\/services\/business-law\/property-litigation-business\/construction-disputes\/#primaryimage\",\"url\":\"https:\/\/rfblegal.co.uk\/wp-content\/uploads\/2024\/02\/Construction.jpg\",\"contentUrl\":\"https:\/\/rfblegal.co.uk\/wp-content\/uploads\/2024\/02\/Construction.jpg\",\"width\":1440,\"height\":550},{\"@type\":\"BreadcrumbList\",\"@id\":\"https:\/\/rfblegal.co.uk\/services\/business-law\/property-litigation-business\/construction-disputes\/#breadcrumb\",\"itemListElement\":[{\"@type\":\"ListItem\",\"position\":1,\"name\":\"Home\",\"item\":\"https:\/\/rfblegal.co.uk\/\"},{\"@type\":\"ListItem\",\"position\":2,\"name\":\"Services\",\"item\":\"https:\/\/rfblegal.co.uk\/services\/\"},{\"@type\":\"ListItem\",\"position\":3,\"name\":\"Business Law\",\"item\":\"https:\/\/rfblegal.co.uk\/services\/business-law\/\"},{\"@type\":\"ListItem\",\"position\":4,\"name\":\"Commercial Property Litigation\",\"item\":\"https:\/\/rfblegal.co.uk\/services\/business-law\/property-litigation-business\/\"},{\"@type\":\"ListItem\",\"position\":5,\"name\":\"Construction Disputes\"}]},{\"@type\":\"WebSite\",\"@id\":\"https:\/\/rfblegal.co.uk\/#website\",\"url\":\"https:\/\/rfblegal.co.uk\/\",\"name\":\"RFB Legal\",\"description\":\"\",\"publisher\":{\"@id\":\"https:\/\/rfblegal.co.uk\/#organization\"},\"potentialAction\":[{\"@type\":\"SearchAction\",\"target\":{\"@type\":\"EntryPoint\",\"urlTemplate\":\"https:\/\/rfblegal.co.uk\/?s={search_term_string}\"},\"query-input\":{\"@type\":\"PropertyValueSpecification\",\"valueRequired\":true,\"valueName\":\"search_term_string\"}}],\"inLanguage\":\"de\"},{\"@type\":\"Organization\",\"@id\":\"https:\/\/rfblegal.co.uk\/#organization\",\"name\":\"RFB Legal\",\"url\":\"https:\/\/rfblegal.co.uk\/\",\"logo\":{\"@type\":\"ImageObject\",\"inLanguage\":\"de\",\"@id\":\"https:\/\/rfblegal.co.uk\/#\/schema\/logo\/image\/\",\"url\":\"https:\/\/rfblegal.co.uk\/wp-content\/uploads\/2024\/01\/header_company_logo.svg\",\"contentUrl\":\"https:\/\/rfblegal.co.uk\/wp-content\/uploads\/2024\/01\/header_company_logo.svg\",\"caption\":\"RFB Legal\"},\"image\":{\"@id\":\"https:\/\/rfblegal.co.uk\/#\/schema\/logo\/image\/\"},\"sameAs\":[\"https:\/\/www.facebook.com\/RFBLegal\/\",\"https:\/\/www.linkedin.com\/uas\/login?session_redirect=company2012282\",\"https:\/\/www.instagram.com\/rfb_legal\/\"]}]}<\/script>\n<!-- \/ Yoast SEO plugin. -->","yoast_head_json":{"title":"Streitigkeiten im Bauwesen - RFB Legal","description":"Unser gut etabliertes Bauteam verf\u00fcgt \u00fcber umfangreiche Erfahrung in der Beratung von Arbeitgebern","robots":{"index":"index","follow":"follow","max-snippet":"max-snippet:-1","max-image-preview":"max-image-preview:large","max-video-preview":"max-video-preview:-1"},"canonical":"https:\/\/rfblegal.co.uk\/de\/dienstleistungen\/wirtschaftsrecht\/geschaft-mit-immobilienstreitigkeiten\/baustreitigkeiten\/","og_locale":"de_DE","og_type":"article","og_title":"Construction Disputes - RFB Legal","og_description":"Our well-established Construction team has extensive experience in advising employers","og_url":"https:\/\/rfblegal.co.uk\/de\/dienstleistungen\/wirtschaftsrecht\/geschaft-mit-immobilienstreitigkeiten\/baustreitigkeiten\/","og_site_name":"RFB Legal","article_publisher":"https:\/\/www.facebook.com\/RFBLegal\/","article_modified_time":"2025-09-04T18:32:22+00:00","og_image":[{"width":1440,"height":550,"url":"https:\/\/rfblegal.co.uk\/wp-content\/uploads\/2024\/02\/Construction.jpg","type":"image\/jpeg"}],"twitter_card":"summary_large_image","twitter_misc":{"Est. reading time":"2\u00a0Minuten"},"schema":{"@context":"https:\/\/schema.org","@graph":[{"@type":"WebPage","@id":"https:\/\/rfblegal.co.uk\/services\/business-law\/property-litigation-business\/construction-disputes\/","url":"https:\/\/rfblegal.co.uk\/services\/business-law\/property-litigation-business\/construction-disputes\/","name":"Streitigkeiten im Bauwesen - RFB Legal","isPartOf":{"@id":"https:\/\/rfblegal.co.uk\/#website"},"primaryImageOfPage":{"@id":"https:\/\/rfblegal.co.uk\/services\/business-law\/property-litigation-business\/construction-disputes\/#primaryimage"},"image":{"@id":"https:\/\/rfblegal.co.uk\/services\/business-law\/property-litigation-business\/construction-disputes\/#primaryimage"},"thumbnailUrl":"https:\/\/rfblegal.co.uk\/wp-content\/uploads\/2024\/02\/Construction.jpg","datePublished":"2024-02-21T16:17:43+00:00","dateModified":"2025-09-04T18:32:22+00:00","description":"Unser gut etabliertes Bauteam verf\u00fcgt \u00fcber umfangreiche Erfahrung in der Beratung von Arbeitgebern","breadcrumb":{"@id":"https:\/\/rfblegal.co.uk\/services\/business-law\/property-litigation-business\/construction-disputes\/#breadcrumb"},"inLanguage":"de","potentialAction":[{"@type":"ReadAction","target":["https:\/\/rfblegal.co.uk\/services\/business-law\/property-litigation-business\/construction-disputes\/"]}]},{"@type":"ImageObject","inLanguage":"de","@id":"https:\/\/rfblegal.co.uk\/services\/business-law\/property-litigation-business\/construction-disputes\/#primaryimage","url":"https:\/\/rfblegal.co.uk\/wp-content\/uploads\/2024\/02\/Construction.jpg","contentUrl":"https:\/\/rfblegal.co.uk\/wp-content\/uploads\/2024\/02\/Construction.jpg","width":1440,"height":550},{"@type":"BreadcrumbList","@id":"https:\/\/rfblegal.co.uk\/services\/business-law\/property-litigation-business\/construction-disputes\/#breadcrumb","itemListElement":[{"@type":"ListItem","position":1,"name":"Home","item":"https:\/\/rfblegal.co.uk\/"},{"@type":"ListItem","position":2,"name":"Services","item":"https:\/\/rfblegal.co.uk\/services\/"},{"@type":"ListItem","position":3,"name":"Business Law","item":"https:\/\/rfblegal.co.uk\/services\/business-law\/"},{"@type":"ListItem","position":4,"name":"Commercial Property Litigation","item":"https:\/\/rfblegal.co.uk\/services\/business-law\/property-litigation-business\/"},{"@type":"ListItem","position":5,"name":"Construction Disputes"}]},{"@type":"WebSite","@id":"https:\/\/rfblegal.co.uk\/#website","url":"https:\/\/rfblegal.co.uk\/","name":"RFB Legal","description":"","publisher":{"@id":"https:\/\/rfblegal.co.uk\/#organization"},"potentialAction":[{"@type":"SearchAction","target":{"@type":"EntryPoint","urlTemplate":"https:\/\/rfblegal.co.uk\/?s={search_term_string}"},"query-input":{"@type":"PropertyValueSpecification","valueRequired":true,"valueName":"search_term_string"}}],"inLanguage":"de"},{"@type":"Organization","@id":"https:\/\/rfblegal.co.uk\/#organization","name":"RFB Legal","url":"https:\/\/rfblegal.co.uk\/","logo":{"@type":"ImageObject","inLanguage":"de","@id":"https:\/\/rfblegal.co.uk\/#\/schema\/logo\/image\/","url":"https:\/\/rfblegal.co.uk\/wp-content\/uploads\/2024\/01\/header_company_logo.svg","contentUrl":"https:\/\/rfblegal.co.uk\/wp-content\/uploads\/2024\/01\/header_company_logo.svg","caption":"RFB Legal"},"image":{"@id":"https:\/\/rfblegal.co.uk\/#\/schema\/logo\/image\/"},"sameAs":["https:\/\/www.facebook.com\/RFBLegal\/","https:\/\/www.linkedin.com\/uas\/login?session_redirect=company2012282","https:\/\/www.instagram.com\/rfb_legal\/"]}]}},"_links":{"self":[{"href":"https:\/\/rfblegal.co.uk\/de\/wp-json\/wp\/v2\/pages\/2490","targetHints":{"allow":["GET"]}}],"collection":[{"href":"https:\/\/rfblegal.co.uk\/de\/wp-json\/wp\/v2\/pages"}],"about":[{"href":"https:\/\/rfblegal.co.uk\/de\/wp-json\/wp\/v2\/types\/page"}],"author":[{"embeddable":true,"href":"https:\/\/rfblegal.co.uk\/de\/wp-json\/wp\/v2\/users\/1"}],"replies":[{"embeddable":true,"href":"https:\/\/rfblegal.co.uk\/de\/wp-json\/wp\/v2\/comments?post=2490"}],"version-history":[{"count":1,"href":"https:\/\/rfblegal.co.uk\/de\/wp-json\/wp\/v2\/pages\/2490\/revisions"}],"predecessor-version":[{"id":6968,"href":"https:\/\/rfblegal.co.uk\/de\/wp-json\/wp\/v2\/pages\/2490\/revisions\/6968"}],"up":[{"embeddable":true,"href":"https:\/\/rfblegal.co.uk\/de\/wp-json\/wp\/v2\/pages\/2476"}],"wp:featuredmedia":[{"embeddable":true,"href":"https:\/\/rfblegal.co.uk\/de\/wp-json\/wp\/v2\/media\/2739"}],"wp:attachment":[{"href":"https:\/\/rfblegal.co.uk\/de\/wp-json\/wp\/v2\/media?parent=2490"}],"curies":[{"name":"wp","href":"https:\/\/api.w.org\/{rel}","templated":true}]}}