{"id":2476,"date":"2024-02-21T16:14:04","date_gmt":"2024-02-21T16:14:04","guid":{"rendered":"https:\/\/rfblegal.co.uk\/?page_id=2476"},"modified":"2026-04-22T10:08:49","modified_gmt":"2026-04-22T10:08:49","slug":"geschaft-mit-immobilienstreitigkeiten","status":"publish","type":"page","link":"https:\/\/rfblegal.co.uk\/de\/dienstleistungen\/wirtschaftsrecht\/geschaft-mit-immobilienstreitigkeiten\/","title":{"rendered":"Rechtsstreitigkeiten im Bereich Gewerbeimmobilien"},"content":{"rendered":"<h2 class=\"wp-block-heading has-2-xl-font-size\" style=\"padding-top:var(--wp--preset--spacing--20);padding-bottom:var(--wp--preset--spacing--20);font-style:normal;font-weight:600\">Rechtsstreitigkeiten im Bereich Gewerbeimmobilien<\/h2>\n\n\n\n<h4 class=\"wp-block-heading has-lg-font-size\" style=\"padding-top:var(--wp--preset--spacing--20);padding-bottom:var(--wp--preset--spacing--20);font-style:normal;font-weight:500\"><strong>Die&nbsp;<em>\u2018technisch versiert, sehr reaktionsschnell und strategisch\u2019.\u2019<\/em>&nbsp;Das Property Litigation Team ist in der Branche hoch angesehen.  Das Team ist auf allen Ebenen au\u00dferordentlich talentiert, und seine Partner sind f\u00fchrend in Angelegenheiten, die sich auf Gewerbe-, Wohn- und gemischt genutzte Immobilien, Unternehmensnutzer, widerrechtlichen Besitz, Enfranchisement und Wegerechte, einschlie\u00dflich Rechtsstreitigkeiten \u00fcber das Licht, beziehen.<\/strong><\/h4>\n\n\n\n<p style=\"padding-top:var(--wp--preset--spacing--20);padding-bottom:var(--wp--preset--spacing--20)\">Wir haben uns den Ruf erworben, selbst scheinbar unl\u00f6sbare Probleme durch neuartige und taktisch kluge Herangehensweisen an Streitigkeiten l\u00f6sen zu k\u00f6nnen. Das Team wird h\u00e4ufig von Verm\u00f6gensverwaltern, Investoren, sozialen Unternehmen und Wohlt\u00e4tigkeitsorganisationen, Bautr\u00e4gern und Privatpersonen (einschlie\u00dflich sehr verm\u00f6gender Privatpersonen) aufgesucht, die Unterst\u00fctzung sowohl im Wohn- als auch im Gewerbebereich suchen, und wird regelm\u00e4\u00dfig mit einer Vielzahl von Angelegenheiten betraut, die sich auf folgende Bereiche beziehen: Immobilienportfolio, Entwicklung und Sanierung, wie z. B. Leerstandsstrategien, Grenzstreitigkeiten und Verwirkungs-\/Eigentumsverfahren.<\/p>\n\n\n\n<p style=\"padding-top:var(--wp--preset--spacing--20);padding-bottom:var(--wp--preset--spacing--20)\">Als hochqualifizierte Prozessanw\u00e4lte werden wir h\u00e4ufig beauftragt, vor den County Courts, High Courts, Tribunals, Court of Appeal und Supreme Court zu prozessieren. Das Team ist sich auch bewusst, dass ein Rechtsstreit vor den Gerichten und Tribunalen oft der letzte Ausweg f\u00fcr den Mandanten ist, und kennt sich mit allen Aspekten der alternativen Streitbeilegung aus, einschlie\u00dflich der L\u00f6sung von Angelegenheiten in einem vorgerichtlichen Stadium, der Teilnahme an Mediationen, Sachverst\u00e4ndigengutachten, Schiedsverfahren und anderen Formen der alternativen Streitbeilegung.<\/p>\n\n\n\n<p style=\"padding-top:var(--wp--preset--spacing--20);padding-bottom:var(--wp--preset--spacing--20)\">Unsere Kunden sch\u00e4tzen unsere Erfahrung, unsere Branchenkenntnis und unseren kooperativen Ansatz, der es uns erm\u00f6glicht, uns als integraler Bestandteil ihres Teams einzubringen, um ihre Ziele zu erreichen und die gew\u00fcnschten Ergebnisse zu liefern, unabh\u00e4ngig von dem vom Kunden geforderten Zeitplan und\/oder dem Umfang und der Komplexit\u00e4t des Streitfalls.<\/p>\n\n\n\n<p style=\"padding-top:var(--wp--preset--spacing--20);padding-bottom:var(--wp--preset--spacing--20)\">\t\t\t\t\t\t<style>\r\n\t\t\t\t<style>\r\n#wpsm_accordion_3028 .wpsm_panel-heading{\r\n\tpadding:0px !important;\r\n}\r\n#wpsm_accordion_3028 .wpsm_panel-title {\r\n\tmargin:0px !important; \r\n\ttext-transform:none !important;\r\n\tline-height: 1 !important;\r\n}\r\n#wpsm_accordion_3028 .wpsm_panel-title a{\r\n\ttext-decoration:none;\r\n\toverflow:hidden;\r\n\tdisplay:block;\r\n\tpadding:0px;\r\n\tfont-size: 18px !important;\r\n\tfont-family: Open Sans !important;\r\n\tcolor:#000000 !important;\r\n\tborder-bottom:0px !important;\r\n}\r\n\r\n#wpsm_accordion_3028 .wpsm_panel-title a:focus {\r\noutline: 0px !important;\r\n}\r\n\r\n#wpsm_accordion_3028 .wpsm_panel-title a:hover, #wpsm_accordion_3028 .wpsm_panel-title a:focus {\r\n\tcolor:#000000 !important;\r\n}\r\n#wpsm_accordion_3028 .acc-a{\r\n\tcolor: #000000 !important;\r\n\tbackground-color:#e8e8e8 !important;\r\n\tborder-color: #ddd;\r\n}\r\n#wpsm_accordion_3028 .wpsm_panel-default > .wpsm_panel-heading{\r\n\tcolor: #000000 !important;\r\n\tbackground-color: #e8e8e8 !important;\r\n\tborder-color: #e8e8e8 !important;\r\n\tborder-top-left-radius: 0px;\r\n\tborder-top-right-radius: 0px;\r\n}\r\n#wpsm_accordion_3028 .wpsm_panel-default {\r\n\t\tborder:1px solid transparent !important;\r\n\t}\r\n#wpsm_accordion_3028 {\r\n\tmargin-bottom: 20px;\r\n\toverflow: hidden;\r\n\tfloat: none;\r\n\twidth: 100%;\r\n\tdisplay: block;\r\n}\r\n#wpsm_accordion_3028 .ac_title_class{\r\n\tdisplay: block;\r\n\tpadding-top: 12px;\r\n\tpadding-bottom: 12px;\r\n\tpadding-left: 15px;\r\n\tpadding-right: 15px;\r\n}\r\n#wpsm_accordion_3028  .wpsm_panel {\r\n\toverflow:hidden;\r\n\t-webkit-box-shadow: 0 0px 0px rgba(0, 0, 0, .05);\r\n\tbox-shadow: 0 0px 0px rgba(0, 0, 0, .05);\r\n\t\tborder-radius: 4px;\r\n\t}\r\n#wpsm_accordion_3028  .wpsm_panel + .wpsm_panel {\r\n\t\tmargin-top: 5px;\r\n\t}\r\n#wpsm_accordion_3028  .wpsm_panel-body{\r\n\tbackground-color:#ffffff !important;\r\n\tcolor:#000000 !important;\r\n\tborder-top-color: #e8e8e8 !important;\r\n\tfont-size:16px !important;\r\n\tfont-family: Open Sans !important;\r\n\toverflow: hidden;\r\n\t\tborder: 2px solid #e8e8e8 !important;\r\n\t}\r\n\r\n#wpsm_accordion_3028 .ac_open_cl_icon{\r\n\tbackground-color:#e8e8e8 !important;\r\n\tcolor: #000000 !important;\r\n\tfloat:right !important;\r\n\tpadding-top: 12px !important;\r\n\tpadding-bottom: 12px !important;\r\n\tline-height: 1.0 !important;\r\n\tpadding-left: 15px !important;\r\n\tpadding-right: 15px !important;\r\n\tdisplay: inline-block !important;\r\n}\r\n\r\n\t\t\t\r\n\t\t\t<\/style>\t\r\n\t\t\t<\/style>\r\n\t\t\t<div class=\"wpsm_panel-group\" id=\"wpsm_accordion_3028\" >\r\n\t\t\t\t\t\t\t\t\r\n\t\t\t\t\t<!-- Inner panel Start -->\r\n\t\t\t\t\t<div class=\"wpsm_panel wpsm_panel-default\">\r\n\t\t\t\t\t\t<div class=\"wpsm_panel-heading\" role=\"tab\" >\r\n\t\t\t\t\t\t  <h4 class=\"wpsm_panel-title\">\r\n\t\t\t\t\t\t\t<a  class=\"\"  data-toggle=\"collapse\" data-parent=\"#wpsm_accordion_3028 \" href=\"javascript:void(0)\" data-target=\"#ac_3028_collapse1\" onclick=\"do_resize()\">\r\n\t\t\t\t\t\t\t\t\t\t\t\t\t\t\t\t\t<span class=\"ac_open_cl_icon fa fa-minus\"><\/span>\r\n\t\t\t\t\t\t\t\t\t\r\n\t\t\t\t\t\t\t\t \r\n\t\t\t\t\t\t\t\t<span class=\"ac_title_class\">\r\n\t\t\t\t\t\t\t\t\tEXPERTISE :\t\t\t\t\t\t\t\t<\/span>\r\n\t\t\t\t\t\t\t<\/a>\r\n\t\t\t\t\t\t  <\/h4>\r\n\t\t\t\t\t\t<\/div>\r\n\t\t\t\t\t\t<div id=\"ac_3028_collapse1\" class=\"wpsm_panel-collapse collapse in\"  >\r\n\t\t\t\t\t\t  <div class=\"wpsm_panel-body\">\r\n\t\t\t\t\t\t\t<ul>\r\n \t<li>- Schiedsgerichtsbarkeit<\/li>\r\n \t<li>- Nachteiliger Besitz<\/li>\r\n \t<li>- Angefochtene und unangefochtene Mietvertragsverl\u00e4ngerungen<\/li>\r\n \t<li>- Anspr\u00fcche wegen Bauf\u00e4lligkeit und\/oder Instandsetzung<\/li>\r\n \t<li>- Verwirkung<\/li>\r\n \t<li>- Streitigkeiten \u00fcber gemeinsames Eigentum<\/li>\r\n \t<li>- Joint-Venture-Streitigkeiten<\/li>\r\n \t<li>- Streitigkeiten \u00fcber Trennw\u00e4nde<\/li>\r\n \t<li>- Erbbaurecht und Verl\u00e4ngerung von Mietvertr\u00e4gen<\/li>\r\n \t<li>- Rechtsstreitigkeiten zwischen Vermietern und Mietern (Gewerbe und Wohnen)<\/li>\r\n \t<li>- Mediation<\/li>\r\n \t<li>- Besitzstandsverfahren<\/li>\r\n \t<li>- Lichtrechte und Wegerechte<\/li>\r\n \t<li>- Streitigkeiten \u00fcber Nebenkosten und Mietr\u00fcckst\u00e4nde<\/li>\r\n \t<li>- Streitigkeiten im Telekommunikationsbereich<\/li>\r\n \t<li>- Strategien f\u00fcr leerstehenden Besitz<\/li>\r\n \t<li><a href=\"https:\/\/rfblegal.co.uk\/index.php\/litigation\/property-litigation\/contentious-probate-litigation\">- Streitige Nachlassangelegenheiten<\/a><\/li>\r\n \t<li><a href=\"https:\/\/rfblegal.co.uk\/index.php\/litigation\/property-litigation\/construction\">- Konstruktion<\/a><\/li>\r\n \t<li>- Mietvertragsverl\u00e4ngerungen gem\u00e4\u00df dem Landlord and Tenant Act 1954<\/li>\r\n<\/ul>\t\t\t\t\t\t  <\/div>\r\n\t\t\t\t\t\t<\/div>\r\n\t\t\t\t\t<\/div>\r\n\t\t\t\t\t<!-- Inner panel End -->\r\n\t\t\t\t\t\r\n\t\t\t\t\t\t\t<\/div>\r\n\t\t\t\r\n<script type=\"text\/javascript\">\r\n\t\r\n\t\tfunction do_resize(){\r\n\r\n\t\t\tvar width=jQuery( '.wpsm_panel .wpsm_panel-body iframe' ).width();\r\n\t\t\tvar height=jQuery( '.wpsm_panel .wpsm_panel-body iframe' ).height();\r\n\r\n\t\t\tvar toggleSize = true;\r\n\t\t\tjQuery('iframe').animate({\r\n\t\t\t    width: toggleSize ? width : 640,\r\n\t\t\t    height: toggleSize ? height : 360\r\n\t\t\t  }, 250);\r\n\r\n\t\t\t  toggleSize = !toggleSize;\r\n\t\t}\r\n\t\t\r\n<\/script>\t<\/p>","protected":false},"excerpt":{"rendered":"<p>Rechtsstreitigkeiten im Bereich Gewerbeimmobilien Das \u2018technisch versierte, sehr reaktionsschnelle und strategische\u2019 Team f\u00fcr Rechtsstreitigkeiten im Bereich Gewerbeimmobilien ist in der Branche hoch angesehen.  Das Team ist auf allen Ebenen au\u00dferordentlich begabt, und seine Partner sind f\u00fchrend in Angelegenheiten, die sich auf Gewerbe-, Wohn- und gemischt genutzte Immobilien, Unternehmensnutzer, widerrechtlichen Besitz, Enfranchisement und Wegerechte, einschlie\u00dflich Rechtsstreitigkeiten \u00fcber das Licht, beziehen. Wir haben uns einen Ruf f\u00fcr ... <a href=\"https:\/\/rfblegal.co.uk\/de\/?p=3028\">Fortsetzung<\/a><\/p>","protected":false},"author":1,"featured_media":5857,"parent":429,"menu_order":0,"comment_status":"closed","ping_status":"closed","template":"tier2-template.blade.php","meta":{"_acf_changed":false,"om_disable_all_campaigns":false,"_uf_show_specific_survey":0,"_uf_disable_surveys":false,"footnotes":""},"class_list":["post-2476","page","type-page","status-publish","has-post-thumbnail","hentry"],"acf":[],"aioseo_notices":[],"yoast_head":"<!-- This site is optimized with the Yoast SEO plugin v27.2 - https:\/\/yoast.com\/product\/yoast-seo-wordpress\/ -->\n<title>Commercial Property Litigation - RFB Legal<\/title>\n<meta name=\"description\" content=\"Commercial Property litigation The&nbsp;&#039;technically-minded, very responsive and strategic&#039;&nbsp;Property Litigation Team are highly regarded in the\" \/>\n<meta name=\"robots\" content=\"index, follow, max-snippet:-1, max-image-preview:large, max-video-preview:-1\" \/>\n<link rel=\"canonical\" href=\"https:\/\/rfblegal.co.uk\/de\/dienstleistungen\/wirtschaftsrecht\/geschaft-mit-immobilienstreitigkeiten\/\" \/>\n<meta property=\"og:locale\" content=\"de_DE\" \/>\n<meta property=\"og:type\" content=\"article\" \/>\n<meta property=\"og:title\" content=\"Commercial Property Litigation - RFB Legal\" \/>\n<meta property=\"og:description\" content=\"Commercial Property litigation The&nbsp;&#039;technically-minded, very responsive and strategic&#039;&nbsp;Property Litigation Team are highly regarded in the\" \/>\n<meta property=\"og:url\" content=\"https:\/\/rfblegal.co.uk\/de\/dienstleistungen\/wirtschaftsrecht\/geschaft-mit-immobilienstreitigkeiten\/\" \/>\n<meta property=\"og:site_name\" content=\"RFB Legal\" \/>\n<meta property=\"article:publisher\" content=\"https:\/\/www.facebook.com\/RFBLegal\/\" \/>\n<meta property=\"article:modified_time\" content=\"2026-04-22T10:08:49+00:00\" \/>\n<meta property=\"og:image\" content=\"https:\/\/rfblegal.co.uk\/wp-content\/uploads\/2025\/03\/AdobeStock_1322515562.jpg\" \/>\n\t<meta property=\"og:image:width\" content=\"2016\" \/>\n\t<meta property=\"og:image:height\" content=\"1344\" \/>\n\t<meta property=\"og:image:type\" content=\"image\/jpeg\" \/>\n<meta name=\"twitter:card\" content=\"summary_large_image\" \/>\n<meta name=\"twitter:label1\" content=\"Est. reading time\" \/>\n\t<meta name=\"twitter:data1\" content=\"2\u00a0Minuten\" \/>\n<script type=\"application\/ld+json\" class=\"yoast-schema-graph\">{\"@context\":\"https:\/\/schema.org\",\"@graph\":[{\"@type\":\"WebPage\",\"@id\":\"https:\/\/rfblegal.co.uk\/services\/business-law\/property-litigation-business\/\",\"url\":\"https:\/\/rfblegal.co.uk\/services\/business-law\/property-litigation-business\/\",\"name\":\"Commercial Property Litigation - RFB Legal\",\"isPartOf\":{\"@id\":\"https:\/\/rfblegal.co.uk\/#website\"},\"primaryImageOfPage\":{\"@id\":\"https:\/\/rfblegal.co.uk\/services\/business-law\/property-litigation-business\/#primaryimage\"},\"image\":{\"@id\":\"https:\/\/rfblegal.co.uk\/services\/business-law\/property-litigation-business\/#primaryimage\"},\"thumbnailUrl\":\"https:\/\/rfblegal.co.uk\/wp-content\/uploads\/2025\/03\/AdobeStock_1322515562.jpg\",\"datePublished\":\"2024-02-21T16:14:04+00:00\",\"dateModified\":\"2026-04-22T10:08:49+00:00\",\"description\":\"Commercial Property litigation The&nbsp;'technically-minded, very responsive and strategic'&nbsp;Property Litigation Team are highly regarded in the\",\"breadcrumb\":{\"@id\":\"https:\/\/rfblegal.co.uk\/services\/business-law\/property-litigation-business\/#breadcrumb\"},\"inLanguage\":\"de\",\"potentialAction\":[{\"@type\":\"ReadAction\",\"target\":[\"https:\/\/rfblegal.co.uk\/services\/business-law\/property-litigation-business\/\"]}]},{\"@type\":\"ImageObject\",\"inLanguage\":\"de\",\"@id\":\"https:\/\/rfblegal.co.uk\/services\/business-law\/property-litigation-business\/#primaryimage\",\"url\":\"https:\/\/rfblegal.co.uk\/wp-content\/uploads\/2025\/03\/AdobeStock_1322515562.jpg\",\"contentUrl\":\"https:\/\/rfblegal.co.uk\/wp-content\/uploads\/2025\/03\/AdobeStock_1322515562.jpg\",\"width\":2016,\"height\":1344},{\"@type\":\"BreadcrumbList\",\"@id\":\"https:\/\/rfblegal.co.uk\/services\/business-law\/property-litigation-business\/#breadcrumb\",\"itemListElement\":[{\"@type\":\"ListItem\",\"position\":1,\"name\":\"Home\",\"item\":\"https:\/\/rfblegal.co.uk\/\"},{\"@type\":\"ListItem\",\"position\":2,\"name\":\"Services\",\"item\":\"https:\/\/rfblegal.co.uk\/services\/\"},{\"@type\":\"ListItem\",\"position\":3,\"name\":\"Business Law\",\"item\":\"https:\/\/rfblegal.co.uk\/services\/business-law\/\"},{\"@type\":\"ListItem\",\"position\":4,\"name\":\"Commercial Property Litigation\"}]},{\"@type\":\"WebSite\",\"@id\":\"https:\/\/rfblegal.co.uk\/#website\",\"url\":\"https:\/\/rfblegal.co.uk\/\",\"name\":\"RFB Legal\",\"description\":\"\",\"publisher\":{\"@id\":\"https:\/\/rfblegal.co.uk\/#organization\"},\"potentialAction\":[{\"@type\":\"SearchAction\",\"target\":{\"@type\":\"EntryPoint\",\"urlTemplate\":\"https:\/\/rfblegal.co.uk\/?s={search_term_string}\"},\"query-input\":{\"@type\":\"PropertyValueSpecification\",\"valueRequired\":true,\"valueName\":\"search_term_string\"}}],\"inLanguage\":\"de\"},{\"@type\":\"Organization\",\"@id\":\"https:\/\/rfblegal.co.uk\/#organization\",\"name\":\"RFB Legal\",\"url\":\"https:\/\/rfblegal.co.uk\/\",\"logo\":{\"@type\":\"ImageObject\",\"inLanguage\":\"de\",\"@id\":\"https:\/\/rfblegal.co.uk\/#\/schema\/logo\/image\/\",\"url\":\"https:\/\/rfblegal.co.uk\/wp-content\/uploads\/2024\/01\/header_company_logo.svg\",\"contentUrl\":\"https:\/\/rfblegal.co.uk\/wp-content\/uploads\/2024\/01\/header_company_logo.svg\",\"caption\":\"RFB Legal\"},\"image\":{\"@id\":\"https:\/\/rfblegal.co.uk\/#\/schema\/logo\/image\/\"},\"sameAs\":[\"https:\/\/www.facebook.com\/RFBLegal\/\",\"https:\/\/www.linkedin.com\/uas\/login?session_redirect=company2012282\",\"https:\/\/www.instagram.com\/rfb_legal\/\"]}]}<\/script>\n<!-- \/ Yoast SEO plugin. -->","yoast_head_json":{"title":"Rechtsstreitigkeiten im Bereich des gewerblichen Eigentums - RFB Legal","description":"Rechtsstreitigkeiten im Bereich Gewerbeimmobilien Das 'technisch versierte, sehr reaktionsschnelle und strategische' Team f\u00fcr Rechtsstreitigkeiten im Bereich Gewerbeimmobilien genie\u00dft hohes Ansehen in der","robots":{"index":"index","follow":"follow","max-snippet":"max-snippet:-1","max-image-preview":"max-image-preview:large","max-video-preview":"max-video-preview:-1"},"canonical":"https:\/\/rfblegal.co.uk\/de\/dienstleistungen\/wirtschaftsrecht\/geschaft-mit-immobilienstreitigkeiten\/","og_locale":"de_DE","og_type":"article","og_title":"Commercial Property Litigation - RFB Legal","og_description":"Commercial Property litigation The&nbsp;'technically-minded, very responsive and strategic'&nbsp;Property Litigation Team are highly regarded in the","og_url":"https:\/\/rfblegal.co.uk\/de\/dienstleistungen\/wirtschaftsrecht\/geschaft-mit-immobilienstreitigkeiten\/","og_site_name":"RFB Legal","article_publisher":"https:\/\/www.facebook.com\/RFBLegal\/","article_modified_time":"2026-04-22T10:08:49+00:00","og_image":[{"width":2016,"height":1344,"url":"https:\/\/rfblegal.co.uk\/wp-content\/uploads\/2025\/03\/AdobeStock_1322515562.jpg","type":"image\/jpeg"}],"twitter_card":"summary_large_image","twitter_misc":{"Est. reading time":"2\u00a0Minuten"},"schema":{"@context":"https:\/\/schema.org","@graph":[{"@type":"WebPage","@id":"https:\/\/rfblegal.co.uk\/services\/business-law\/property-litigation-business\/","url":"https:\/\/rfblegal.co.uk\/services\/business-law\/property-litigation-business\/","name":"Rechtsstreitigkeiten im Bereich des gewerblichen Eigentums - RFB Legal","isPartOf":{"@id":"https:\/\/rfblegal.co.uk\/#website"},"primaryImageOfPage":{"@id":"https:\/\/rfblegal.co.uk\/services\/business-law\/property-litigation-business\/#primaryimage"},"image":{"@id":"https:\/\/rfblegal.co.uk\/services\/business-law\/property-litigation-business\/#primaryimage"},"thumbnailUrl":"https:\/\/rfblegal.co.uk\/wp-content\/uploads\/2025\/03\/AdobeStock_1322515562.jpg","datePublished":"2024-02-21T16:14:04+00:00","dateModified":"2026-04-22T10:08:49+00:00","description":"Rechtsstreitigkeiten im Bereich Gewerbeimmobilien Das 'technisch versierte, sehr reaktionsschnelle und strategische' Team f\u00fcr Rechtsstreitigkeiten im Bereich Gewerbeimmobilien genie\u00dft hohes Ansehen in der","breadcrumb":{"@id":"https:\/\/rfblegal.co.uk\/services\/business-law\/property-litigation-business\/#breadcrumb"},"inLanguage":"de","potentialAction":[{"@type":"ReadAction","target":["https:\/\/rfblegal.co.uk\/services\/business-law\/property-litigation-business\/"]}]},{"@type":"ImageObject","inLanguage":"de","@id":"https:\/\/rfblegal.co.uk\/services\/business-law\/property-litigation-business\/#primaryimage","url":"https:\/\/rfblegal.co.uk\/wp-content\/uploads\/2025\/03\/AdobeStock_1322515562.jpg","contentUrl":"https:\/\/rfblegal.co.uk\/wp-content\/uploads\/2025\/03\/AdobeStock_1322515562.jpg","width":2016,"height":1344},{"@type":"BreadcrumbList","@id":"https:\/\/rfblegal.co.uk\/services\/business-law\/property-litigation-business\/#breadcrumb","itemListElement":[{"@type":"ListItem","position":1,"name":"Home","item":"https:\/\/rfblegal.co.uk\/"},{"@type":"ListItem","position":2,"name":"Services","item":"https:\/\/rfblegal.co.uk\/services\/"},{"@type":"ListItem","position":3,"name":"Business Law","item":"https:\/\/rfblegal.co.uk\/services\/business-law\/"},{"@type":"ListItem","position":4,"name":"Commercial Property Litigation"}]},{"@type":"WebSite","@id":"https:\/\/rfblegal.co.uk\/#website","url":"https:\/\/rfblegal.co.uk\/","name":"RFB Legal","description":"","publisher":{"@id":"https:\/\/rfblegal.co.uk\/#organization"},"potentialAction":[{"@type":"SearchAction","target":{"@type":"EntryPoint","urlTemplate":"https:\/\/rfblegal.co.uk\/?s={search_term_string}"},"query-input":{"@type":"PropertyValueSpecification","valueRequired":true,"valueName":"search_term_string"}}],"inLanguage":"de"},{"@type":"Organization","@id":"https:\/\/rfblegal.co.uk\/#organization","name":"RFB Legal","url":"https:\/\/rfblegal.co.uk\/","logo":{"@type":"ImageObject","inLanguage":"de","@id":"https:\/\/rfblegal.co.uk\/#\/schema\/logo\/image\/","url":"https:\/\/rfblegal.co.uk\/wp-content\/uploads\/2024\/01\/header_company_logo.svg","contentUrl":"https:\/\/rfblegal.co.uk\/wp-content\/uploads\/2024\/01\/header_company_logo.svg","caption":"RFB Legal"},"image":{"@id":"https:\/\/rfblegal.co.uk\/#\/schema\/logo\/image\/"},"sameAs":["https:\/\/www.facebook.com\/RFBLegal\/","https:\/\/www.linkedin.com\/uas\/login?session_redirect=company2012282","https:\/\/www.instagram.com\/rfb_legal\/"]}]}},"_links":{"self":[{"href":"https:\/\/rfblegal.co.uk\/de\/wp-json\/wp\/v2\/pages\/2476","targetHints":{"allow":["GET"]}}],"collection":[{"href":"https:\/\/rfblegal.co.uk\/de\/wp-json\/wp\/v2\/pages"}],"about":[{"href":"https:\/\/rfblegal.co.uk\/de\/wp-json\/wp\/v2\/types\/page"}],"author":[{"embeddable":true,"href":"https:\/\/rfblegal.co.uk\/de\/wp-json\/wp\/v2\/users\/1"}],"replies":[{"embeddable":true,"href":"https:\/\/rfblegal.co.uk\/de\/wp-json\/wp\/v2\/comments?post=2476"}],"version-history":[{"count":1,"href":"https:\/\/rfblegal.co.uk\/de\/wp-json\/wp\/v2\/pages\/2476\/revisions"}],"predecessor-version":[{"id":9327,"href":"https:\/\/rfblegal.co.uk\/de\/wp-json\/wp\/v2\/pages\/2476\/revisions\/9327"}],"up":[{"embeddable":true,"href":"https:\/\/rfblegal.co.uk\/de\/wp-json\/wp\/v2\/pages\/429"}],"wp:featuredmedia":[{"embeddable":true,"href":"https:\/\/rfblegal.co.uk\/de\/wp-json\/wp\/v2\/media\/5857"}],"wp:attachment":[{"href":"https:\/\/rfblegal.co.uk\/de\/wp-json\/wp\/v2\/media?parent=2476"}],"curies":[{"name":"wp","href":"https:\/\/api.w.org\/{rel}","templated":true}]}}