{"id":2433,"date":"2024-02-21T15:45:10","date_gmt":"2024-02-21T15:45:10","guid":{"rendered":"https:\/\/rfblegal.co.uk\/?page_id=2433"},"modified":"2024-02-23T11:03:17","modified_gmt":"2024-02-23T11:03:17","slug":"privatklagen","status":"publish","type":"page","link":"https:\/\/rfblegal.co.uk\/de\/dienstleistungen\/personenrecht\/strafrechtliche-rechtsstreitigkeiten\/privatklagen\/","title":{"rendered":"Privatkl\u00e4gerschaft"},"content":{"rendered":"<h2 class=\"wp-block-heading has-2-xl-font-size\" style=\"padding-top:var(--wp--preset--spacing--20);padding-bottom:var(--wp--preset--spacing--20);font-style:normal;font-weight:600\">Privatkl\u00e4gerschaft<\/h2>\n\n\n\n<h4 class=\"wp-block-heading has-lg-font-size\" style=\"padding-top:var(--wp--preset--spacing--20);padding-bottom:var(--wp--preset--spacing--20);font-style:normal;font-weight:500\"><strong>Das Recht, eine Privatklage zu erheben, ist ein seit langem etablierter Rechtsgrundsatz f\u00fcr den Zugang zur Justiz und kann ein vorteilhafter und wirksamer Weg sein.<\/strong><\/h4>\n\n\n\n<p style=\"padding-top:var(--wp--preset--spacing--20);padding-bottom:var(--wp--preset--spacing--20)\">Sollte die Polizei die Ermittlungen nicht fortsetzen oder die Staatsanwaltschaft von der Einleitung eines Verfahrens absehen, kann eine Privatanklage den Opfern die M\u00f6glichkeit bieten, ihrem Fall Geh\u00f6r zu verschaffen.<\/p>\n\n\n\n<p style=\"padding-top:var(--wp--preset--spacing--20);padding-bottom:var(--wp--preset--spacing--20)\">Wir beraten h\u00e4ufig in Verbindung mit Zivilverfahren, insbesondere in gesellschaftsrechtlichen Angelegenheiten, und sind in der Lage, zusammen mit unserem Team f\u00fcr Zivilprozesse einen multidisziplin\u00e4ren Ansatz zu verfolgen, um optimale Ergebnisse zu erzielen.<\/p>\n\n\n\n<p style=\"padding-top:var(--wp--preset--spacing--20);padding-bottom:var(--wp--preset--spacing--20)\">Dies ist ein hochspezialisiertes Gebiet, und wir bieten von Anfang an praktische und klare Beratung. Erfolgreiche Privatklagen k\u00f6nnen dazu f\u00fchren, dass Angeklagte mit Haftstrafen rechnen m\u00fcssen, zur Zahlung von Schadenersatz verurteilt werden und sich in geeigneten F\u00e4llen mit Einziehungsverfahren f\u00fcr Ertr\u00e4ge aus Straftaten auseinandersetzen m\u00fcssen.<\/p>\n\n\n\n<p style=\"padding-top:var(--wp--preset--spacing--20);padding-bottom:var(--wp--preset--spacing--20)\">Wir nutzen unsere umfassende Erfahrung in Strafverfahren, um zu beraten, welche Ermittlungsschritte in der ersten Instanz am g\u00fcnstigsten sind, welche Voraussetzungen f\u00fcr eine erfolgreiche Klage gegeben sein m\u00fcssen und wie die Beweismittel im Hinblick auf den Prozess richtig und strategisch eingesetzt werden k\u00f6nnen.<\/p>","protected":false},"excerpt":{"rendered":"<p>Private Prosecutions The right to bring a private prosecution is a long-established legal tenet of access to justice and can offer a preferable and effective course of action. Should the police fail to pursue an investigation or the Crown Prosecution Service decide not to commence proceedings, a private prosecution can offer victims an opportunity to &hellip; <a href=\"https:\/\/rfblegal.co.uk\/de\/dienstleistungen\/personenrecht\/strafrechtliche-rechtsstreitigkeiten\/privatklagen\/\">Fortsetzung<\/a><\/p>","protected":false},"author":1,"featured_media":2738,"parent":2402,"menu_order":0,"comment_status":"closed","ping_status":"closed","template":"tier3-template.blade.php","meta":{"_acf_changed":false,"om_disable_all_campaigns":false,"_uf_show_specific_survey":0,"_uf_disable_surveys":false,"footnotes":""},"class_list":["post-2433","page","type-page","status-publish","has-post-thumbnail","hentry"],"acf":[],"aioseo_notices":[],"yoast_head":"<!-- This site is optimized with the Yoast SEO plugin v27.2 - https:\/\/yoast.com\/product\/yoast-seo-wordpress\/ -->\n<title>Private Prosecutions - RFB Legal<\/title>\n<meta name=\"description\" content=\"Private Prosecutions The right to bring a private prosecution is a long-established legal tenet of access to justice and can offer a preferable and\" \/>\n<meta name=\"robots\" content=\"index, follow, max-snippet:-1, max-image-preview:large, max-video-preview:-1\" \/>\n<link rel=\"canonical\" href=\"https:\/\/rfblegal.co.uk\/de\/dienstleistungen\/personenrecht\/strafrechtliche-rechtsstreitigkeiten\/privatklagen\/\" \/>\n<meta property=\"og:locale\" content=\"de_DE\" \/>\n<meta property=\"og:type\" content=\"article\" \/>\n<meta property=\"og:title\" content=\"Private Prosecutions - RFB Legal\" \/>\n<meta property=\"og:description\" content=\"Private Prosecutions The right to bring a private prosecution is a long-established legal tenet of access to justice and can offer a preferable and\" \/>\n<meta property=\"og:url\" content=\"https:\/\/rfblegal.co.uk\/de\/dienstleistungen\/personenrecht\/strafrechtliche-rechtsstreitigkeiten\/privatklagen\/\" \/>\n<meta property=\"og:site_name\" content=\"RFB Legal\" \/>\n<meta property=\"article:publisher\" content=\"https:\/\/www.facebook.com\/RFBLegal\/\" \/>\n<meta property=\"article:modified_time\" content=\"2024-02-23T11:03:17+00:00\" \/>\n<meta property=\"og:image\" content=\"https:\/\/rfblegal.co.uk\/wp-content\/uploads\/2024\/02\/Alternative_Dispute_Resolution-1.jpg\" \/>\n\t<meta property=\"og:image:width\" content=\"1440\" \/>\n\t<meta property=\"og:image:height\" content=\"550\" \/>\n\t<meta property=\"og:image:type\" content=\"image\/jpeg\" \/>\n<meta name=\"twitter:card\" content=\"summary_large_image\" \/>\n<meta name=\"twitter:label1\" content=\"Est. reading time\" \/>\n\t<meta name=\"twitter:data1\" content=\"1\u00a0Minute\" \/>\n<script type=\"application\/ld+json\" class=\"yoast-schema-graph\">{\"@context\":\"https:\/\/schema.org\",\"@graph\":[{\"@type\":\"WebPage\",\"@id\":\"https:\/\/rfblegal.co.uk\/services\/personal-law\/criminal-litigation\/private-prosecutions\/\",\"url\":\"https:\/\/rfblegal.co.uk\/services\/personal-law\/criminal-litigation\/private-prosecutions\/\",\"name\":\"Private Prosecutions - RFB Legal\",\"isPartOf\":{\"@id\":\"https:\/\/rfblegal.co.uk\/#website\"},\"primaryImageOfPage\":{\"@id\":\"https:\/\/rfblegal.co.uk\/services\/personal-law\/criminal-litigation\/private-prosecutions\/#primaryimage\"},\"image\":{\"@id\":\"https:\/\/rfblegal.co.uk\/services\/personal-law\/criminal-litigation\/private-prosecutions\/#primaryimage\"},\"thumbnailUrl\":\"https:\/\/rfblegal.co.uk\/wp-content\/uploads\/2024\/02\/Alternative_Dispute_Resolution-1.jpg\",\"datePublished\":\"2024-02-21T15:45:10+00:00\",\"dateModified\":\"2024-02-23T11:03:17+00:00\",\"description\":\"Private Prosecutions The right to bring a private prosecution is a long-established legal tenet of access to justice and can offer a preferable and\",\"breadcrumb\":{\"@id\":\"https:\/\/rfblegal.co.uk\/services\/personal-law\/criminal-litigation\/private-prosecutions\/#breadcrumb\"},\"inLanguage\":\"de\",\"potentialAction\":[{\"@type\":\"ReadAction\",\"target\":[\"https:\/\/rfblegal.co.uk\/services\/personal-law\/criminal-litigation\/private-prosecutions\/\"]}]},{\"@type\":\"ImageObject\",\"inLanguage\":\"de\",\"@id\":\"https:\/\/rfblegal.co.uk\/services\/personal-law\/criminal-litigation\/private-prosecutions\/#primaryimage\",\"url\":\"https:\/\/rfblegal.co.uk\/wp-content\/uploads\/2024\/02\/Alternative_Dispute_Resolution-1.jpg\",\"contentUrl\":\"https:\/\/rfblegal.co.uk\/wp-content\/uploads\/2024\/02\/Alternative_Dispute_Resolution-1.jpg\",\"width\":1440,\"height\":550},{\"@type\":\"BreadcrumbList\",\"@id\":\"https:\/\/rfblegal.co.uk\/services\/personal-law\/criminal-litigation\/private-prosecutions\/#breadcrumb\",\"itemListElement\":[{\"@type\":\"ListItem\",\"position\":1,\"name\":\"Home\",\"item\":\"https:\/\/rfblegal.co.uk\/\"},{\"@type\":\"ListItem\",\"position\":2,\"name\":\"Services\",\"item\":\"https:\/\/rfblegal.co.uk\/services\/\"},{\"@type\":\"ListItem\",\"position\":3,\"name\":\"Personal Law Services\",\"item\":\"https:\/\/rfblegal.co.uk\/services\/personal-law\/\"},{\"@type\":\"ListItem\",\"position\":4,\"name\":\"Criminal Litigation\",\"item\":\"https:\/\/rfblegal.co.uk\/services\/personal-law\/criminal-litigation\/\"},{\"@type\":\"ListItem\",\"position\":5,\"name\":\"Private Prosecutions\"}]},{\"@type\":\"WebSite\",\"@id\":\"https:\/\/rfblegal.co.uk\/#website\",\"url\":\"https:\/\/rfblegal.co.uk\/\",\"name\":\"RFB Legal\",\"description\":\"\",\"publisher\":{\"@id\":\"https:\/\/rfblegal.co.uk\/#organization\"},\"potentialAction\":[{\"@type\":\"SearchAction\",\"target\":{\"@type\":\"EntryPoint\",\"urlTemplate\":\"https:\/\/rfblegal.co.uk\/?s={search_term_string}\"},\"query-input\":{\"@type\":\"PropertyValueSpecification\",\"valueRequired\":true,\"valueName\":\"search_term_string\"}}],\"inLanguage\":\"de\"},{\"@type\":\"Organization\",\"@id\":\"https:\/\/rfblegal.co.uk\/#organization\",\"name\":\"RFB Legal\",\"url\":\"https:\/\/rfblegal.co.uk\/\",\"logo\":{\"@type\":\"ImageObject\",\"inLanguage\":\"de\",\"@id\":\"https:\/\/rfblegal.co.uk\/#\/schema\/logo\/image\/\",\"url\":\"https:\/\/rfblegal.co.uk\/wp-content\/uploads\/2024\/01\/header_company_logo.svg\",\"contentUrl\":\"https:\/\/rfblegal.co.uk\/wp-content\/uploads\/2024\/01\/header_company_logo.svg\",\"caption\":\"RFB Legal\"},\"image\":{\"@id\":\"https:\/\/rfblegal.co.uk\/#\/schema\/logo\/image\/\"},\"sameAs\":[\"https:\/\/www.facebook.com\/RFBLegal\/\",\"https:\/\/www.linkedin.com\/uas\/login?session_redirect=company2012282\",\"https:\/\/www.instagram.com\/rfb_legal\/\"]}]}<\/script>\n<!-- \/ Yoast SEO plugin. -->","yoast_head_json":{"title":"Privatkl\u00e4gerschaft - RFB Legal","description":"Privatklage Das Recht, eine Privatklage zu erheben, ist ein seit langem etablierter Rechtsgrundsatz f\u00fcr den Zugang zur Justiz und kann eine bevorzugte und","robots":{"index":"index","follow":"follow","max-snippet":"max-snippet:-1","max-image-preview":"max-image-preview:large","max-video-preview":"max-video-preview:-1"},"canonical":"https:\/\/rfblegal.co.uk\/de\/dienstleistungen\/personenrecht\/strafrechtliche-rechtsstreitigkeiten\/privatklagen\/","og_locale":"de_DE","og_type":"article","og_title":"Private Prosecutions - RFB Legal","og_description":"Private Prosecutions The right to bring a private prosecution is a long-established legal tenet of access to justice and can offer a preferable and","og_url":"https:\/\/rfblegal.co.uk\/de\/dienstleistungen\/personenrecht\/strafrechtliche-rechtsstreitigkeiten\/privatklagen\/","og_site_name":"RFB Legal","article_publisher":"https:\/\/www.facebook.com\/RFBLegal\/","article_modified_time":"2024-02-23T11:03:17+00:00","og_image":[{"width":1440,"height":550,"url":"https:\/\/rfblegal.co.uk\/wp-content\/uploads\/2024\/02\/Alternative_Dispute_Resolution-1.jpg","type":"image\/jpeg"}],"twitter_card":"summary_large_image","twitter_misc":{"Est. reading time":"1\u00a0Minute"},"schema":{"@context":"https:\/\/schema.org","@graph":[{"@type":"WebPage","@id":"https:\/\/rfblegal.co.uk\/services\/personal-law\/criminal-litigation\/private-prosecutions\/","url":"https:\/\/rfblegal.co.uk\/services\/personal-law\/criminal-litigation\/private-prosecutions\/","name":"Privatkl\u00e4gerschaft - RFB Legal","isPartOf":{"@id":"https:\/\/rfblegal.co.uk\/#website"},"primaryImageOfPage":{"@id":"https:\/\/rfblegal.co.uk\/services\/personal-law\/criminal-litigation\/private-prosecutions\/#primaryimage"},"image":{"@id":"https:\/\/rfblegal.co.uk\/services\/personal-law\/criminal-litigation\/private-prosecutions\/#primaryimage"},"thumbnailUrl":"https:\/\/rfblegal.co.uk\/wp-content\/uploads\/2024\/02\/Alternative_Dispute_Resolution-1.jpg","datePublished":"2024-02-21T15:45:10+00:00","dateModified":"2024-02-23T11:03:17+00:00","description":"Privatklage Das Recht, eine Privatklage zu erheben, ist ein seit langem etablierter Rechtsgrundsatz f\u00fcr den Zugang zur Justiz und kann eine bevorzugte und","breadcrumb":{"@id":"https:\/\/rfblegal.co.uk\/services\/personal-law\/criminal-litigation\/private-prosecutions\/#breadcrumb"},"inLanguage":"de","potentialAction":[{"@type":"ReadAction","target":["https:\/\/rfblegal.co.uk\/services\/personal-law\/criminal-litigation\/private-prosecutions\/"]}]},{"@type":"ImageObject","inLanguage":"de","@id":"https:\/\/rfblegal.co.uk\/services\/personal-law\/criminal-litigation\/private-prosecutions\/#primaryimage","url":"https:\/\/rfblegal.co.uk\/wp-content\/uploads\/2024\/02\/Alternative_Dispute_Resolution-1.jpg","contentUrl":"https:\/\/rfblegal.co.uk\/wp-content\/uploads\/2024\/02\/Alternative_Dispute_Resolution-1.jpg","width":1440,"height":550},{"@type":"BreadcrumbList","@id":"https:\/\/rfblegal.co.uk\/services\/personal-law\/criminal-litigation\/private-prosecutions\/#breadcrumb","itemListElement":[{"@type":"ListItem","position":1,"name":"Home","item":"https:\/\/rfblegal.co.uk\/"},{"@type":"ListItem","position":2,"name":"Services","item":"https:\/\/rfblegal.co.uk\/services\/"},{"@type":"ListItem","position":3,"name":"Personal Law Services","item":"https:\/\/rfblegal.co.uk\/services\/personal-law\/"},{"@type":"ListItem","position":4,"name":"Criminal Litigation","item":"https:\/\/rfblegal.co.uk\/services\/personal-law\/criminal-litigation\/"},{"@type":"ListItem","position":5,"name":"Private Prosecutions"}]},{"@type":"WebSite","@id":"https:\/\/rfblegal.co.uk\/#website","url":"https:\/\/rfblegal.co.uk\/","name":"RFB Legal","description":"","publisher":{"@id":"https:\/\/rfblegal.co.uk\/#organization"},"potentialAction":[{"@type":"SearchAction","target":{"@type":"EntryPoint","urlTemplate":"https:\/\/rfblegal.co.uk\/?s={search_term_string}"},"query-input":{"@type":"PropertyValueSpecification","valueRequired":true,"valueName":"search_term_string"}}],"inLanguage":"de"},{"@type":"Organization","@id":"https:\/\/rfblegal.co.uk\/#organization","name":"RFB Legal","url":"https:\/\/rfblegal.co.uk\/","logo":{"@type":"ImageObject","inLanguage":"de","@id":"https:\/\/rfblegal.co.uk\/#\/schema\/logo\/image\/","url":"https:\/\/rfblegal.co.uk\/wp-content\/uploads\/2024\/01\/header_company_logo.svg","contentUrl":"https:\/\/rfblegal.co.uk\/wp-content\/uploads\/2024\/01\/header_company_logo.svg","caption":"RFB Legal"},"image":{"@id":"https:\/\/rfblegal.co.uk\/#\/schema\/logo\/image\/"},"sameAs":["https:\/\/www.facebook.com\/RFBLegal\/","https:\/\/www.linkedin.com\/uas\/login?session_redirect=company2012282","https:\/\/www.instagram.com\/rfb_legal\/"]}]}},"_links":{"self":[{"href":"https:\/\/rfblegal.co.uk\/de\/wp-json\/wp\/v2\/pages\/2433","targetHints":{"allow":["GET"]}}],"collection":[{"href":"https:\/\/rfblegal.co.uk\/de\/wp-json\/wp\/v2\/pages"}],"about":[{"href":"https:\/\/rfblegal.co.uk\/de\/wp-json\/wp\/v2\/types\/page"}],"author":[{"embeddable":true,"href":"https:\/\/rfblegal.co.uk\/de\/wp-json\/wp\/v2\/users\/1"}],"replies":[{"embeddable":true,"href":"https:\/\/rfblegal.co.uk\/de\/wp-json\/wp\/v2\/comments?post=2433"}],"version-history":[{"count":0,"href":"https:\/\/rfblegal.co.uk\/de\/wp-json\/wp\/v2\/pages\/2433\/revisions"}],"up":[{"embeddable":true,"href":"https:\/\/rfblegal.co.uk\/de\/wp-json\/wp\/v2\/pages\/2402"}],"wp:featuredmedia":[{"embeddable":true,"href":"https:\/\/rfblegal.co.uk\/de\/wp-json\/wp\/v2\/media\/2738"}],"wp:attachment":[{"href":"https:\/\/rfblegal.co.uk\/de\/wp-json\/wp\/v2\/media?parent=2433"}],"curies":[{"name":"wp","href":"https:\/\/api.w.org\/{rel}","templated":true}]}}