{"id":2402,"date":"2024-02-21T15:36:25","date_gmt":"2024-02-21T15:36:25","guid":{"rendered":"https:\/\/rfblegal.co.uk\/?page_id=2402"},"modified":"2024-03-07T12:41:00","modified_gmt":"2024-03-07T12:41:00","slug":"strafrechtliche-rechtsstreitigkeiten","status":"publish","type":"page","link":"https:\/\/rfblegal.co.uk\/de\/dienstleistungen\/personenrecht\/strafrechtliche-rechtsstreitigkeiten\/","title":{"rendered":"Strafrechtliche Streitigkeiten"},"content":{"rendered":"<h2 class=\"wp-block-heading has-2-xl-font-size\" style=\"padding-top:var(--wp--preset--spacing--20);padding-bottom:var(--wp--preset--spacing--20);font-style:normal;font-weight:600\">Strafrechtliche Streitigkeiten<\/h2>\n\n\n\n<h4 class=\"wp-block-heading has-lg-font-size\" style=\"padding-top:var(--wp--preset--spacing--20);padding-bottom:var(--wp--preset--spacing--20);font-style:normal;font-weight:500\"><strong>Hochrangig eingestuft in\u00a0<a href=\"https:\/\/www.legal500.com\/firms\/2899-ronald-fletcher-baker-llp\/2752-london-england\/\">die Legal 500<\/a>\u00a0und mit mehr als 75 Jahren Erfahrung auf diesem Gebiet ist Ronald Fletcher Baker LLP eine der f\u00fchrenden Anwaltskanzleien f\u00fcr Strafsachen im Vereinigten K\u00f6nigreich.<\/strong><\/h4>\n\n\n\n<p style=\"padding-top:var(--wp--preset--spacing--20);padding-bottom:var(--wp--preset--spacing--20)\">Our team of specialist lawyers provide a dynamic and strategic service to corporates and individuals requiring advice on business and financial crime, complex fraud and regulatory matters.<\/p>\n\n\n\n<p style=\"padding-top:var(--wp--preset--spacing--20);padding-bottom:var(--wp--preset--spacing--20)\">Ronald Fletcher Baker LLP genie\u00dft international einen ausgezeichneten Ruf. Die Kanzlei vertritt Mandanten in Streitigkeiten mit allen Ermittlungs- und Strafverfolgungsbeh\u00f6rden.<\/p>\n\n\n\n<p style=\"padding-top:var(--wp--preset--spacing--20);padding-bottom:var(--wp--preset--spacing--20)\">F\u00fchrend in&nbsp;<a href=\"https:\/\/rfblegal.co.uk\/index.php\/litigation\/criminal-litigation\/investigations\">Unterst\u00fctzung bei der Untersuchung<\/a>, Unsere Anw\u00e4lte unterst\u00fctzen Mandanten bei Vernehmungen unter Aufsicht und w\u00e4hrend des gesamten Prozesses. Ob sie auf dem Polizeirevier verhaftet, informell befragt, auf Kaution freigelassen oder im Rahmen von Ermittlungen freigelassen werden, wir bieten einen einzigartigen und positiven Ansatz, um sich gegen Ermittlungen der Polizei, der britischen Steuerbeh\u00f6rde (HMRC), der Finanzaufsichtsbeh\u00f6rde (Financial Conduct Authority), des Serious Fraud Office (Serious Fraud Office), der Kommunalverwaltungen, des Insolvenzdienstes und anderer Beh\u00f6rden zu wehren. Unsere F\u00e4higkeiten sind darauf ausgerichtet, eine rasche L\u00f6sung herbeizuf\u00fchren, bevor ein Gerichtsverfahren eingeleitet wird.<\/p>\n\n\n\n<p style=\"padding-top:var(--wp--preset--spacing--20);padding-bottom:var(--wp--preset--spacing--20)\">Finanzielle Angelegenheiten sind eine Spezialit\u00e4t.&nbsp;<a href=\"https:\/\/rfblegal.co.uk\/index.php\/litigation\/criminal-litigation\/confiscation-and-asset-forfeiture\">Kontensperrung und Verfallsbeschl\u00fcsse<\/a>,&nbsp;<a href=\"https:\/\/rfblegal.co.uk\/index.php\/litigation\/criminal-litigation\/cash-asset-seizures-restraint-orders\">Beschlagnahmungen von Bargeld<\/a>,&nbsp;<a href=\"https:\/\/rfblegal.co.uk\/index.php\/litigation\/criminal-litigation\/cash-asset-seizures-restraint-orders\">Unterlassungsklagen<\/a>&nbsp;und&nbsp;<a href=\"https:\/\/rfblegal.co.uk\/index.php\/litigation\/criminal-litigation\/proceeds-of-crime-and-money-laundering\">Einziehungsbeschl\u00fcsse f\u00fcr Ertr\u00e4ge aus Straftaten<\/a>&nbsp;bilden alle einen festen Bestandteil der Praxis. Beschrieben als \u201c<em>engagiert und ausgezeichnet im Umgang mit Kunden<\/em>\u201d die Firma ist \u201c<em>bekannt f\u00fcr seine Erfahrung bei hochwertigen, komplexen grenz\u00fcberschreitenden Streitf\u00e4llen<\/em>\u201d.<\/p>\n\n\n\n<p style=\"padding-top:var(--wp--preset--spacing--20);padding-bottom:var(--wp--preset--spacing--20)\">Vor den Magistrates\u2019 Courts und den Crown Courts verfolgt das Team einen taktischen und forensischen Ansatz und unterst\u00fctzt seine Mandanten dabei, den Prozess zu steuern und sch\u00e4dliche Folgen zu vermeiden. Unser professionelles Netzwerk ist in diesem Bereich fest etabliert und gew\u00e4hrleistet die Beauftragung von erstklassigen Anw\u00e4lten und Experten.<\/p>\n\n\n\n<p style=\"padding-top:var(--wp--preset--spacing--20);padding-bottom:var(--wp--preset--spacing--20)\">Das Team wurde beschrieben als \u201c<em>\u00e4u\u00dferst f\u00e4hig<\/em>\u201d, \u201c<em>trittsicher<\/em>\u201d, \u201c<em>beispielhaft<\/em>\u201d und mit Anw\u00e4lten, die arbeiten \u201c<em>unerm\u00fcdlich<\/em>\u201d beim Gehen \u201c<em>\u00fcber das \u00fcbliche Ma\u00df hinausgehen, um das beste Ergebnis f\u00fcr ihre Kunden zu erzielen<\/em>\u201d.<\/p>\n\n\n\n<p style=\"padding-top:var(--wp--preset--spacing--20);padding-bottom:var(--wp--preset--spacing--20)\">Zu unseren Kunden z\u00e4hlen Regierungen, Unternehmen und Privatpersonen. In enger Zusammenarbeit mit unserer Abteilung f\u00fcr Unternehmens- und Handelsstreitigkeiten steuern wir unsere Mandanten durch komplexe Gerichtsverfahren und bieten dabei stets einen sicheren Standard an Service und Beratung.<\/p>\n\n\n\n<p style=\"padding-top:var(--wp--preset--spacing--20);padding-bottom:var(--wp--preset--spacing--20)\">\t\t\t\t\t\t<style>\r\n\t\t\t\t<style>\r\n#wpsm_accordion_2982 .wpsm_panel-heading{\r\n\tpadding:0px !important;\r\n}\r\n#wpsm_accordion_2982 .wpsm_panel-title {\r\n\tmargin:0px !important; \r\n\ttext-transform:none !important;\r\n\tline-height: 1 !important;\r\n}\r\n#wpsm_accordion_2982 .wpsm_panel-title a{\r\n\ttext-decoration:none;\r\n\toverflow:hidden;\r\n\tdisplay:block;\r\n\tpadding:0px;\r\n\tfont-size: 18px !important;\r\n\tfont-family: Open Sans !important;\r\n\tcolor:#000000 !important;\r\n\tborder-bottom:0px !important;\r\n}\r\n\r\n#wpsm_accordion_2982 .wpsm_panel-title a:focus {\r\noutline: 0px !important;\r\n}\r\n\r\n#wpsm_accordion_2982 .wpsm_panel-title a:hover, #wpsm_accordion_2982 .wpsm_panel-title a:focus {\r\n\tcolor:#000000 !important;\r\n}\r\n#wpsm_accordion_2982 .acc-a{\r\n\tcolor: #000000 !important;\r\n\tbackground-color:#e8e8e8 !important;\r\n\tborder-color: #ddd;\r\n}\r\n#wpsm_accordion_2982 .wpsm_panel-default > .wpsm_panel-heading{\r\n\tcolor: #000000 !important;\r\n\tbackground-color: #e8e8e8 !important;\r\n\tborder-color: #e8e8e8 !important;\r\n\tborder-top-left-radius: 0px;\r\n\tborder-top-right-radius: 0px;\r\n}\r\n#wpsm_accordion_2982 .wpsm_panel-default {\r\n\t\tborder:1px solid transparent !important;\r\n\t}\r\n#wpsm_accordion_2982 {\r\n\tmargin-bottom: 20px;\r\n\toverflow: hidden;\r\n\tfloat: none;\r\n\twidth: 100%;\r\n\tdisplay: block;\r\n}\r\n#wpsm_accordion_2982 .ac_title_class{\r\n\tdisplay: block;\r\n\tpadding-top: 12px;\r\n\tpadding-bottom: 12px;\r\n\tpadding-left: 15px;\r\n\tpadding-right: 15px;\r\n}\r\n#wpsm_accordion_2982  .wpsm_panel {\r\n\toverflow:hidden;\r\n\t-webkit-box-shadow: 0 0px 0px rgba(0, 0, 0, .05);\r\n\tbox-shadow: 0 0px 0px rgba(0, 0, 0, .05);\r\n\t\tborder-radius: 4px;\r\n\t}\r\n#wpsm_accordion_2982  .wpsm_panel + .wpsm_panel {\r\n\t\tmargin-top: 5px;\r\n\t}\r\n#wpsm_accordion_2982  .wpsm_panel-body{\r\n\tbackground-color:#ffffff !important;\r\n\tcolor:#000000 !important;\r\n\tborder-top-color: #e8e8e8 !important;\r\n\tfont-size:16px !important;\r\n\tfont-family: Open Sans !important;\r\n\toverflow: hidden;\r\n\t\tborder: 2px solid #e8e8e8 !important;\r\n\t}\r\n\r\n#wpsm_accordion_2982 .ac_open_cl_icon{\r\n\tbackground-color:#e8e8e8 !important;\r\n\tcolor: #000000 !important;\r\n\tfloat:right !important;\r\n\tpadding-top: 12px !important;\r\n\tpadding-bottom: 12px !important;\r\n\tline-height: 1.0 !important;\r\n\tpadding-left: 15px !important;\r\n\tpadding-right: 15px !important;\r\n\tdisplay: inline-block !important;\r\n}\r\n\r\n\t\t\t\r\n\t\t\t<\/style>\t\r\n\t\t\t<\/style>\r\n\t\t\t<div class=\"wpsm_panel-group\" id=\"wpsm_accordion_2982\" >\r\n\t\t\t\t\t\t\t\t\r\n\t\t\t\t\t<!-- Inner panel Start -->\r\n\t\t\t\t\t<div class=\"wpsm_panel wpsm_panel-default\">\r\n\t\t\t\t\t\t<div class=\"wpsm_panel-heading\" role=\"tab\" >\r\n\t\t\t\t\t\t  <h4 class=\"wpsm_panel-title\">\r\n\t\t\t\t\t\t\t<a  class=\"\"  data-toggle=\"collapse\" data-parent=\"#wpsm_accordion_2982 \" href=\"javascript:void(0)\" data-target=\"#ac_2982_collapse1\" onclick=\"do_resize()\">\r\n\t\t\t\t\t\t\t\t\t\t\t\t\t\t\t\t\t<span class=\"ac_open_cl_icon fa fa-minus\"><\/span>\r\n\t\t\t\t\t\t\t\t\t\r\n\t\t\t\t\t\t\t\t \r\n\t\t\t\t\t\t\t\t<span class=\"ac_title_class\">\r\n\t\t\t\t\t\t\t\t\tEXPERTISE :\t\t\t\t\t\t\t\t<\/span>\r\n\t\t\t\t\t\t\t<\/a>\r\n\t\t\t\t\t\t  <\/h4>\r\n\t\t\t\t\t\t<\/div>\r\n\t\t\t\t\t\t<div id=\"ac_2982_collapse1\" class=\"wpsm_panel-collapse collapse in\"  >\r\n\t\t\t\t\t\t  <div class=\"wpsm_panel-body\">\r\n\t\t\t\t\t\t\tUnser erfahrenes Team verf\u00fcgt \u00fcber das n\u00f6tige Fachwissen, um Ihnen bei Fragen zu helfen:\r\n<ul>\r\n \t<li style=\"list-style-type: none\">\r\n<ul>\r\n \t<li>- Nachforschungen<\/li>\r\n \t<li>- Komplexer Betrug und Finanzkriminalit\u00e4t<\/li>\r\n \t<li>- Ertr\u00e4ge aus Straftaten und Geldw\u00e4scherei<\/li>\r\n \t<li>- Kontensperrung und Verfallsbeschl\u00fcsse<\/li>\r\n \t<li>- Ungekl\u00e4rte Verm\u00f6gensbeschl\u00fcsse (UWOs)<\/li>\r\n \t<li>- Schwere strafrechtliche Streitigkeiten<\/li>\r\n \t<li>- Ordnungswidrigkeiten<\/li>\r\n \t<li>- Berufliche Disziplin<\/li>\r\n \t<li>- Reputationsmanagement<\/li>\r\n \t<li>- Bestechung und Geldw\u00e4schedelikte<\/li>\r\n \t<li>- Internationale Kriminalit\u00e4t und Auslieferung<\/li>\r\n \t<li>- Berufungen<\/li>\r\n \t<li>- Private Strafverfolgung<\/li>\r\n \t<li>- Ermittlungen der Polizei, der Kommunalverwaltungen und anderer Beh\u00f6rden<\/li>\r\n \t<li>- Untersuchungen der HMRC, FCA, des Insolvenzdienstes und des SFO<\/li>\r\n<\/ul>\r\n<\/li>\r\n<\/ul>\t\t\t\t\t\t  <\/div>\r\n\t\t\t\t\t\t<\/div>\r\n\t\t\t\t\t<\/div>\r\n\t\t\t\t\t<!-- Inner panel End -->\r\n\t\t\t\t\t\r\n\t\t\t\t\t\t\t<\/div>\r\n\t\t\t\r\n<script type=\"text\/javascript\">\r\n\t\r\n\t\tfunction do_resize(){\r\n\r\n\t\t\tvar width=jQuery( '.wpsm_panel .wpsm_panel-body iframe' ).width();\r\n\t\t\tvar height=jQuery( '.wpsm_panel .wpsm_panel-body iframe' ).height();\r\n\r\n\t\t\tvar toggleSize = true;\r\n\t\t\tjQuery('iframe').animate({\r\n\t\t\t    width: toggleSize ? width : 640,\r\n\t\t\t    height: toggleSize ? height : 360\r\n\t\t\t  }, 250);\r\n\r\n\t\t\t  toggleSize = !toggleSize;\r\n\t\t}\r\n\t\t\r\n<\/script>\t<\/p>","protected":false},"excerpt":{"rendered":"<p>Criminal Litigation Highly ranked in\u00a0the Legal 500\u00a0and with more than\u00a075 years\u2019 experience in the field, Ronald Fletcher Baker LLP is one of the leading criminal litigation firms in the UK. Our team of specialist lawyers provide a dynamic and strategic service to corporates and individuals requiring advice on business and financial crime, complex fraud and &hellip; <a href=\"https:\/\/rfblegal.co.uk\/de\/?p=2982\">Fortsetzung<\/a><\/p>","protected":false},"author":1,"featured_media":2977,"parent":357,"menu_order":0,"comment_status":"closed","ping_status":"closed","template":"tier2-template.blade.php","meta":{"_acf_changed":false,"om_disable_all_campaigns":false,"_uf_show_specific_survey":0,"_uf_disable_surveys":false,"footnotes":""},"class_list":["post-2402","page","type-page","status-publish","has-post-thumbnail","hentry"],"acf":[],"aioseo_notices":[],"yoast_head":"<!-- This site is optimized with the Yoast SEO plugin v27.2 - https:\/\/yoast.com\/product\/yoast-seo-wordpress\/ -->\n<title>Criminal Litigation - RFB Legal<\/title>\n<meta name=\"description\" content=\"Criminal Litigation Highly ranked in\u00a0the Legal 500\u00a0and with more than\u00a075 years\u2019 experience in the field, Ronald Fletcher Baker LLP is one of the leading\" \/>\n<meta name=\"robots\" content=\"index, follow, max-snippet:-1, max-image-preview:large, max-video-preview:-1\" \/>\n<link rel=\"canonical\" href=\"https:\/\/rfblegal.co.uk\/de\/dienstleistungen\/personenrecht\/strafrechtliche-rechtsstreitigkeiten\/\" \/>\n<meta property=\"og:locale\" content=\"de_DE\" \/>\n<meta property=\"og:type\" content=\"article\" \/>\n<meta property=\"og:title\" content=\"Criminal Litigation - RFB Legal\" \/>\n<meta property=\"og:description\" content=\"Criminal Litigation Highly ranked in\u00a0the Legal 500\u00a0and with more than\u00a075 years\u2019 experience in the field, Ronald Fletcher Baker LLP is one of the leading\" \/>\n<meta property=\"og:url\" content=\"https:\/\/rfblegal.co.uk\/de\/dienstleistungen\/personenrecht\/strafrechtliche-rechtsstreitigkeiten\/\" \/>\n<meta property=\"og:site_name\" content=\"RFB Legal\" \/>\n<meta property=\"article:publisher\" content=\"https:\/\/www.facebook.com\/RFBLegal\/\" \/>\n<meta property=\"article:modified_time\" content=\"2024-03-07T12:41:00+00:00\" \/>\n<meta property=\"og:image\" content=\"https:\/\/rfblegal.co.uk\/wp-content\/uploads\/2024\/02\/Criminal_Litigation.jpg\" \/>\n\t<meta property=\"og:image:width\" content=\"1440\" \/>\n\t<meta property=\"og:image:height\" content=\"550\" \/>\n\t<meta property=\"og:image:type\" content=\"image\/jpeg\" \/>\n<meta name=\"twitter:card\" content=\"summary_large_image\" \/>\n<meta name=\"twitter:label1\" content=\"Est. reading time\" \/>\n\t<meta name=\"twitter:data1\" content=\"2\u00a0Minuten\" \/>\n<script type=\"application\/ld+json\" class=\"yoast-schema-graph\">{\"@context\":\"https:\/\/schema.org\",\"@graph\":[{\"@type\":\"WebPage\",\"@id\":\"https:\/\/rfblegal.co.uk\/services\/personal-law\/criminal-litigation\/\",\"url\":\"https:\/\/rfblegal.co.uk\/services\/personal-law\/criminal-litigation\/\",\"name\":\"Criminal Litigation - RFB Legal\",\"isPartOf\":{\"@id\":\"https:\/\/rfblegal.co.uk\/#website\"},\"primaryImageOfPage\":{\"@id\":\"https:\/\/rfblegal.co.uk\/services\/personal-law\/criminal-litigation\/#primaryimage\"},\"image\":{\"@id\":\"https:\/\/rfblegal.co.uk\/services\/personal-law\/criminal-litigation\/#primaryimage\"},\"thumbnailUrl\":\"https:\/\/rfblegal.co.uk\/wp-content\/uploads\/2024\/02\/Criminal_Litigation.jpg\",\"datePublished\":\"2024-02-21T15:36:25+00:00\",\"dateModified\":\"2024-03-07T12:41:00+00:00\",\"description\":\"Criminal Litigation Highly ranked in\u00a0the Legal 500\u00a0and with more than\u00a075 years\u2019 experience in the field, Ronald Fletcher Baker LLP is one of the leading\",\"breadcrumb\":{\"@id\":\"https:\/\/rfblegal.co.uk\/services\/personal-law\/criminal-litigation\/#breadcrumb\"},\"inLanguage\":\"de\",\"potentialAction\":[{\"@type\":\"ReadAction\",\"target\":[\"https:\/\/rfblegal.co.uk\/services\/personal-law\/criminal-litigation\/\"]}]},{\"@type\":\"ImageObject\",\"inLanguage\":\"de\",\"@id\":\"https:\/\/rfblegal.co.uk\/services\/personal-law\/criminal-litigation\/#primaryimage\",\"url\":\"https:\/\/rfblegal.co.uk\/wp-content\/uploads\/2024\/02\/Criminal_Litigation.jpg\",\"contentUrl\":\"https:\/\/rfblegal.co.uk\/wp-content\/uploads\/2024\/02\/Criminal_Litigation.jpg\",\"width\":1440,\"height\":550},{\"@type\":\"BreadcrumbList\",\"@id\":\"https:\/\/rfblegal.co.uk\/services\/personal-law\/criminal-litigation\/#breadcrumb\",\"itemListElement\":[{\"@type\":\"ListItem\",\"position\":1,\"name\":\"Home\",\"item\":\"https:\/\/rfblegal.co.uk\/\"},{\"@type\":\"ListItem\",\"position\":2,\"name\":\"Services\",\"item\":\"https:\/\/rfblegal.co.uk\/services\/\"},{\"@type\":\"ListItem\",\"position\":3,\"name\":\"Personal Law Services\",\"item\":\"https:\/\/rfblegal.co.uk\/services\/personal-law\/\"},{\"@type\":\"ListItem\",\"position\":4,\"name\":\"Criminal Litigation\"}]},{\"@type\":\"WebSite\",\"@id\":\"https:\/\/rfblegal.co.uk\/#website\",\"url\":\"https:\/\/rfblegal.co.uk\/\",\"name\":\"RFB Legal\",\"description\":\"\",\"publisher\":{\"@id\":\"https:\/\/rfblegal.co.uk\/#organization\"},\"potentialAction\":[{\"@type\":\"SearchAction\",\"target\":{\"@type\":\"EntryPoint\",\"urlTemplate\":\"https:\/\/rfblegal.co.uk\/?s={search_term_string}\"},\"query-input\":{\"@type\":\"PropertyValueSpecification\",\"valueRequired\":true,\"valueName\":\"search_term_string\"}}],\"inLanguage\":\"de\"},{\"@type\":\"Organization\",\"@id\":\"https:\/\/rfblegal.co.uk\/#organization\",\"name\":\"RFB Legal\",\"url\":\"https:\/\/rfblegal.co.uk\/\",\"logo\":{\"@type\":\"ImageObject\",\"inLanguage\":\"de\",\"@id\":\"https:\/\/rfblegal.co.uk\/#\/schema\/logo\/image\/\",\"url\":\"https:\/\/rfblegal.co.uk\/wp-content\/uploads\/2024\/01\/header_company_logo.svg\",\"contentUrl\":\"https:\/\/rfblegal.co.uk\/wp-content\/uploads\/2024\/01\/header_company_logo.svg\",\"caption\":\"RFB Legal\"},\"image\":{\"@id\":\"https:\/\/rfblegal.co.uk\/#\/schema\/logo\/image\/\"},\"sameAs\":[\"https:\/\/www.facebook.com\/RFBLegal\/\",\"https:\/\/www.linkedin.com\/uas\/login?session_redirect=company2012282\",\"https:\/\/www.instagram.com\/rfb_legal\/\"]}]}<\/script>\n<!-- \/ Yoast SEO plugin. -->","yoast_head_json":{"title":"Strafrechtliche Streitigkeiten - RFB Legal","description":"Strafrechtliche Rechtsstreitigkeiten Ronald Fletcher Baker LLP ist eine der f\u00fchrenden Anwaltskanzleien und verf\u00fcgt \u00fcber mehr als 75 Jahre Erfahrung auf diesem Gebiet und wird in der Liste der Legal 500 gef\u00fchrt.","robots":{"index":"index","follow":"follow","max-snippet":"max-snippet:-1","max-image-preview":"max-image-preview:large","max-video-preview":"max-video-preview:-1"},"canonical":"https:\/\/rfblegal.co.uk\/de\/dienstleistungen\/personenrecht\/strafrechtliche-rechtsstreitigkeiten\/","og_locale":"de_DE","og_type":"article","og_title":"Criminal Litigation - RFB Legal","og_description":"Criminal Litigation Highly ranked in\u00a0the Legal 500\u00a0and with more than\u00a075 years\u2019 experience in the field, Ronald Fletcher Baker LLP is one of the leading","og_url":"https:\/\/rfblegal.co.uk\/de\/dienstleistungen\/personenrecht\/strafrechtliche-rechtsstreitigkeiten\/","og_site_name":"RFB Legal","article_publisher":"https:\/\/www.facebook.com\/RFBLegal\/","article_modified_time":"2024-03-07T12:41:00+00:00","og_image":[{"width":1440,"height":550,"url":"https:\/\/rfblegal.co.uk\/wp-content\/uploads\/2024\/02\/Criminal_Litigation.jpg","type":"image\/jpeg"}],"twitter_card":"summary_large_image","twitter_misc":{"Est. reading time":"2\u00a0Minuten"},"schema":{"@context":"https:\/\/schema.org","@graph":[{"@type":"WebPage","@id":"https:\/\/rfblegal.co.uk\/services\/personal-law\/criminal-litigation\/","url":"https:\/\/rfblegal.co.uk\/services\/personal-law\/criminal-litigation\/","name":"Strafrechtliche Streitigkeiten - RFB Legal","isPartOf":{"@id":"https:\/\/rfblegal.co.uk\/#website"},"primaryImageOfPage":{"@id":"https:\/\/rfblegal.co.uk\/services\/personal-law\/criminal-litigation\/#primaryimage"},"image":{"@id":"https:\/\/rfblegal.co.uk\/services\/personal-law\/criminal-litigation\/#primaryimage"},"thumbnailUrl":"https:\/\/rfblegal.co.uk\/wp-content\/uploads\/2024\/02\/Criminal_Litigation.jpg","datePublished":"2024-02-21T15:36:25+00:00","dateModified":"2024-03-07T12:41:00+00:00","description":"Strafrechtliche Rechtsstreitigkeiten Ronald Fletcher Baker LLP ist eine der f\u00fchrenden Anwaltskanzleien und verf\u00fcgt \u00fcber mehr als 75 Jahre Erfahrung auf diesem Gebiet und wird in der Liste der Legal 500 gef\u00fchrt.","breadcrumb":{"@id":"https:\/\/rfblegal.co.uk\/services\/personal-law\/criminal-litigation\/#breadcrumb"},"inLanguage":"de","potentialAction":[{"@type":"ReadAction","target":["https:\/\/rfblegal.co.uk\/services\/personal-law\/criminal-litigation\/"]}]},{"@type":"ImageObject","inLanguage":"de","@id":"https:\/\/rfblegal.co.uk\/services\/personal-law\/criminal-litigation\/#primaryimage","url":"https:\/\/rfblegal.co.uk\/wp-content\/uploads\/2024\/02\/Criminal_Litigation.jpg","contentUrl":"https:\/\/rfblegal.co.uk\/wp-content\/uploads\/2024\/02\/Criminal_Litigation.jpg","width":1440,"height":550},{"@type":"BreadcrumbList","@id":"https:\/\/rfblegal.co.uk\/services\/personal-law\/criminal-litigation\/#breadcrumb","itemListElement":[{"@type":"ListItem","position":1,"name":"Home","item":"https:\/\/rfblegal.co.uk\/"},{"@type":"ListItem","position":2,"name":"Services","item":"https:\/\/rfblegal.co.uk\/services\/"},{"@type":"ListItem","position":3,"name":"Personal Law Services","item":"https:\/\/rfblegal.co.uk\/services\/personal-law\/"},{"@type":"ListItem","position":4,"name":"Criminal Litigation"}]},{"@type":"WebSite","@id":"https:\/\/rfblegal.co.uk\/#website","url":"https:\/\/rfblegal.co.uk\/","name":"RFB Legal","description":"","publisher":{"@id":"https:\/\/rfblegal.co.uk\/#organization"},"potentialAction":[{"@type":"SearchAction","target":{"@type":"EntryPoint","urlTemplate":"https:\/\/rfblegal.co.uk\/?s={search_term_string}"},"query-input":{"@type":"PropertyValueSpecification","valueRequired":true,"valueName":"search_term_string"}}],"inLanguage":"de"},{"@type":"Organization","@id":"https:\/\/rfblegal.co.uk\/#organization","name":"RFB Legal","url":"https:\/\/rfblegal.co.uk\/","logo":{"@type":"ImageObject","inLanguage":"de","@id":"https:\/\/rfblegal.co.uk\/#\/schema\/logo\/image\/","url":"https:\/\/rfblegal.co.uk\/wp-content\/uploads\/2024\/01\/header_company_logo.svg","contentUrl":"https:\/\/rfblegal.co.uk\/wp-content\/uploads\/2024\/01\/header_company_logo.svg","caption":"RFB Legal"},"image":{"@id":"https:\/\/rfblegal.co.uk\/#\/schema\/logo\/image\/"},"sameAs":["https:\/\/www.facebook.com\/RFBLegal\/","https:\/\/www.linkedin.com\/uas\/login?session_redirect=company2012282","https:\/\/www.instagram.com\/rfb_legal\/"]}]}},"_links":{"self":[{"href":"https:\/\/rfblegal.co.uk\/de\/wp-json\/wp\/v2\/pages\/2402","targetHints":{"allow":["GET"]}}],"collection":[{"href":"https:\/\/rfblegal.co.uk\/de\/wp-json\/wp\/v2\/pages"}],"about":[{"href":"https:\/\/rfblegal.co.uk\/de\/wp-json\/wp\/v2\/types\/page"}],"author":[{"embeddable":true,"href":"https:\/\/rfblegal.co.uk\/de\/wp-json\/wp\/v2\/users\/1"}],"replies":[{"embeddable":true,"href":"https:\/\/rfblegal.co.uk\/de\/wp-json\/wp\/v2\/comments?post=2402"}],"version-history":[{"count":0,"href":"https:\/\/rfblegal.co.uk\/de\/wp-json\/wp\/v2\/pages\/2402\/revisions"}],"up":[{"embeddable":true,"href":"https:\/\/rfblegal.co.uk\/de\/wp-json\/wp\/v2\/pages\/357"}],"wp:featuredmedia":[{"embeddable":true,"href":"https:\/\/rfblegal.co.uk\/de\/wp-json\/wp\/v2\/media\/2977"}],"wp:attachment":[{"href":"https:\/\/rfblegal.co.uk\/de\/wp-json\/wp\/v2\/media?parent=2402"}],"curies":[{"name":"wp","href":"https:\/\/api.w.org\/{rel}","templated":true}]}}