{"id":2399,"date":"2024-02-21T15:27:19","date_gmt":"2024-02-21T15:27:19","guid":{"rendered":"https:\/\/rfblegal.co.uk\/?page_id=2399"},"modified":"2026-03-26T10:53:38","modified_gmt":"2026-03-26T10:53:38","slug":"darlehen-anleihen-und-eigenkapital","status":"publish","type":"page","link":"https:\/\/rfblegal.co.uk\/de\/dienstleistungen\/personenrecht\/unternehmen-2\/darlehen-anleihen-und-eigenkapital\/","title":{"rendered":"Darlehen und Eigenkapital"},"content":{"rendered":"<h2 class=\"wp-block-heading\"><strong>Eine Einf\u00fchrung und ein \u00dcberblick \u00fcber Kapitalbeschaffung, Anleihen und Darlehen<\/strong><\/h2>\n\n\n\n<p>Wir wissen, dass die Finanzierung Ihres Unternehmens in verschiedenen Phasen von entscheidender Bedeutung sein kann, von der Neugr\u00fcndung und dem Wachstum eines Unternehmens bis hin zu \u00dcbernahmen, Wachstum und Refinanzierung.<\/p>\n\n\n\n<p>Dank unseres umfassenden Fachwissens k\u00f6nnen unsere Anw\u00e4lte und Notare die Anforderungen und Bedenken von Kreditgebern oder Investoren vorhersehen und Sie entsprechend durch den Prozess leiten, um sicherzustellen, dass Transaktionen nicht entgleisen und sich unangemessen in die L\u00e4nge ziehen.<\/p>\n\n\n\n<h2 class=\"wp-block-heading\"><strong>Wie unsere Anw\u00e4lte Ihnen bei der Beschaffung von Eigenkapital, der Aufnahme von Darlehen und Krediten helfen k\u00f6nnen<\/strong><\/h2>\n\n\n\n<h3 class=\"wp-block-heading\"><strong>Wichtigste angebotene Dienstleistungen<\/strong><\/h3>\n\n\n\n<p><strong>Wir k\u00f6nnen sowohl Investoren als auch Unternehmen in allen Phasen unterst\u00fctzen, sei es bei der Erschlie\u00dfung traditioneller oder innovativer Finanzierungsquellen, einschlie\u00dflich:<\/strong><\/p>\n\n\n\n<ul class=\"wp-block-list\">\n<li>institutionelle Kredite (einschlie\u00dflich Bankanleihen)<\/li>\n\n\n\n<li>Finanzierung durch Angel-Investoren<\/li>\n\n\n\n<li>Finanzierung durch Freunde und Familie<\/li>\n\n\n\n<li>Crowdfunding und andere alternative Investitionsmechanismen<\/li>\n<\/ul>\n\n\n\n<h2 class=\"wp-block-heading\"><strong>Warum RFB Legal f\u00fcr Kapitalbeschaffung, Anleihen und Darlehen w\u00e4hlen?<\/strong><\/h2>\n\n\n\n<h3 class=\"wp-block-heading\"><strong>\u00dcber unser Team f\u00fcr Gesellschafts- und Handelsrecht<\/strong><\/h3>\n\n\n\n<p><strong>Neben der Beratung in technischen Rechtsfragen (einschlie\u00dflich Sicherheitsfragen) k\u00f6nnen wir den Prozess auch in anderen Bereichen unterst\u00fctzen:<\/strong><\/p>\n\n\n\n<ul class=\"wp-block-list\">\n<li>Strukturierung, um die verf\u00fcgbaren Erleichterungen und Befreiungen optimal zu nutzen<\/li>\n\n\n\n<li><a href=\"https:\/\/rfblegal.co.uk\/de\/dienstleistungen\/personenrecht\/ordnungsrecht\/\">Regulierung<\/a> Ausgaben<\/li>\n\n\n\n<li>gesch\u00e4ftliche Auseinandersetzungen<\/li>\n<\/ul>\n\n\n\n<h2 class=\"wp-block-heading\"><strong>Fachwissen der Kunden<\/strong><\/h2>\n\n\n\n<p><strong>Unsere j\u00fcngsten Erfahrungen umfassen:<\/strong><\/p>\n\n\n\n<h3 class=\"wp-block-heading\"><strong>Tech-Start-up im Fr\u00fchstadium<\/strong><\/h3>\n\n\n\n<p>Wir waren f\u00fcr ein Start-up-Unternehmen t\u00e4tig, das eine bahnbrechende, marktver\u00e4ndernde Gesundheitstechnologie-L\u00f6sung entwickelt, bei der modernste Technologien und Wissenschaften zum Einsatz kommen und die von Fachleuten des Gesundheitswesens, Beratern und pers\u00f6nlichen Anwendern \u00fcber deren messbare psychologische und gesundheitliche Vorteile beraten wird. Das Unternehmen erhielt 1 Million Pfund von einer Reihe einzelner Angel-Investoren. Die Investitionssumme war f\u00fcr ein neu gegr\u00fcndetes Technologieunternehmen betr\u00e4chtlich und stellte eine interessante Herausforderung dar, da mehrere Parteien beteiligt waren, eine pers\u00f6nliche Familie eine fr\u00fche Startinvestition t\u00e4tigte und ein Unternehmensgr\u00fcnder nun eine Aufzeichnung seiner Investition nach britischem und portugiesischem Recht verlangte, w\u00e4hrend das Unternehmen im Vereinigten K\u00f6nigreich t\u00e4tig war.<br><\/p>\n\n\n\n<h3 class=\"wp-block-heading\"><strong>Kreditvergabe an Unternehmen<\/strong><\/h3>\n\n\n\n<p>Wir verf\u00fcgen \u00fcber umfangreiche Erfahrung in der Abwicklung traditioneller Kreditgesch\u00e4fte f\u00fcr Kreditgeber und Kreditnehmer. Besondere Erfahrung haben wir im Bereich der Immobilienfinanzierung, sowohl in Bezug auf Darlehensvertr\u00e4ge f\u00fcr Immobilieninvestitions- und -entwicklungsgesellschaften als auch bei der Kreditaufnahme zur Finanzierung von Akquisitionen, z. B. im Hotel- und Hochzeitsgesch\u00e4ft, aber auch in anderen damit zusammenh\u00e4ngenden Bereichen wie <a href=\"https:\/\/rfblegal.co.uk\/de\/dienstleistungen\/wirtschaftsrecht\/dienstleistungen-fur-gewerbeimmobilien\/gewerbliche-immobilienentwicklung\/\">Immobilienentwicklung<\/a> und Immobilien-Joint-Ventures. Die Flexibilit\u00e4t unserer Anw\u00e4lte bedeutet, dass wir bei Vereinbarungen beraten, die von relativ kleinen Fazilit\u00e4ten bis hin zu Krediten von \u00fcber 100 Millionen Pfund reichen.<\/p>\n\n\n\n<p><\/p>","protected":false},"excerpt":{"rendered":"<p>Eine Einf\u00fchrung und ein \u00dcberblick \u00fcber Eigenkapitalbeschaffung, Kreditaufnahme und Kreditvergabe Wir wissen, dass die Finanzierung Ihres Unternehmens in verschiedenen Phasen von entscheidender Bedeutung sein kann, von Neugr\u00fcndungen und wachsenden Unternehmen \u00fcber Akquisitionen bis hin zu reifem Wachstum und Refinanzierung. Dank unseres umfassenden Fachwissens k\u00f6nnen unsere Unternehmensjuristen und Anw\u00e4lte die Anforderungen und Bedenken von Kreditgebern und Investoren vorhersehen ... <a href=\"https:\/\/rfblegal.co.uk\/de\/dienstleistungen\/personenrecht\/unternehmen-2\/darlehen-anleihen-und-eigenkapital\/\">Fortsetzung<\/a><\/p>","protected":false},"author":1,"featured_media":0,"parent":2385,"menu_order":0,"comment_status":"closed","ping_status":"closed","template":"tier3-template.blade.php","meta":{"_acf_changed":false,"om_disable_all_campaigns":false,"_uf_show_specific_survey":0,"_uf_disable_surveys":false,"footnotes":""},"class_list":["post-2399","page","type-page","status-publish","hentry"],"acf":[],"aioseo_notices":[],"yoast_head":"<!-- This site is optimized with the Yoast SEO plugin v27.2 - https:\/\/yoast.com\/product\/yoast-seo-wordpress\/ -->\n<title>Loans and Equity - RFB Legal<\/title>\n<meta name=\"description\" content=\"An introduction and overview to equity fundraising, borrowing and lending We know that financing for your business can be crucial at a number of stages,\" \/>\n<meta name=\"robots\" content=\"index, follow, max-snippet:-1, max-image-preview:large, max-video-preview:-1\" \/>\n<link rel=\"canonical\" href=\"https:\/\/rfblegal.co.uk\/de\/dienstleistungen\/personenrecht\/unternehmen-2\/darlehen-anleihen-und-eigenkapital\/\" \/>\n<meta property=\"og:locale\" content=\"de_DE\" \/>\n<meta property=\"og:type\" content=\"article\" \/>\n<meta property=\"og:title\" content=\"Loans and Equity - RFB Legal\" \/>\n<meta property=\"og:description\" content=\"An introduction and overview to equity fundraising, borrowing and lending We know that financing for your business can be crucial at a number of stages,\" \/>\n<meta property=\"og:url\" content=\"https:\/\/rfblegal.co.uk\/de\/dienstleistungen\/personenrecht\/unternehmen-2\/darlehen-anleihen-und-eigenkapital\/\" \/>\n<meta property=\"og:site_name\" content=\"RFB Legal\" \/>\n<meta property=\"article:publisher\" content=\"https:\/\/www.facebook.com\/RFBLegal\/\" \/>\n<meta property=\"article:modified_time\" content=\"2026-03-26T10:53:38+00:00\" \/>\n<meta name=\"twitter:card\" content=\"summary_large_image\" \/>\n<meta name=\"twitter:label1\" content=\"Est. reading time\" \/>\n\t<meta name=\"twitter:data1\" content=\"2\u00a0Minuten\" \/>\n<script type=\"application\/ld+json\" class=\"yoast-schema-graph\">{\"@context\":\"https:\/\/schema.org\",\"@graph\":[{\"@type\":\"WebPage\",\"@id\":\"https:\/\/rfblegal.co.uk\/services\/personal-law\/corporate\/loans-bonds-and-equity\/\",\"url\":\"https:\/\/rfblegal.co.uk\/services\/personal-law\/corporate\/loans-bonds-and-equity\/\",\"name\":\"Loans and Equity - RFB Legal\",\"isPartOf\":{\"@id\":\"https:\/\/rfblegal.co.uk\/#website\"},\"datePublished\":\"2024-02-21T15:27:19+00:00\",\"dateModified\":\"2026-03-26T10:53:38+00:00\",\"description\":\"An introduction and overview to equity fundraising, borrowing and lending We know that financing for your business can be crucial at a number of stages,\",\"breadcrumb\":{\"@id\":\"https:\/\/rfblegal.co.uk\/services\/personal-law\/corporate\/loans-bonds-and-equity\/#breadcrumb\"},\"inLanguage\":\"de\",\"potentialAction\":[{\"@type\":\"ReadAction\",\"target\":[\"https:\/\/rfblegal.co.uk\/services\/personal-law\/corporate\/loans-bonds-and-equity\/\"]}]},{\"@type\":\"BreadcrumbList\",\"@id\":\"https:\/\/rfblegal.co.uk\/services\/personal-law\/corporate\/loans-bonds-and-equity\/#breadcrumb\",\"itemListElement\":[{\"@type\":\"ListItem\",\"position\":1,\"name\":\"Home\",\"item\":\"https:\/\/rfblegal.co.uk\/\"},{\"@type\":\"ListItem\",\"position\":2,\"name\":\"Services\",\"item\":\"https:\/\/rfblegal.co.uk\/services\/\"},{\"@type\":\"ListItem\",\"position\":3,\"name\":\"Personal Law Services\",\"item\":\"https:\/\/rfblegal.co.uk\/services\/personal-law\/\"},{\"@type\":\"ListItem\",\"position\":4,\"name\":\"Corporate\",\"item\":\"https:\/\/rfblegal.co.uk\/services\/personal-law\/corporate\/\"},{\"@type\":\"ListItem\",\"position\":5,\"name\":\"Loans and Equity\"}]},{\"@type\":\"WebSite\",\"@id\":\"https:\/\/rfblegal.co.uk\/#website\",\"url\":\"https:\/\/rfblegal.co.uk\/\",\"name\":\"RFB Legal\",\"description\":\"\",\"publisher\":{\"@id\":\"https:\/\/rfblegal.co.uk\/#organization\"},\"potentialAction\":[{\"@type\":\"SearchAction\",\"target\":{\"@type\":\"EntryPoint\",\"urlTemplate\":\"https:\/\/rfblegal.co.uk\/?s={search_term_string}\"},\"query-input\":{\"@type\":\"PropertyValueSpecification\",\"valueRequired\":true,\"valueName\":\"search_term_string\"}}],\"inLanguage\":\"de\"},{\"@type\":\"Organization\",\"@id\":\"https:\/\/rfblegal.co.uk\/#organization\",\"name\":\"RFB Legal\",\"url\":\"https:\/\/rfblegal.co.uk\/\",\"logo\":{\"@type\":\"ImageObject\",\"inLanguage\":\"de\",\"@id\":\"https:\/\/rfblegal.co.uk\/#\/schema\/logo\/image\/\",\"url\":\"https:\/\/rfblegal.co.uk\/wp-content\/uploads\/2024\/01\/header_company_logo.svg\",\"contentUrl\":\"https:\/\/rfblegal.co.uk\/wp-content\/uploads\/2024\/01\/header_company_logo.svg\",\"caption\":\"RFB Legal\"},\"image\":{\"@id\":\"https:\/\/rfblegal.co.uk\/#\/schema\/logo\/image\/\"},\"sameAs\":[\"https:\/\/www.facebook.com\/RFBLegal\/\",\"https:\/\/www.linkedin.com\/uas\/login?session_redirect=company2012282\",\"https:\/\/www.instagram.com\/rfb_legal\/\"]}]}<\/script>\n<!-- \/ Yoast SEO plugin. -->","yoast_head_json":{"title":"Darlehen und Eigenkapital - RFB Legal","description":"Eine Einf\u00fchrung und ein \u00dcberblick \u00fcber Eigenkapitalbeschaffung, Kreditaufnahme und Kreditvergabe Wir wissen, dass die Finanzierung Ihres Unternehmens in verschiedenen Phasen entscheidend sein kann,","robots":{"index":"index","follow":"follow","max-snippet":"max-snippet:-1","max-image-preview":"max-image-preview:large","max-video-preview":"max-video-preview:-1"},"canonical":"https:\/\/rfblegal.co.uk\/de\/dienstleistungen\/personenrecht\/unternehmen-2\/darlehen-anleihen-und-eigenkapital\/","og_locale":"de_DE","og_type":"article","og_title":"Loans and Equity - RFB Legal","og_description":"An introduction and overview to equity fundraising, borrowing and lending We know that financing for your business can be crucial at a number of stages,","og_url":"https:\/\/rfblegal.co.uk\/de\/dienstleistungen\/personenrecht\/unternehmen-2\/darlehen-anleihen-und-eigenkapital\/","og_site_name":"RFB Legal","article_publisher":"https:\/\/www.facebook.com\/RFBLegal\/","article_modified_time":"2026-03-26T10:53:38+00:00","twitter_card":"summary_large_image","twitter_misc":{"Est. reading time":"2\u00a0Minuten"},"schema":{"@context":"https:\/\/schema.org","@graph":[{"@type":"WebPage","@id":"https:\/\/rfblegal.co.uk\/services\/personal-law\/corporate\/loans-bonds-and-equity\/","url":"https:\/\/rfblegal.co.uk\/services\/personal-law\/corporate\/loans-bonds-and-equity\/","name":"Darlehen und Eigenkapital - RFB Legal","isPartOf":{"@id":"https:\/\/rfblegal.co.uk\/#website"},"datePublished":"2024-02-21T15:27:19+00:00","dateModified":"2026-03-26T10:53:38+00:00","description":"Eine Einf\u00fchrung und ein \u00dcberblick \u00fcber Eigenkapitalbeschaffung, Kreditaufnahme und Kreditvergabe Wir wissen, dass die Finanzierung Ihres Unternehmens in verschiedenen Phasen entscheidend sein kann,","breadcrumb":{"@id":"https:\/\/rfblegal.co.uk\/services\/personal-law\/corporate\/loans-bonds-and-equity\/#breadcrumb"},"inLanguage":"de","potentialAction":[{"@type":"ReadAction","target":["https:\/\/rfblegal.co.uk\/services\/personal-law\/corporate\/loans-bonds-and-equity\/"]}]},{"@type":"BreadcrumbList","@id":"https:\/\/rfblegal.co.uk\/services\/personal-law\/corporate\/loans-bonds-and-equity\/#breadcrumb","itemListElement":[{"@type":"ListItem","position":1,"name":"Home","item":"https:\/\/rfblegal.co.uk\/"},{"@type":"ListItem","position":2,"name":"Services","item":"https:\/\/rfblegal.co.uk\/services\/"},{"@type":"ListItem","position":3,"name":"Personal Law Services","item":"https:\/\/rfblegal.co.uk\/services\/personal-law\/"},{"@type":"ListItem","position":4,"name":"Corporate","item":"https:\/\/rfblegal.co.uk\/services\/personal-law\/corporate\/"},{"@type":"ListItem","position":5,"name":"Loans and Equity"}]},{"@type":"WebSite","@id":"https:\/\/rfblegal.co.uk\/#website","url":"https:\/\/rfblegal.co.uk\/","name":"RFB Legal","description":"","publisher":{"@id":"https:\/\/rfblegal.co.uk\/#organization"},"potentialAction":[{"@type":"SearchAction","target":{"@type":"EntryPoint","urlTemplate":"https:\/\/rfblegal.co.uk\/?s={search_term_string}"},"query-input":{"@type":"PropertyValueSpecification","valueRequired":true,"valueName":"search_term_string"}}],"inLanguage":"de"},{"@type":"Organization","@id":"https:\/\/rfblegal.co.uk\/#organization","name":"RFB Legal","url":"https:\/\/rfblegal.co.uk\/","logo":{"@type":"ImageObject","inLanguage":"de","@id":"https:\/\/rfblegal.co.uk\/#\/schema\/logo\/image\/","url":"https:\/\/rfblegal.co.uk\/wp-content\/uploads\/2024\/01\/header_company_logo.svg","contentUrl":"https:\/\/rfblegal.co.uk\/wp-content\/uploads\/2024\/01\/header_company_logo.svg","caption":"RFB Legal"},"image":{"@id":"https:\/\/rfblegal.co.uk\/#\/schema\/logo\/image\/"},"sameAs":["https:\/\/www.facebook.com\/RFBLegal\/","https:\/\/www.linkedin.com\/uas\/login?session_redirect=company2012282","https:\/\/www.instagram.com\/rfb_legal\/"]}]}},"_links":{"self":[{"href":"https:\/\/rfblegal.co.uk\/de\/wp-json\/wp\/v2\/pages\/2399","targetHints":{"allow":["GET"]}}],"collection":[{"href":"https:\/\/rfblegal.co.uk\/de\/wp-json\/wp\/v2\/pages"}],"about":[{"href":"https:\/\/rfblegal.co.uk\/de\/wp-json\/wp\/v2\/types\/page"}],"author":[{"embeddable":true,"href":"https:\/\/rfblegal.co.uk\/de\/wp-json\/wp\/v2\/users\/1"}],"replies":[{"embeddable":true,"href":"https:\/\/rfblegal.co.uk\/de\/wp-json\/wp\/v2\/comments?post=2399"}],"version-history":[{"count":1,"href":"https:\/\/rfblegal.co.uk\/de\/wp-json\/wp\/v2\/pages\/2399\/revisions"}],"predecessor-version":[{"id":9078,"href":"https:\/\/rfblegal.co.uk\/de\/wp-json\/wp\/v2\/pages\/2399\/revisions\/9078"}],"up":[{"embeddable":true,"href":"https:\/\/rfblegal.co.uk\/de\/wp-json\/wp\/v2\/pages\/2385"}],"wp:attachment":[{"href":"https:\/\/rfblegal.co.uk\/de\/wp-json\/wp\/v2\/media?parent=2399"}],"curies":[{"name":"wp","href":"https:\/\/api.w.org\/{rel}","templated":true}]}}