{"id":2310,"date":"2024-02-21T14:35:40","date_gmt":"2024-02-21T14:35:40","guid":{"rendered":"https:\/\/rfblegal.co.uk\/?page_id=2310"},"modified":"2026-04-15T11:13:00","modified_gmt":"2026-04-15T11:13:00","slug":"contentious-trusts-and-probate","status":"publish","type":"page","link":"https:\/\/rfblegal.co.uk\/de\/dienstleistungen\/personenrecht\/contentious-trusts-and-probate\/","title":{"rendered":"Contentious Trusts &amp; Probate"},"content":{"rendered":"<h2 class=\"wp-block-heading has-2-xl-font-size\" style=\"padding-top:var(--wp--preset--spacing--20);padding-bottom:var(--wp--preset--spacing--20);font-style:normal;font-weight:600\">Streitige Trusts und Nachl\u00e4sse<\/h2>\n\n\n\n<h4 class=\"wp-block-heading has-lg-font-size\" style=\"padding-top:var(--wp--preset--spacing--20);padding-bottom:var(--wp--preset--spacing--20);font-style:normal;font-weight:500\"><strong>Die Abteilung f\u00fcr streitige Treuhand- und Nachlassangelegenheiten ist ein multidisziplin\u00e4res Team, das sich aus Anw\u00e4lten zusammensetzt, die auch in den Bereichen Privatkunden, Rechtsstreitigkeiten und Familienangelegenheiten t\u00e4tig sind, so dass wir unseren Kunden das notwendige Fachwissen zur Verf\u00fcgung stellen k\u00f6nnen, um sie bei Anspr\u00fcchen im Zusammenhang mit Treuhand- und Nachlassangelegenheiten zu unterst\u00fctzen.<\/strong><\/h4>\n\n\n\n<p style=\"padding-top:var(--wp--preset--spacing--20);padding-bottom:var(--wp--preset--spacing--20)\">Wir k\u00f6nnen Testamentsvollstrecker, Treuh\u00e4nder und Beg\u00fcnstigte in Situationen beraten, in denen es nach einem Todesfall zu famili\u00e4ren Streitigkeiten kommt. Wir bem\u00fchen uns, Streitigkeiten sensibel und so schnell wie m\u00f6glich beizulegen, um den Stress in einer ohnehin schwierigen Zeit zu minimieren.<\/p>\n\n\n\n<p style=\"padding-top:var(--wp--preset--spacing--20);padding-bottom:var(--wp--preset--spacing--20)\">Unser Team ist in der Lage, bei der Geltendmachung oder Abwehr von Anspr\u00fcchen in Bezug auf die G\u00fcltigkeit eines Testaments zu helfen. Dies kann der Fall sein, wenn Zweifel an der ordnungsgem\u00e4\u00dfen Testamentsvollstreckung oder an der F\u00e4higkeit des Verstorbenen, das Testament zu errichten, oder an der Kenntnis und Zustimmung zu seinem Inhalt bestehen und wenn der Verdacht besteht, dass das Testament durch N\u00f6tigung oder Betrug errichtet wurde.<\/p>\n\n\n\n<p style=\"padding-top:var(--wp--preset--spacing--20);padding-bottom:var(--wp--preset--spacing--20)\">Wir vertreten auch Anspr\u00fcche von entt\u00e4uschten Beg\u00fcnstigten nach dem Inheritance (Provision for Family and Dependants) Act 1975, die sich darauf berufen, dass ihnen nach den Bestimmungen des Testaments oder des Nachlasses des Verstorbenen kein ausreichender Anteil am Nachlass zusteht.<\/p>\n\n\n\n<p style=\"padding-top:var(--wp--preset--spacing--20);padding-bottom:var(--wp--preset--spacing--20)\">Wenn die mit der Verwaltung von Treuhandverm\u00f6gen oder Nachl\u00e4ssen betrauten Personen ihre Pflichten nicht ordnungsgem\u00e4\u00df zu erf\u00fcllen scheinen, k\u00f6nnen wir uns einschalten und versuchen, weitere Verz\u00f6gerungen, Missmanagement oder Interessenkonflikte zu verhindern. Falls erforderlich, k\u00f6nnen wir bei Gericht Antr\u00e4ge auf Absetzung von Treuh\u00e4ndern oder pers\u00f6nlichen Vertretern stellen.<\/p>\n\n\n\n<p style=\"padding-top:var(--wp--preset--spacing--20);padding-bottom:var(--wp--preset--spacing--20)\">Enth\u00e4lt das Testament einen Fehler oder sind seine Bestimmungen unklar, k\u00f6nnen wir gegebenenfalls auch Antr\u00e4ge an das Gericht stellen, um eine Berichtigung oder eine Entscheidung \u00fcber die richtige Auslegung zu erwirken.<\/p>\n\n\n\n<p style=\"padding-top:var(--wp--preset--spacing--20);padding-bottom:var(--wp--preset--spacing--20)\">Wir k\u00f6nnen auch bei Streitigkeiten \u00fcber Schenkungen zu Lebzeiten helfen, die erst nach dem Tod des Verstorbenen ans Licht kommen, sowie bei Versprechungen, die der Verstorbene m\u00f6glicherweise dar\u00fcber gemacht hat, wer sein Verm\u00f6gen nach seinem Tod erhalten soll.<\/p>\n\n\n\n<p style=\"padding-top:var(--wp--preset--spacing--20);padding-bottom:var(--wp--preset--spacing--20)\">\t\t\t\t\t\t<style>\r\n\t\t\t\t<style>\r\n#wpsm_accordion_2889 .wpsm_panel-heading{\r\n\tpadding:0px !important;\r\n}\r\n#wpsm_accordion_2889 .wpsm_panel-title {\r\n\tmargin:0px !important; \r\n\ttext-transform:none !important;\r\n\tline-height: 1 !important;\r\n}\r\n#wpsm_accordion_2889 .wpsm_panel-title a{\r\n\ttext-decoration:none;\r\n\toverflow:hidden;\r\n\tdisplay:block;\r\n\tpadding:0px;\r\n\tfont-size: 18px !important;\r\n\tfont-family: Open Sans !important;\r\n\tcolor:#000000 !important;\r\n\tborder-bottom:0px !important;\r\n}\r\n\r\n#wpsm_accordion_2889 .wpsm_panel-title a:focus {\r\noutline: 0px !important;\r\n}\r\n\r\n#wpsm_accordion_2889 .wpsm_panel-title a:hover, #wpsm_accordion_2889 .wpsm_panel-title a:focus {\r\n\tcolor:#000000 !important;\r\n}\r\n#wpsm_accordion_2889 .acc-a{\r\n\tcolor: #000000 !important;\r\n\tbackground-color:#e8e8e8 !important;\r\n\tborder-color: #ddd;\r\n}\r\n#wpsm_accordion_2889 .wpsm_panel-default > .wpsm_panel-heading{\r\n\tcolor: #000000 !important;\r\n\tbackground-color: #e8e8e8 !important;\r\n\tborder-color: #e8e8e8 !important;\r\n\tborder-top-left-radius: 0px;\r\n\tborder-top-right-radius: 0px;\r\n}\r\n#wpsm_accordion_2889 .wpsm_panel-default {\r\n\t\tborder:1px solid transparent !important;\r\n\t}\r\n#wpsm_accordion_2889 {\r\n\tmargin-bottom: 20px;\r\n\toverflow: hidden;\r\n\tfloat: none;\r\n\twidth: 100%;\r\n\tdisplay: block;\r\n}\r\n#wpsm_accordion_2889 .ac_title_class{\r\n\tdisplay: block;\r\n\tpadding-top: 12px;\r\n\tpadding-bottom: 12px;\r\n\tpadding-left: 15px;\r\n\tpadding-right: 15px;\r\n}\r\n#wpsm_accordion_2889  .wpsm_panel {\r\n\toverflow:hidden;\r\n\t-webkit-box-shadow: 0 0px 0px rgba(0, 0, 0, .05);\r\n\tbox-shadow: 0 0px 0px rgba(0, 0, 0, .05);\r\n\t\tborder-radius: 4px;\r\n\t}\r\n#wpsm_accordion_2889  .wpsm_panel + .wpsm_panel {\r\n\t\tmargin-top: 5px;\r\n\t}\r\n#wpsm_accordion_2889  .wpsm_panel-body{\r\n\tbackground-color:#ffffff !important;\r\n\tcolor:#000000 !important;\r\n\tborder-top-color: #e8e8e8 !important;\r\n\tfont-size:16px !important;\r\n\tfont-family: Open Sans !important;\r\n\toverflow: hidden;\r\n\t\tborder: 2px solid #e8e8e8 !important;\r\n\t}\r\n\r\n#wpsm_accordion_2889 .ac_open_cl_icon{\r\n\tbackground-color:#e8e8e8 !important;\r\n\tcolor: #000000 !important;\r\n\tfloat:right !important;\r\n\tpadding-top: 12px !important;\r\n\tpadding-bottom: 12px !important;\r\n\tline-height: 1.0 !important;\r\n\tpadding-left: 15px !important;\r\n\tpadding-right: 15px !important;\r\n\tdisplay: inline-block !important;\r\n}\r\n\r\n\t\t\t\r\n\t\t\t<\/style>\t\r\n\t\t\t<\/style>\r\n\t\t\t<div class=\"wpsm_panel-group\" id=\"wpsm_accordion_2889\" >\r\n\t\t\t\t\t\t\t\t\r\n\t\t\t\t\t<!-- Inner panel Start -->\r\n\t\t\t\t\t<div class=\"wpsm_panel wpsm_panel-default\">\r\n\t\t\t\t\t\t<div class=\"wpsm_panel-heading\" role=\"tab\" >\r\n\t\t\t\t\t\t  <h4 class=\"wpsm_panel-title\">\r\n\t\t\t\t\t\t\t<a  class=\"\"  data-toggle=\"collapse\" data-parent=\"#wpsm_accordion_2889 \" href=\"javascript:void(0)\" data-target=\"#ac_2889_collapse1\" onclick=\"do_resize()\">\r\n\t\t\t\t\t\t\t\t\t\t\t\t\t\t\t\t\t<span class=\"ac_open_cl_icon fa fa-minus\"><\/span>\r\n\t\t\t\t\t\t\t\t\t\r\n\t\t\t\t\t\t\t\t \r\n\t\t\t\t\t\t\t\t<span class=\"ac_title_class\">\r\n\t\t\t\t\t\t\t\t\tEXPERTISE :\t\t\t\t\t\t\t\t<\/span>\r\n\t\t\t\t\t\t\t<\/a>\r\n\t\t\t\t\t\t  <\/h4>\r\n\t\t\t\t\t\t<\/div>\r\n\t\t\t\t\t\t<div id=\"ac_2889_collapse1\" class=\"wpsm_panel-collapse collapse in\"  >\r\n\t\t\t\t\t\t  <div class=\"wpsm_panel-body\">\r\n\t\t\t\t\t\t\t&nbsp;\r\n\r\nUnser Team f\u00fcr strittige Treuhand- und Nachlassangelegenheiten befasst sich mit Streitigkeiten im Zusammenhang mit:\r\n<ul>\r\n \t<li>- G\u00fcltigkeit von Testamenten<\/li>\r\n \t<li>- Anspr\u00fcche nach dem Inheritance Act 1975<\/li>\r\n \t<li>- Abberufung von Testamentsvollstreckern und Treuh\u00e4ndern<\/li>\r\n \t<li>- Untreue<\/li>\r\n \t<li>- \u00dcbertragungen auf Lebenszeit<\/li>\r\n \t<li>- Eigentumsvorbehalt<\/li>\r\n \t<li>- Konstruktive Trusts<\/li>\r\n<\/ul>\r\n&nbsp;\t\t\t\t\t\t  <\/div>\r\n\t\t\t\t\t\t<\/div>\r\n\t\t\t\t\t<\/div>\r\n\t\t\t\t\t<!-- Inner panel End -->\r\n\t\t\t\t\t\r\n\t\t\t\t\t\t\t<\/div>\r\n\t\t\t\r\n<script type=\"text\/javascript\">\r\n\t\r\n\t\tfunction do_resize(){\r\n\r\n\t\t\tvar width=jQuery( '.wpsm_panel .wpsm_panel-body iframe' ).width();\r\n\t\t\tvar height=jQuery( '.wpsm_panel .wpsm_panel-body iframe' ).height();\r\n\r\n\t\t\tvar toggleSize = true;\r\n\t\t\tjQuery('iframe').animate({\r\n\t\t\t    width: toggleSize ? width : 640,\r\n\t\t\t    height: toggleSize ? height : 360\r\n\t\t\t  }, 250);\r\n\r\n\t\t\t  toggleSize = !toggleSize;\r\n\t\t}\r\n\t\t\r\n<\/script>\t<\/p>\n\n\n\n<h3 class=\"wp-block-heading\" style=\"padding-top:var(--wp--preset--spacing--20);padding-bottom:var(--wp--preset--spacing--20)\"><strong>Zus\u00e4tzliche Informationen<\/strong><\/h3>\n\n\n\n<ul class=\"wp-block-list\">\n<li>Nachrichten Autor:Chris O'Callaghan | Devorah Ormonde<\/li>\n<\/ul>","protected":false},"excerpt":{"rendered":"<p>Contentious Trusts and Probate The Contentious Trusts and Probate department is a multi-disciplinary team comprising solicitors who are also involved Private Client, Litigation and Family work to enable us to provide clients with the necessary expertise to assist with claims relating to trusts and estates. We can provide specialist advice to executors, trustees, beneficiaries in &hellip; <a href=\"https:\/\/rfblegal.co.uk\/de\/?p=2889\">Fortsetzung<\/a><\/p>","protected":false},"author":1,"featured_media":2863,"parent":357,"menu_order":0,"comment_status":"closed","ping_status":"closed","template":"tier3-template.blade.php","meta":{"_acf_changed":false,"om_disable_all_campaigns":false,"_uf_show_specific_survey":0,"_uf_disable_surveys":false,"footnotes":""},"class_list":["post-2310","page","type-page","status-publish","has-post-thumbnail","hentry"],"acf":[],"aioseo_notices":[],"yoast_head":"<!-- This site is optimized with the Yoast SEO plugin v27.2 - https:\/\/yoast.com\/product\/yoast-seo-wordpress\/ -->\n<title>Contentious Trusts &amp; Probate - RFB Legal<\/title>\n<meta name=\"description\" content=\"Contentious Trusts and Probate The Contentious Trusts and Probate department is a multi-disciplinary team comprising solicitors who are also involved\" \/>\n<meta name=\"robots\" content=\"index, follow, max-snippet:-1, max-image-preview:large, max-video-preview:-1\" \/>\n<link rel=\"canonical\" href=\"https:\/\/rfblegal.co.uk\/de\/dienstleistungen\/personenrecht\/contentious-trusts-and-probate\/\" \/>\n<meta property=\"og:locale\" content=\"de_DE\" \/>\n<meta property=\"og:type\" content=\"article\" \/>\n<meta property=\"og:title\" content=\"Contentious Trusts &amp; Probate - RFB Legal\" \/>\n<meta property=\"og:description\" content=\"Contentious Trusts and Probate The Contentious Trusts and Probate department is a multi-disciplinary team comprising solicitors who are also involved\" \/>\n<meta property=\"og:url\" content=\"https:\/\/rfblegal.co.uk\/de\/dienstleistungen\/personenrecht\/contentious-trusts-and-probate\/\" \/>\n<meta property=\"og:site_name\" content=\"RFB Legal\" \/>\n<meta property=\"article:publisher\" content=\"https:\/\/www.facebook.com\/RFBLegal\/\" \/>\n<meta property=\"article:modified_time\" content=\"2026-04-15T11:13:00+00:00\" \/>\n<meta property=\"og:image\" content=\"https:\/\/rfblegal.co.uk\/wp-content\/uploads\/2024\/02\/Contentious_Trusts_and_Probate-1.jpg\" \/>\n\t<meta property=\"og:image:width\" content=\"1440\" \/>\n\t<meta property=\"og:image:height\" content=\"550\" \/>\n\t<meta property=\"og:image:type\" content=\"image\/jpeg\" \/>\n<meta name=\"twitter:card\" content=\"summary_large_image\" \/>\n<meta name=\"twitter:label1\" content=\"Est. reading time\" \/>\n\t<meta name=\"twitter:data1\" content=\"2 minutes\" \/>\n<script type=\"application\/ld+json\" class=\"yoast-schema-graph\">{\"@context\":\"https:\/\/schema.org\",\"@graph\":[{\"@type\":\"WebPage\",\"@id\":\"https:\/\/rfblegal.co.uk\/services\/personal-law\/contentious-trusts-and-probate\/\",\"url\":\"https:\/\/rfblegal.co.uk\/services\/personal-law\/contentious-trusts-and-probate\/\",\"name\":\"Contentious Trusts &amp; Probate - RFB Legal\",\"isPartOf\":{\"@id\":\"https:\/\/rfblegal.co.uk\/#website\"},\"primaryImageOfPage\":{\"@id\":\"https:\/\/rfblegal.co.uk\/services\/personal-law\/contentious-trusts-and-probate\/#primaryimage\"},\"image\":{\"@id\":\"https:\/\/rfblegal.co.uk\/services\/personal-law\/contentious-trusts-and-probate\/#primaryimage\"},\"thumbnailUrl\":\"https:\/\/rfblegal.co.uk\/wp-content\/uploads\/2024\/02\/Contentious_Trusts_and_Probate-1.jpg\",\"datePublished\":\"2024-02-21T14:35:40+00:00\",\"dateModified\":\"2026-04-15T11:13:00+00:00\",\"description\":\"Contentious Trusts and Probate The Contentious Trusts and Probate department is a multi-disciplinary team comprising solicitors who are also involved\",\"breadcrumb\":{\"@id\":\"https:\/\/rfblegal.co.uk\/services\/personal-law\/contentious-trusts-and-probate\/#breadcrumb\"},\"inLanguage\":\"de-DE\",\"potentialAction\":[{\"@type\":\"ReadAction\",\"target\":[\"https:\/\/rfblegal.co.uk\/services\/personal-law\/contentious-trusts-and-probate\/\"]}]},{\"@type\":\"ImageObject\",\"inLanguage\":\"de-DE\",\"@id\":\"https:\/\/rfblegal.co.uk\/services\/personal-law\/contentious-trusts-and-probate\/#primaryimage\",\"url\":\"https:\/\/rfblegal.co.uk\/wp-content\/uploads\/2024\/02\/Contentious_Trusts_and_Probate-1.jpg\",\"contentUrl\":\"https:\/\/rfblegal.co.uk\/wp-content\/uploads\/2024\/02\/Contentious_Trusts_and_Probate-1.jpg\",\"width\":1440,\"height\":550},{\"@type\":\"BreadcrumbList\",\"@id\":\"https:\/\/rfblegal.co.uk\/services\/personal-law\/contentious-trusts-and-probate\/#breadcrumb\",\"itemListElement\":[{\"@type\":\"ListItem\",\"position\":1,\"name\":\"Home\",\"item\":\"https:\/\/rfblegal.co.uk\/\"},{\"@type\":\"ListItem\",\"position\":2,\"name\":\"Services\",\"item\":\"https:\/\/rfblegal.co.uk\/services\/\"},{\"@type\":\"ListItem\",\"position\":3,\"name\":\"Personal Law Services\",\"item\":\"https:\/\/rfblegal.co.uk\/services\/personal-law\/\"},{\"@type\":\"ListItem\",\"position\":4,\"name\":\"Contentious Trusts &amp; Probate\"}]},{\"@type\":\"WebSite\",\"@id\":\"https:\/\/rfblegal.co.uk\/#website\",\"url\":\"https:\/\/rfblegal.co.uk\/\",\"name\":\"RFB Legal\",\"description\":\"\",\"publisher\":{\"@id\":\"https:\/\/rfblegal.co.uk\/#organization\"},\"potentialAction\":[{\"@type\":\"SearchAction\",\"target\":{\"@type\":\"EntryPoint\",\"urlTemplate\":\"https:\/\/rfblegal.co.uk\/?s={search_term_string}\"},\"query-input\":{\"@type\":\"PropertyValueSpecification\",\"valueRequired\":true,\"valueName\":\"search_term_string\"}}],\"inLanguage\":\"de-DE\"},{\"@type\":\"Organization\",\"@id\":\"https:\/\/rfblegal.co.uk\/#organization\",\"name\":\"RFB Legal\",\"url\":\"https:\/\/rfblegal.co.uk\/\",\"logo\":{\"@type\":\"ImageObject\",\"inLanguage\":\"de-DE\",\"@id\":\"https:\/\/rfblegal.co.uk\/#\/schema\/logo\/image\/\",\"url\":\"https:\/\/rfblegal.co.uk\/wp-content\/uploads\/2024\/01\/header_company_logo.svg\",\"contentUrl\":\"https:\/\/rfblegal.co.uk\/wp-content\/uploads\/2024\/01\/header_company_logo.svg\",\"caption\":\"RFB Legal\"},\"image\":{\"@id\":\"https:\/\/rfblegal.co.uk\/#\/schema\/logo\/image\/\"},\"sameAs\":[\"https:\/\/www.facebook.com\/RFBLegal\/\",\"https:\/\/www.linkedin.com\/uas\/login?session_redirect=company2012282\",\"https:\/\/www.instagram.com\/rfb_legal\/\"]}]}<\/script>\n<!-- \/ Yoast SEO plugin. -->","yoast_head_json":{"title":"Contentious Trusts &amp; Probate - RFB Legal","description":"Streitige Treuhand- und Nachlassangelegenheiten Die Abteilung Streitige Treuhand- und Nachlassangelegenheiten ist ein multidisziplin\u00e4res Team, das sich aus Anw\u00e4lten zusammensetzt, die auch mit folgenden Aufgaben betraut sind","robots":{"index":"index","follow":"follow","max-snippet":"max-snippet:-1","max-image-preview":"max-image-preview:large","max-video-preview":"max-video-preview:-1"},"canonical":"https:\/\/rfblegal.co.uk\/de\/dienstleistungen\/personenrecht\/contentious-trusts-and-probate\/","og_locale":"de_DE","og_type":"article","og_title":"Contentious Trusts &amp; Probate - RFB Legal","og_description":"Contentious Trusts and Probate The Contentious Trusts and Probate department is a multi-disciplinary team comprising solicitors who are also involved","og_url":"https:\/\/rfblegal.co.uk\/de\/dienstleistungen\/personenrecht\/contentious-trusts-and-probate\/","og_site_name":"RFB Legal","article_publisher":"https:\/\/www.facebook.com\/RFBLegal\/","article_modified_time":"2026-04-15T11:13:00+00:00","og_image":[{"width":1440,"height":550,"url":"https:\/\/rfblegal.co.uk\/wp-content\/uploads\/2024\/02\/Contentious_Trusts_and_Probate-1.jpg","type":"image\/jpeg"}],"twitter_card":"summary_large_image","twitter_misc":{"Est. reading time":"2 minutes"},"schema":{"@context":"https:\/\/schema.org","@graph":[{"@type":"WebPage","@id":"https:\/\/rfblegal.co.uk\/services\/personal-law\/contentious-trusts-and-probate\/","url":"https:\/\/rfblegal.co.uk\/services\/personal-law\/contentious-trusts-and-probate\/","name":"Contentious Trusts &amp; Probate - RFB Legal","isPartOf":{"@id":"https:\/\/rfblegal.co.uk\/#website"},"primaryImageOfPage":{"@id":"https:\/\/rfblegal.co.uk\/services\/personal-law\/contentious-trusts-and-probate\/#primaryimage"},"image":{"@id":"https:\/\/rfblegal.co.uk\/services\/personal-law\/contentious-trusts-and-probate\/#primaryimage"},"thumbnailUrl":"https:\/\/rfblegal.co.uk\/wp-content\/uploads\/2024\/02\/Contentious_Trusts_and_Probate-1.jpg","datePublished":"2024-02-21T14:35:40+00:00","dateModified":"2026-04-15T11:13:00+00:00","description":"Streitige Treuhand- und Nachlassangelegenheiten Die Abteilung Streitige Treuhand- und Nachlassangelegenheiten ist ein multidisziplin\u00e4res Team, das sich aus Anw\u00e4lten zusammensetzt, die auch mit folgenden Aufgaben betraut sind","breadcrumb":{"@id":"https:\/\/rfblegal.co.uk\/services\/personal-law\/contentious-trusts-and-probate\/#breadcrumb"},"inLanguage":"de-DE","potentialAction":[{"@type":"ReadAction","target":["https:\/\/rfblegal.co.uk\/services\/personal-law\/contentious-trusts-and-probate\/"]}]},{"@type":"ImageObject","inLanguage":"de-DE","@id":"https:\/\/rfblegal.co.uk\/services\/personal-law\/contentious-trusts-and-probate\/#primaryimage","url":"https:\/\/rfblegal.co.uk\/wp-content\/uploads\/2024\/02\/Contentious_Trusts_and_Probate-1.jpg","contentUrl":"https:\/\/rfblegal.co.uk\/wp-content\/uploads\/2024\/02\/Contentious_Trusts_and_Probate-1.jpg","width":1440,"height":550},{"@type":"BreadcrumbList","@id":"https:\/\/rfblegal.co.uk\/services\/personal-law\/contentious-trusts-and-probate\/#breadcrumb","itemListElement":[{"@type":"ListItem","position":1,"name":"Home","item":"https:\/\/rfblegal.co.uk\/"},{"@type":"ListItem","position":2,"name":"Services","item":"https:\/\/rfblegal.co.uk\/services\/"},{"@type":"ListItem","position":3,"name":"Personal Law Services","item":"https:\/\/rfblegal.co.uk\/services\/personal-law\/"},{"@type":"ListItem","position":4,"name":"Contentious Trusts &amp; Probate"}]},{"@type":"WebSite","@id":"https:\/\/rfblegal.co.uk\/#website","url":"https:\/\/rfblegal.co.uk\/","name":"RFB Legal","description":"","publisher":{"@id":"https:\/\/rfblegal.co.uk\/#organization"},"potentialAction":[{"@type":"SearchAction","target":{"@type":"EntryPoint","urlTemplate":"https:\/\/rfblegal.co.uk\/?s={search_term_string}"},"query-input":{"@type":"PropertyValueSpecification","valueRequired":true,"valueName":"search_term_string"}}],"inLanguage":"de-DE"},{"@type":"Organization","@id":"https:\/\/rfblegal.co.uk\/#organization","name":"RFB Legal","url":"https:\/\/rfblegal.co.uk\/","logo":{"@type":"ImageObject","inLanguage":"de-DE","@id":"https:\/\/rfblegal.co.uk\/#\/schema\/logo\/image\/","url":"https:\/\/rfblegal.co.uk\/wp-content\/uploads\/2024\/01\/header_company_logo.svg","contentUrl":"https:\/\/rfblegal.co.uk\/wp-content\/uploads\/2024\/01\/header_company_logo.svg","caption":"RFB Legal"},"image":{"@id":"https:\/\/rfblegal.co.uk\/#\/schema\/logo\/image\/"},"sameAs":["https:\/\/www.facebook.com\/RFBLegal\/","https:\/\/www.linkedin.com\/uas\/login?session_redirect=company2012282","https:\/\/www.instagram.com\/rfb_legal\/"]}]}},"_links":{"self":[{"href":"https:\/\/rfblegal.co.uk\/de\/wp-json\/wp\/v2\/pages\/2310","targetHints":{"allow":["GET"]}}],"collection":[{"href":"https:\/\/rfblegal.co.uk\/de\/wp-json\/wp\/v2\/pages"}],"about":[{"href":"https:\/\/rfblegal.co.uk\/de\/wp-json\/wp\/v2\/types\/page"}],"author":[{"embeddable":true,"href":"https:\/\/rfblegal.co.uk\/de\/wp-json\/wp\/v2\/users\/1"}],"replies":[{"embeddable":true,"href":"https:\/\/rfblegal.co.uk\/de\/wp-json\/wp\/v2\/comments?post=2310"}],"version-history":[{"count":2,"href":"https:\/\/rfblegal.co.uk\/de\/wp-json\/wp\/v2\/pages\/2310\/revisions"}],"predecessor-version":[{"id":9199,"href":"https:\/\/rfblegal.co.uk\/de\/wp-json\/wp\/v2\/pages\/2310\/revisions\/9199"}],"up":[{"embeddable":true,"href":"https:\/\/rfblegal.co.uk\/de\/wp-json\/wp\/v2\/pages\/357"}],"wp:featuredmedia":[{"embeddable":true,"href":"https:\/\/rfblegal.co.uk\/de\/wp-json\/wp\/v2\/media\/2863"}],"wp:attachment":[{"href":"https:\/\/rfblegal.co.uk\/de\/wp-json\/wp\/v2\/media?parent=2310"}],"curies":[{"name":"wp","href":"https:\/\/api.w.org\/{rel}","templated":true}]}}