{"id":2307,"date":"2024-02-21T14:34:46","date_gmt":"2024-02-21T14:34:46","guid":{"rendered":"https:\/\/rfblegal.co.uk\/?page_id=2307"},"modified":"2024-03-05T17:37:42","modified_gmt":"2024-03-05T17:37:42","slug":"anderungsurkunde-zur-anderung-eines-testaments-nach-dem-tod","status":"publish","type":"page","link":"https:\/\/rfblegal.co.uk\/de\/dienstleistungen\/personenrecht\/testamente-und-nachlassangelegenheiten\/anderungsurkunde-zur-anderung-eines-testaments-nach-dem-tod\/","title":{"rendered":"Deed of Variation (\u00c4nderung eines Testaments nach dem Tod)"},"content":{"rendered":"<h2 class=\"wp-block-heading has-2-xl-font-size\" style=\"padding-top:var(--wp--preset--spacing--20);padding-bottom:var(--wp--preset--spacing--20);font-style:normal;font-weight:600\">Variationen nach dem Tod<\/h2>\n\n\n\n<h4 class=\"wp-block-heading has-lg-font-size\" style=\"padding-top:var(--wp--preset--spacing--20);padding-bottom:var(--wp--preset--spacing--20);font-style:normal;font-weight:500\"><strong>Wir k\u00f6nnen bei der Ausarbeitung einer Ab\u00e4nderungsurkunde behilflich sein, um den Beg\u00fcnstigten eines Nachlasses die M\u00f6glichkeit zu geben, die Bedingungen des Testaments oder der Erbschaftsregeln zu \u00e4ndern und einen Teil oder die Gesamtheit ihrer Anteile am Nachlass auf andere umzuleiten. Sofern dies innerhalb von zwei Jahren nach dem Tod geschieht, wird die \u00c4nderung f\u00fcr Erbschaftssteuerzwecke so wirksam, als ob ihre Bestimmungen im Testament selbst enthalten gewesen w\u00e4ren<\/strong><\/h4>\n\n\n\n<p style=\"padding-top:var(--wp--preset--spacing--20);padding-bottom:var(--wp--preset--spacing--20)\">Eine Variation kann f\u00fcr die Steuerplanung n\u00fctzlich sein, um erwachsenen Kindern, die das Verm\u00f6gen ihrer Eltern erben, die M\u00f6glichkeit zu geben, ihr gesamtes Erbe oder einen Teil davon an ihre eigenen Kinder weiterzugeben, ohne dass dies als Schenkung zu Lebzeiten behandelt wird und m\u00f6glicherweise ihren eigenen Erbschaftssteuerfreibetrag aussch\u00f6pft. Einige Beg\u00fcnstigte k\u00f6nnen eine \u00c4nderungsurkunde in Erw\u00e4gung ziehen, um die Erbschaftssteuer zu minimieren, indem sie Schenkungen an steuerbefreite Wohlt\u00e4tigkeitsorganisationen vornehmen.<\/p>\n\n\n\n<p style=\"padding-top:var(--wp--preset--spacing--20);padding-bottom:var(--wp--preset--spacing--20)\">Ab\u00e4nderungsurkunden k\u00f6nnen auch verwendet werden, um ein Ungleichgewicht zwischen den Beg\u00fcnstigten auszugleichen und um Vorkehrungen f\u00fcr einen entt\u00e4uschten Beg\u00fcnstigten zu treffen, der erw\u00e4gt, einen Anspruch gem\u00e4\u00df dem Inheritance (Provision for Family and Dependants) Act 1975 geltend zu machen und daf\u00fcr auf sein Recht zu verzichten.<\/p>","protected":false},"excerpt":{"rendered":"<p>Post Death Variations We can assist with preparing a deed of variation to allow the beneficiaries of an estate to vary the terms of the will or the intestacy rules and to redirect some or all of their interest in the estate to others. Provided that this is done within two years of the death, &hellip; <a href=\"https:\/\/rfblegal.co.uk\/de\/dienstleistungen\/personenrecht\/testamente-und-nachlassangelegenheiten\/anderungsurkunde-zur-anderung-eines-testaments-nach-dem-tod\/\">Fortsetzung<\/a><\/p>","protected":false},"author":1,"featured_media":2861,"parent":2295,"menu_order":0,"comment_status":"closed","ping_status":"closed","template":"tier3-template.blade.php","meta":{"_acf_changed":false,"om_disable_all_campaigns":false,"_uf_show_specific_survey":0,"_uf_disable_surveys":false,"footnotes":""},"class_list":["post-2307","page","type-page","status-publish","has-post-thumbnail","hentry"],"acf":[],"aioseo_notices":[],"yoast_head":"<!-- This site is optimized with the Yoast SEO plugin v27.2 - https:\/\/yoast.com\/product\/yoast-seo-wordpress\/ -->\n<title>Deed Of Variation (Changing A Will After Death) - RFB Legal<\/title>\n<meta name=\"description\" content=\"Post Death Variations We can assist with preparing a deed of variation to allow the beneficiaries of an estate to vary the terms of the will or the\" \/>\n<meta name=\"robots\" content=\"index, follow, max-snippet:-1, max-image-preview:large, max-video-preview:-1\" \/>\n<link rel=\"canonical\" href=\"https:\/\/rfblegal.co.uk\/de\/dienstleistungen\/personenrecht\/testamente-und-nachlassangelegenheiten\/anderungsurkunde-zur-anderung-eines-testaments-nach-dem-tod\/\" \/>\n<meta property=\"og:locale\" content=\"de_DE\" \/>\n<meta property=\"og:type\" content=\"article\" \/>\n<meta property=\"og:title\" content=\"Deed Of Variation (Changing A Will After Death) - RFB Legal\" \/>\n<meta property=\"og:description\" content=\"Post Death Variations We can assist with preparing a deed of variation to allow the beneficiaries of an estate to vary the terms of the will or the\" \/>\n<meta property=\"og:url\" content=\"https:\/\/rfblegal.co.uk\/de\/dienstleistungen\/personenrecht\/testamente-und-nachlassangelegenheiten\/anderungsurkunde-zur-anderung-eines-testaments-nach-dem-tod\/\" \/>\n<meta property=\"og:site_name\" content=\"RFB Legal\" \/>\n<meta property=\"article:publisher\" content=\"https:\/\/www.facebook.com\/RFBLegal\/\" \/>\n<meta property=\"article:modified_time\" content=\"2024-03-05T17:37:42+00:00\" \/>\n<meta property=\"og:image\" content=\"https:\/\/rfblegal.co.uk\/wp-content\/uploads\/2024\/02\/Probate_services.jpg\" \/>\n\t<meta property=\"og:image:width\" content=\"1440\" \/>\n\t<meta property=\"og:image:height\" content=\"550\" \/>\n\t<meta property=\"og:image:type\" content=\"image\/jpeg\" \/>\n<meta name=\"twitter:card\" content=\"summary_large_image\" \/>\n<meta name=\"twitter:label1\" content=\"Est. reading time\" \/>\n\t<meta name=\"twitter:data1\" content=\"2\u00a0Minuten\" \/>\n<script type=\"application\/ld+json\" class=\"yoast-schema-graph\">{\"@context\":\"https:\/\/schema.org\",\"@graph\":[{\"@type\":\"WebPage\",\"@id\":\"https:\/\/rfblegal.co.uk\/services\/personal-law\/wills-probate-services\/deed-of-variation-changing-a-will-after-death\/\",\"url\":\"https:\/\/rfblegal.co.uk\/services\/personal-law\/wills-probate-services\/deed-of-variation-changing-a-will-after-death\/\",\"name\":\"Deed Of Variation (Changing A Will After Death) - RFB Legal\",\"isPartOf\":{\"@id\":\"https:\/\/rfblegal.co.uk\/#website\"},\"primaryImageOfPage\":{\"@id\":\"https:\/\/rfblegal.co.uk\/services\/personal-law\/wills-probate-services\/deed-of-variation-changing-a-will-after-death\/#primaryimage\"},\"image\":{\"@id\":\"https:\/\/rfblegal.co.uk\/services\/personal-law\/wills-probate-services\/deed-of-variation-changing-a-will-after-death\/#primaryimage\"},\"thumbnailUrl\":\"https:\/\/rfblegal.co.uk\/wp-content\/uploads\/2024\/02\/Probate_services.jpg\",\"datePublished\":\"2024-02-21T14:34:46+00:00\",\"dateModified\":\"2024-03-05T17:37:42+00:00\",\"description\":\"Post Death Variations We can assist with preparing a deed of variation to allow the beneficiaries of an estate to vary the terms of the will or the\",\"breadcrumb\":{\"@id\":\"https:\/\/rfblegal.co.uk\/services\/personal-law\/wills-probate-services\/deed-of-variation-changing-a-will-after-death\/#breadcrumb\"},\"inLanguage\":\"de\",\"potentialAction\":[{\"@type\":\"ReadAction\",\"target\":[\"https:\/\/rfblegal.co.uk\/services\/personal-law\/wills-probate-services\/deed-of-variation-changing-a-will-after-death\/\"]}]},{\"@type\":\"ImageObject\",\"inLanguage\":\"de\",\"@id\":\"https:\/\/rfblegal.co.uk\/services\/personal-law\/wills-probate-services\/deed-of-variation-changing-a-will-after-death\/#primaryimage\",\"url\":\"https:\/\/rfblegal.co.uk\/wp-content\/uploads\/2024\/02\/Probate_services.jpg\",\"contentUrl\":\"https:\/\/rfblegal.co.uk\/wp-content\/uploads\/2024\/02\/Probate_services.jpg\",\"width\":1440,\"height\":550},{\"@type\":\"BreadcrumbList\",\"@id\":\"https:\/\/rfblegal.co.uk\/services\/personal-law\/wills-probate-services\/deed-of-variation-changing-a-will-after-death\/#breadcrumb\",\"itemListElement\":[{\"@type\":\"ListItem\",\"position\":1,\"name\":\"Home\",\"item\":\"https:\/\/rfblegal.co.uk\/\"},{\"@type\":\"ListItem\",\"position\":2,\"name\":\"Services\",\"item\":\"https:\/\/rfblegal.co.uk\/services\/\"},{\"@type\":\"ListItem\",\"position\":3,\"name\":\"Personal Law Services\",\"item\":\"https:\/\/rfblegal.co.uk\/services\/personal-law\/\"},{\"@type\":\"ListItem\",\"position\":4,\"name\":\"Wills &amp; Probate Services\",\"item\":\"https:\/\/rfblegal.co.uk\/services\/personal-law\/wills-probate-services\/\"},{\"@type\":\"ListItem\",\"position\":5,\"name\":\"Deed Of Variation (Changing A Will After Death)\"}]},{\"@type\":\"WebSite\",\"@id\":\"https:\/\/rfblegal.co.uk\/#website\",\"url\":\"https:\/\/rfblegal.co.uk\/\",\"name\":\"RFB Legal\",\"description\":\"\",\"publisher\":{\"@id\":\"https:\/\/rfblegal.co.uk\/#organization\"},\"potentialAction\":[{\"@type\":\"SearchAction\",\"target\":{\"@type\":\"EntryPoint\",\"urlTemplate\":\"https:\/\/rfblegal.co.uk\/?s={search_term_string}\"},\"query-input\":{\"@type\":\"PropertyValueSpecification\",\"valueRequired\":true,\"valueName\":\"search_term_string\"}}],\"inLanguage\":\"de\"},{\"@type\":\"Organization\",\"@id\":\"https:\/\/rfblegal.co.uk\/#organization\",\"name\":\"RFB Legal\",\"url\":\"https:\/\/rfblegal.co.uk\/\",\"logo\":{\"@type\":\"ImageObject\",\"inLanguage\":\"de\",\"@id\":\"https:\/\/rfblegal.co.uk\/#\/schema\/logo\/image\/\",\"url\":\"https:\/\/rfblegal.co.uk\/wp-content\/uploads\/2024\/01\/header_company_logo.svg\",\"contentUrl\":\"https:\/\/rfblegal.co.uk\/wp-content\/uploads\/2024\/01\/header_company_logo.svg\",\"caption\":\"RFB Legal\"},\"image\":{\"@id\":\"https:\/\/rfblegal.co.uk\/#\/schema\/logo\/image\/\"},\"sameAs\":[\"https:\/\/www.facebook.com\/RFBLegal\/\",\"https:\/\/www.linkedin.com\/uas\/login?session_redirect=company2012282\",\"https:\/\/www.instagram.com\/rfb_legal\/\"]}]}<\/script>\n<!-- \/ Yoast SEO plugin. -->","yoast_head_json":{"title":"\u00c4nderungsurkunde (\u00c4nderung eines Testaments nach dem Tod) - RFB Legal","description":"\u00c4nderungen nach dem Tod Wir k\u00f6nnen bei der Vorbereitung einer \u00c4nderungsurkunde behilflich sein, um den Beg\u00fcnstigten eines Nachlasses die M\u00f6glichkeit zu geben, die Bedingungen des Testaments oder der","robots":{"index":"index","follow":"follow","max-snippet":"max-snippet:-1","max-image-preview":"max-image-preview:large","max-video-preview":"max-video-preview:-1"},"canonical":"https:\/\/rfblegal.co.uk\/de\/dienstleistungen\/personenrecht\/testamente-und-nachlassangelegenheiten\/anderungsurkunde-zur-anderung-eines-testaments-nach-dem-tod\/","og_locale":"de_DE","og_type":"article","og_title":"Deed Of Variation (Changing A Will After Death) - RFB Legal","og_description":"Post Death Variations We can assist with preparing a deed of variation to allow the beneficiaries of an estate to vary the terms of the will or the","og_url":"https:\/\/rfblegal.co.uk\/de\/dienstleistungen\/personenrecht\/testamente-und-nachlassangelegenheiten\/anderungsurkunde-zur-anderung-eines-testaments-nach-dem-tod\/","og_site_name":"RFB Legal","article_publisher":"https:\/\/www.facebook.com\/RFBLegal\/","article_modified_time":"2024-03-05T17:37:42+00:00","og_image":[{"width":1440,"height":550,"url":"https:\/\/rfblegal.co.uk\/wp-content\/uploads\/2024\/02\/Probate_services.jpg","type":"image\/jpeg"}],"twitter_card":"summary_large_image","twitter_misc":{"Est. reading time":"2\u00a0Minuten"},"schema":{"@context":"https:\/\/schema.org","@graph":[{"@type":"WebPage","@id":"https:\/\/rfblegal.co.uk\/services\/personal-law\/wills-probate-services\/deed-of-variation-changing-a-will-after-death\/","url":"https:\/\/rfblegal.co.uk\/services\/personal-law\/wills-probate-services\/deed-of-variation-changing-a-will-after-death\/","name":"\u00c4nderungsurkunde (\u00c4nderung eines Testaments nach dem Tod) - RFB Legal","isPartOf":{"@id":"https:\/\/rfblegal.co.uk\/#website"},"primaryImageOfPage":{"@id":"https:\/\/rfblegal.co.uk\/services\/personal-law\/wills-probate-services\/deed-of-variation-changing-a-will-after-death\/#primaryimage"},"image":{"@id":"https:\/\/rfblegal.co.uk\/services\/personal-law\/wills-probate-services\/deed-of-variation-changing-a-will-after-death\/#primaryimage"},"thumbnailUrl":"https:\/\/rfblegal.co.uk\/wp-content\/uploads\/2024\/02\/Probate_services.jpg","datePublished":"2024-02-21T14:34:46+00:00","dateModified":"2024-03-05T17:37:42+00:00","description":"\u00c4nderungen nach dem Tod Wir k\u00f6nnen bei der Vorbereitung einer \u00c4nderungsurkunde behilflich sein, um den Beg\u00fcnstigten eines Nachlasses die M\u00f6glichkeit zu geben, die Bedingungen des Testaments oder der","breadcrumb":{"@id":"https:\/\/rfblegal.co.uk\/services\/personal-law\/wills-probate-services\/deed-of-variation-changing-a-will-after-death\/#breadcrumb"},"inLanguage":"de","potentialAction":[{"@type":"ReadAction","target":["https:\/\/rfblegal.co.uk\/services\/personal-law\/wills-probate-services\/deed-of-variation-changing-a-will-after-death\/"]}]},{"@type":"ImageObject","inLanguage":"de","@id":"https:\/\/rfblegal.co.uk\/services\/personal-law\/wills-probate-services\/deed-of-variation-changing-a-will-after-death\/#primaryimage","url":"https:\/\/rfblegal.co.uk\/wp-content\/uploads\/2024\/02\/Probate_services.jpg","contentUrl":"https:\/\/rfblegal.co.uk\/wp-content\/uploads\/2024\/02\/Probate_services.jpg","width":1440,"height":550},{"@type":"BreadcrumbList","@id":"https:\/\/rfblegal.co.uk\/services\/personal-law\/wills-probate-services\/deed-of-variation-changing-a-will-after-death\/#breadcrumb","itemListElement":[{"@type":"ListItem","position":1,"name":"Home","item":"https:\/\/rfblegal.co.uk\/"},{"@type":"ListItem","position":2,"name":"Services","item":"https:\/\/rfblegal.co.uk\/services\/"},{"@type":"ListItem","position":3,"name":"Personal Law Services","item":"https:\/\/rfblegal.co.uk\/services\/personal-law\/"},{"@type":"ListItem","position":4,"name":"Wills &amp; Probate Services","item":"https:\/\/rfblegal.co.uk\/services\/personal-law\/wills-probate-services\/"},{"@type":"ListItem","position":5,"name":"Deed Of Variation (Changing A Will After Death)"}]},{"@type":"WebSite","@id":"https:\/\/rfblegal.co.uk\/#website","url":"https:\/\/rfblegal.co.uk\/","name":"RFB Legal","description":"","publisher":{"@id":"https:\/\/rfblegal.co.uk\/#organization"},"potentialAction":[{"@type":"SearchAction","target":{"@type":"EntryPoint","urlTemplate":"https:\/\/rfblegal.co.uk\/?s={search_term_string}"},"query-input":{"@type":"PropertyValueSpecification","valueRequired":true,"valueName":"search_term_string"}}],"inLanguage":"de"},{"@type":"Organization","@id":"https:\/\/rfblegal.co.uk\/#organization","name":"RFB Legal","url":"https:\/\/rfblegal.co.uk\/","logo":{"@type":"ImageObject","inLanguage":"de","@id":"https:\/\/rfblegal.co.uk\/#\/schema\/logo\/image\/","url":"https:\/\/rfblegal.co.uk\/wp-content\/uploads\/2024\/01\/header_company_logo.svg","contentUrl":"https:\/\/rfblegal.co.uk\/wp-content\/uploads\/2024\/01\/header_company_logo.svg","caption":"RFB Legal"},"image":{"@id":"https:\/\/rfblegal.co.uk\/#\/schema\/logo\/image\/"},"sameAs":["https:\/\/www.facebook.com\/RFBLegal\/","https:\/\/www.linkedin.com\/uas\/login?session_redirect=company2012282","https:\/\/www.instagram.com\/rfb_legal\/"]}]}},"_links":{"self":[{"href":"https:\/\/rfblegal.co.uk\/de\/wp-json\/wp\/v2\/pages\/2307","targetHints":{"allow":["GET"]}}],"collection":[{"href":"https:\/\/rfblegal.co.uk\/de\/wp-json\/wp\/v2\/pages"}],"about":[{"href":"https:\/\/rfblegal.co.uk\/de\/wp-json\/wp\/v2\/types\/page"}],"author":[{"embeddable":true,"href":"https:\/\/rfblegal.co.uk\/de\/wp-json\/wp\/v2\/users\/1"}],"replies":[{"embeddable":true,"href":"https:\/\/rfblegal.co.uk\/de\/wp-json\/wp\/v2\/comments?post=2307"}],"version-history":[{"count":0,"href":"https:\/\/rfblegal.co.uk\/de\/wp-json\/wp\/v2\/pages\/2307\/revisions"}],"up":[{"embeddable":true,"href":"https:\/\/rfblegal.co.uk\/de\/wp-json\/wp\/v2\/pages\/2295"}],"wp:featuredmedia":[{"embeddable":true,"href":"https:\/\/rfblegal.co.uk\/de\/wp-json\/wp\/v2\/media\/2861"}],"wp:attachment":[{"href":"https:\/\/rfblegal.co.uk\/de\/wp-json\/wp\/v2\/media?parent=2307"}],"curies":[{"name":"wp","href":"https:\/\/api.w.org\/{rel}","templated":true}]}}