{"id":2301,"date":"2024-02-21T14:32:51","date_gmt":"2024-02-21T14:32:51","guid":{"rendered":"https:\/\/rfblegal.co.uk\/?page_id=2301"},"modified":"2024-03-05T17:34:14","modified_gmt":"2024-03-05T17:34:14","slug":"nachlassplanung-und-schenkungen-zu-lebzeiten","status":"publish","type":"page","link":"https:\/\/rfblegal.co.uk\/de\/dienstleistungen\/personenrecht\/testamente-und-nachlassangelegenheiten\/nachlassplanung-und-schenkungen-zu-lebzeiten\/","title":{"rendered":"Nachlassplanung und Schenkungen auf Lebenszeit"},"content":{"rendered":"<h2 class=\"wp-block-heading has-2-xl-font-size\" style=\"padding-top:var(--wp--preset--spacing--20);padding-bottom:var(--wp--preset--spacing--20);font-style:normal;font-weight:600\">Nachlassplanung und Schenkungen auf Lebenszeit<\/h2>\n\n\n\n<h4 class=\"wp-block-heading has-lg-font-size\" style=\"padding-top:var(--wp--preset--spacing--20);padding-bottom:var(--wp--preset--spacing--20);font-style:normal;font-weight:500\"><strong>Wir k\u00f6nnen Sie \u00fcber Strategien beraten, die es Ihnen erm\u00f6glichen, Ihre Erbschaftssteuerschuld zu minimieren, damit Sie so viel wie m\u00f6glich von Ihrem Nachlass an die von Ihnen gew\u00e4hlten Beg\u00fcnstigten weitergeben k\u00f6nnen.<\/strong><\/h4>\n\n\n\n<p style=\"padding-top:var(--wp--preset--spacing--20);padding-bottom:var(--wp--preset--spacing--20)\">Dazu geh\u00f6rt die Pr\u00fcfung Ihres Testaments und die Erarbeitung von Vorschl\u00e4gen, wie dieses steuerlich effizienter gestaltet werden kann. Dazu k\u00f6nnte auch die Einsetzung eines Trusts geh\u00f6ren, um Ihren Testamentsvollstreckern mehr Flexibilit\u00e4t zu bieten, damit sie ihre Entscheidungen auf der Grundlage der steuerlichen Situation und der Bed\u00fcrfnisse Ihrer Beg\u00fcnstigten zum Zeitpunkt Ihres Todes treffen k\u00f6nnen.<\/p>\n\n\n\n<p style=\"padding-top:var(--wp--preset--spacing--20);padding-bottom:var(--wp--preset--spacing--20)\">Wir k\u00f6nnen Sie auch bei der \u00dcbertragung von Verm\u00f6genswerten zu Lebzeiten beraten, um Ihre Freibetr\u00e4ge zu Lebzeiten zu nutzen und den Wert Ihres Nachlasses zu verringern. Wir besprechen mit Ihnen die Auswirkungen von Einkommenssteuer, Kapitalertragssteuer und Grundsteuer, bevor wir die Unterlagen f\u00fcr die \u00dcbertragung von Verm\u00f6genswerten erstellen.<\/p>\n\n\n\n<p style=\"padding-top:var(--wp--preset--spacing--20);padding-bottom:var(--wp--preset--spacing--20)\">Wenn Sie in der Lage sind, Ihr wirtschaftliches Eigentum aufzugeben, aber die Kontrolle \u00fcber Ihr Verm\u00f6gen behalten m\u00f6chten, k\u00f6nnen wir Ihnen bei der Vorbereitung von Trusts helfen, so dass Sie nicht mehr als wirtschaftlicher Eigent\u00fcmer behandelt werden.<\/p>\n\n\n\n<p style=\"padding-top:var(--wp--preset--spacing--20);padding-bottom:var(--wp--preset--spacing--20)\"><\/p>\n\n\n\n<h3 class=\"wp-block-heading\" style=\"padding-top:var(--wp--preset--spacing--20);padding-bottom:var(--wp--preset--spacing--20)\"><strong>Zus\u00e4tzliche Informationen<\/strong><\/h3>\n\n\n\n<ul class=\"wp-block-list\">\n<li>Nachrichten Autor:Chris O'Callaghan | Devorah Ormonde<\/li>\n<\/ul>","protected":false},"excerpt":{"rendered":"<p>Estate Planning and Lifetime Gifts We can advise on strategies to enable you to minimise your inheritance tax liability to enable you to pass as much of your estate as possible to your chosen beneficiaries. This will involve consideration of your will and suggesting any ways of making this more tax efficient. This could also &hellip; <a href=\"https:\/\/rfblegal.co.uk\/de\/dienstleistungen\/personenrecht\/testamente-und-nachlassangelegenheiten\/nachlassplanung-und-schenkungen-zu-lebzeiten\/\">Fortsetzung<\/a><\/p>","protected":false},"author":1,"featured_media":2861,"parent":2295,"menu_order":0,"comment_status":"closed","ping_status":"closed","template":"tier3-template.blade.php","meta":{"_acf_changed":false,"om_disable_all_campaigns":false,"_uf_show_specific_survey":0,"_uf_disable_surveys":false,"footnotes":""},"class_list":["post-2301","page","type-page","status-publish","has-post-thumbnail","hentry"],"acf":[],"aioseo_notices":[],"yoast_head":"<!-- This site is optimized with the Yoast SEO plugin v27.2 - https:\/\/yoast.com\/product\/yoast-seo-wordpress\/ -->\n<title>Estate Planning and Lifetime Gifts - RFB Legal<\/title>\n<meta name=\"description\" content=\"Estate Planning and Lifetime Gifts We can advise on strategies to enable you to minimise your inheritance tax liability to enable you to pass as much of\" \/>\n<meta name=\"robots\" content=\"index, follow, max-snippet:-1, max-image-preview:large, max-video-preview:-1\" \/>\n<link rel=\"canonical\" href=\"https:\/\/rfblegal.co.uk\/de\/dienstleistungen\/personenrecht\/testamente-und-nachlassangelegenheiten\/nachlassplanung-und-schenkungen-zu-lebzeiten\/\" \/>\n<meta property=\"og:locale\" content=\"de_DE\" \/>\n<meta property=\"og:type\" content=\"article\" \/>\n<meta property=\"og:title\" content=\"Estate Planning and Lifetime Gifts - RFB Legal\" \/>\n<meta property=\"og:description\" content=\"Estate Planning and Lifetime Gifts We can advise on strategies to enable you to minimise your inheritance tax liability to enable you to pass as much of\" \/>\n<meta property=\"og:url\" content=\"https:\/\/rfblegal.co.uk\/de\/dienstleistungen\/personenrecht\/testamente-und-nachlassangelegenheiten\/nachlassplanung-und-schenkungen-zu-lebzeiten\/\" \/>\n<meta property=\"og:site_name\" content=\"RFB Legal\" \/>\n<meta property=\"article:publisher\" content=\"https:\/\/www.facebook.com\/RFBLegal\/\" \/>\n<meta property=\"article:modified_time\" content=\"2024-03-05T17:34:14+00:00\" \/>\n<meta property=\"og:image\" content=\"https:\/\/rfblegal.co.uk\/wp-content\/uploads\/2024\/02\/Probate_services.jpg\" \/>\n\t<meta property=\"og:image:width\" content=\"1440\" \/>\n\t<meta property=\"og:image:height\" content=\"550\" \/>\n\t<meta property=\"og:image:type\" content=\"image\/jpeg\" \/>\n<meta name=\"twitter:card\" content=\"summary_large_image\" \/>\n<meta name=\"twitter:label1\" content=\"Est. reading time\" \/>\n\t<meta name=\"twitter:data1\" content=\"2\u00a0Minuten\" \/>\n<script type=\"application\/ld+json\" class=\"yoast-schema-graph\">{\"@context\":\"https:\/\/schema.org\",\"@graph\":[{\"@type\":\"WebPage\",\"@id\":\"https:\/\/rfblegal.co.uk\/services\/personal-law\/wills-probate-services\/estate-planning-and-lifetime-gifts\/\",\"url\":\"https:\/\/rfblegal.co.uk\/services\/personal-law\/wills-probate-services\/estate-planning-and-lifetime-gifts\/\",\"name\":\"Estate Planning and Lifetime Gifts - RFB Legal\",\"isPartOf\":{\"@id\":\"https:\/\/rfblegal.co.uk\/#website\"},\"primaryImageOfPage\":{\"@id\":\"https:\/\/rfblegal.co.uk\/services\/personal-law\/wills-probate-services\/estate-planning-and-lifetime-gifts\/#primaryimage\"},\"image\":{\"@id\":\"https:\/\/rfblegal.co.uk\/services\/personal-law\/wills-probate-services\/estate-planning-and-lifetime-gifts\/#primaryimage\"},\"thumbnailUrl\":\"https:\/\/rfblegal.co.uk\/wp-content\/uploads\/2024\/02\/Probate_services.jpg\",\"datePublished\":\"2024-02-21T14:32:51+00:00\",\"dateModified\":\"2024-03-05T17:34:14+00:00\",\"description\":\"Estate Planning and Lifetime Gifts We can advise on strategies to enable you to minimise your inheritance tax liability to enable you to pass as much of\",\"breadcrumb\":{\"@id\":\"https:\/\/rfblegal.co.uk\/services\/personal-law\/wills-probate-services\/estate-planning-and-lifetime-gifts\/#breadcrumb\"},\"inLanguage\":\"de\",\"potentialAction\":[{\"@type\":\"ReadAction\",\"target\":[\"https:\/\/rfblegal.co.uk\/services\/personal-law\/wills-probate-services\/estate-planning-and-lifetime-gifts\/\"]}]},{\"@type\":\"ImageObject\",\"inLanguage\":\"de\",\"@id\":\"https:\/\/rfblegal.co.uk\/services\/personal-law\/wills-probate-services\/estate-planning-and-lifetime-gifts\/#primaryimage\",\"url\":\"https:\/\/rfblegal.co.uk\/wp-content\/uploads\/2024\/02\/Probate_services.jpg\",\"contentUrl\":\"https:\/\/rfblegal.co.uk\/wp-content\/uploads\/2024\/02\/Probate_services.jpg\",\"width\":1440,\"height\":550},{\"@type\":\"BreadcrumbList\",\"@id\":\"https:\/\/rfblegal.co.uk\/services\/personal-law\/wills-probate-services\/estate-planning-and-lifetime-gifts\/#breadcrumb\",\"itemListElement\":[{\"@type\":\"ListItem\",\"position\":1,\"name\":\"Home\",\"item\":\"https:\/\/rfblegal.co.uk\/\"},{\"@type\":\"ListItem\",\"position\":2,\"name\":\"Services\",\"item\":\"https:\/\/rfblegal.co.uk\/services\/\"},{\"@type\":\"ListItem\",\"position\":3,\"name\":\"Personal Law Services\",\"item\":\"https:\/\/rfblegal.co.uk\/services\/personal-law\/\"},{\"@type\":\"ListItem\",\"position\":4,\"name\":\"Wills &amp; Probate Services\",\"item\":\"https:\/\/rfblegal.co.uk\/services\/personal-law\/wills-probate-services\/\"},{\"@type\":\"ListItem\",\"position\":5,\"name\":\"Estate Planning and Lifetime Gifts\"}]},{\"@type\":\"WebSite\",\"@id\":\"https:\/\/rfblegal.co.uk\/#website\",\"url\":\"https:\/\/rfblegal.co.uk\/\",\"name\":\"RFB Legal\",\"description\":\"\",\"publisher\":{\"@id\":\"https:\/\/rfblegal.co.uk\/#organization\"},\"potentialAction\":[{\"@type\":\"SearchAction\",\"target\":{\"@type\":\"EntryPoint\",\"urlTemplate\":\"https:\/\/rfblegal.co.uk\/?s={search_term_string}\"},\"query-input\":{\"@type\":\"PropertyValueSpecification\",\"valueRequired\":true,\"valueName\":\"search_term_string\"}}],\"inLanguage\":\"de\"},{\"@type\":\"Organization\",\"@id\":\"https:\/\/rfblegal.co.uk\/#organization\",\"name\":\"RFB Legal\",\"url\":\"https:\/\/rfblegal.co.uk\/\",\"logo\":{\"@type\":\"ImageObject\",\"inLanguage\":\"de\",\"@id\":\"https:\/\/rfblegal.co.uk\/#\/schema\/logo\/image\/\",\"url\":\"https:\/\/rfblegal.co.uk\/wp-content\/uploads\/2024\/01\/header_company_logo.svg\",\"contentUrl\":\"https:\/\/rfblegal.co.uk\/wp-content\/uploads\/2024\/01\/header_company_logo.svg\",\"caption\":\"RFB Legal\"},\"image\":{\"@id\":\"https:\/\/rfblegal.co.uk\/#\/schema\/logo\/image\/\"},\"sameAs\":[\"https:\/\/www.facebook.com\/RFBLegal\/\",\"https:\/\/www.linkedin.com\/uas\/login?session_redirect=company2012282\",\"https:\/\/www.instagram.com\/rfb_legal\/\"]}]}<\/script>\n<!-- \/ Yoast SEO plugin. -->","yoast_head_json":{"title":"Nachlassplanung und Schenkungen auf Lebenszeit - RFB Legal","description":"Nachlassplanung und Schenkungen zu Lebzeiten Wir k\u00f6nnen Sie \u00fcber Strategien beraten, die es Ihnen erm\u00f6glichen, Ihre Erbschaftssteuerschuld zu minimieren, damit Sie m\u00f6glichst viel von Ihrem Verm\u00f6gen weitergeben k\u00f6nnen.","robots":{"index":"index","follow":"follow","max-snippet":"max-snippet:-1","max-image-preview":"max-image-preview:large","max-video-preview":"max-video-preview:-1"},"canonical":"https:\/\/rfblegal.co.uk\/de\/dienstleistungen\/personenrecht\/testamente-und-nachlassangelegenheiten\/nachlassplanung-und-schenkungen-zu-lebzeiten\/","og_locale":"de_DE","og_type":"article","og_title":"Estate Planning and Lifetime Gifts - RFB Legal","og_description":"Estate Planning and Lifetime Gifts We can advise on strategies to enable you to minimise your inheritance tax liability to enable you to pass as much of","og_url":"https:\/\/rfblegal.co.uk\/de\/dienstleistungen\/personenrecht\/testamente-und-nachlassangelegenheiten\/nachlassplanung-und-schenkungen-zu-lebzeiten\/","og_site_name":"RFB Legal","article_publisher":"https:\/\/www.facebook.com\/RFBLegal\/","article_modified_time":"2024-03-05T17:34:14+00:00","og_image":[{"width":1440,"height":550,"url":"https:\/\/rfblegal.co.uk\/wp-content\/uploads\/2024\/02\/Probate_services.jpg","type":"image\/jpeg"}],"twitter_card":"summary_large_image","twitter_misc":{"Est. reading time":"2\u00a0Minuten"},"schema":{"@context":"https:\/\/schema.org","@graph":[{"@type":"WebPage","@id":"https:\/\/rfblegal.co.uk\/services\/personal-law\/wills-probate-services\/estate-planning-and-lifetime-gifts\/","url":"https:\/\/rfblegal.co.uk\/services\/personal-law\/wills-probate-services\/estate-planning-and-lifetime-gifts\/","name":"Nachlassplanung und Schenkungen auf Lebenszeit - RFB Legal","isPartOf":{"@id":"https:\/\/rfblegal.co.uk\/#website"},"primaryImageOfPage":{"@id":"https:\/\/rfblegal.co.uk\/services\/personal-law\/wills-probate-services\/estate-planning-and-lifetime-gifts\/#primaryimage"},"image":{"@id":"https:\/\/rfblegal.co.uk\/services\/personal-law\/wills-probate-services\/estate-planning-and-lifetime-gifts\/#primaryimage"},"thumbnailUrl":"https:\/\/rfblegal.co.uk\/wp-content\/uploads\/2024\/02\/Probate_services.jpg","datePublished":"2024-02-21T14:32:51+00:00","dateModified":"2024-03-05T17:34:14+00:00","description":"Nachlassplanung und Schenkungen zu Lebzeiten Wir k\u00f6nnen Sie \u00fcber Strategien beraten, die es Ihnen erm\u00f6glichen, Ihre Erbschaftssteuerschuld zu minimieren, damit Sie m\u00f6glichst viel von Ihrem Verm\u00f6gen weitergeben k\u00f6nnen.","breadcrumb":{"@id":"https:\/\/rfblegal.co.uk\/services\/personal-law\/wills-probate-services\/estate-planning-and-lifetime-gifts\/#breadcrumb"},"inLanguage":"de","potentialAction":[{"@type":"ReadAction","target":["https:\/\/rfblegal.co.uk\/services\/personal-law\/wills-probate-services\/estate-planning-and-lifetime-gifts\/"]}]},{"@type":"ImageObject","inLanguage":"de","@id":"https:\/\/rfblegal.co.uk\/services\/personal-law\/wills-probate-services\/estate-planning-and-lifetime-gifts\/#primaryimage","url":"https:\/\/rfblegal.co.uk\/wp-content\/uploads\/2024\/02\/Probate_services.jpg","contentUrl":"https:\/\/rfblegal.co.uk\/wp-content\/uploads\/2024\/02\/Probate_services.jpg","width":1440,"height":550},{"@type":"BreadcrumbList","@id":"https:\/\/rfblegal.co.uk\/services\/personal-law\/wills-probate-services\/estate-planning-and-lifetime-gifts\/#breadcrumb","itemListElement":[{"@type":"ListItem","position":1,"name":"Home","item":"https:\/\/rfblegal.co.uk\/"},{"@type":"ListItem","position":2,"name":"Services","item":"https:\/\/rfblegal.co.uk\/services\/"},{"@type":"ListItem","position":3,"name":"Personal Law Services","item":"https:\/\/rfblegal.co.uk\/services\/personal-law\/"},{"@type":"ListItem","position":4,"name":"Wills &amp; Probate Services","item":"https:\/\/rfblegal.co.uk\/services\/personal-law\/wills-probate-services\/"},{"@type":"ListItem","position":5,"name":"Estate Planning and Lifetime Gifts"}]},{"@type":"WebSite","@id":"https:\/\/rfblegal.co.uk\/#website","url":"https:\/\/rfblegal.co.uk\/","name":"RFB Legal","description":"","publisher":{"@id":"https:\/\/rfblegal.co.uk\/#organization"},"potentialAction":[{"@type":"SearchAction","target":{"@type":"EntryPoint","urlTemplate":"https:\/\/rfblegal.co.uk\/?s={search_term_string}"},"query-input":{"@type":"PropertyValueSpecification","valueRequired":true,"valueName":"search_term_string"}}],"inLanguage":"de"},{"@type":"Organization","@id":"https:\/\/rfblegal.co.uk\/#organization","name":"RFB Legal","url":"https:\/\/rfblegal.co.uk\/","logo":{"@type":"ImageObject","inLanguage":"de","@id":"https:\/\/rfblegal.co.uk\/#\/schema\/logo\/image\/","url":"https:\/\/rfblegal.co.uk\/wp-content\/uploads\/2024\/01\/header_company_logo.svg","contentUrl":"https:\/\/rfblegal.co.uk\/wp-content\/uploads\/2024\/01\/header_company_logo.svg","caption":"RFB Legal"},"image":{"@id":"https:\/\/rfblegal.co.uk\/#\/schema\/logo\/image\/"},"sameAs":["https:\/\/www.facebook.com\/RFBLegal\/","https:\/\/www.linkedin.com\/uas\/login?session_redirect=company2012282","https:\/\/www.instagram.com\/rfb_legal\/"]}]}},"_links":{"self":[{"href":"https:\/\/rfblegal.co.uk\/de\/wp-json\/wp\/v2\/pages\/2301","targetHints":{"allow":["GET"]}}],"collection":[{"href":"https:\/\/rfblegal.co.uk\/de\/wp-json\/wp\/v2\/pages"}],"about":[{"href":"https:\/\/rfblegal.co.uk\/de\/wp-json\/wp\/v2\/types\/page"}],"author":[{"embeddable":true,"href":"https:\/\/rfblegal.co.uk\/de\/wp-json\/wp\/v2\/users\/1"}],"replies":[{"embeddable":true,"href":"https:\/\/rfblegal.co.uk\/de\/wp-json\/wp\/v2\/comments?post=2301"}],"version-history":[{"count":0,"href":"https:\/\/rfblegal.co.uk\/de\/wp-json\/wp\/v2\/pages\/2301\/revisions"}],"up":[{"embeddable":true,"href":"https:\/\/rfblegal.co.uk\/de\/wp-json\/wp\/v2\/pages\/2295"}],"wp:featuredmedia":[{"embeddable":true,"href":"https:\/\/rfblegal.co.uk\/de\/wp-json\/wp\/v2\/media\/2861"}],"wp:attachment":[{"href":"https:\/\/rfblegal.co.uk\/de\/wp-json\/wp\/v2\/media?parent=2301"}],"curies":[{"name":"wp","href":"https:\/\/api.w.org\/{rel}","templated":true}]}}