{"id":2184,"date":"2024-02-21T13:08:58","date_gmt":"2024-02-21T13:08:58","guid":{"rendered":"https:\/\/rfblegal.co.uk\/?page_id=2184"},"modified":"2026-04-20T16:26:08","modified_gmt":"2026-04-20T16:26:08","slug":"arbeitsrechtliche-dienstleistungen","status":"publish","type":"page","link":"https:\/\/rfblegal.co.uk\/de\/dienstleistungen\/personenrecht\/arbeitsrechtliche-dienstleistungen\/","title":{"rendered":"Arbeitsrechtliche Dienstleistungen"},"content":{"rendered":"<h2 class=\"wp-block-heading has-2-xl-font-size\" style=\"padding-top:var(--wp--preset--spacing--20);padding-bottom:var(--wp--preset--spacing--20);font-style:normal;font-weight:600\">Arbeitsrecht<\/h2>\n\n\n\n<h4 class=\"wp-block-heading has-lg-font-size\" style=\"padding-top:var(--wp--preset--spacing--20);padding-bottom:var(--wp--preset--spacing--20);font-style:normal;font-weight:500\">Die dynamische, in der Legal 500-Liste aufgef\u00fchrte Arbeitsrechtsabteilung von Ronald Fletcher Baker vertritt sowohl Arbeitgeber als auch Arbeitnehmer in allen Bereichen des Arbeitsrechts. In j\u00fcngster Zeit hat sie unter anderem verm\u00f6gende Privatpersonen, eine Produktionsfirma, ein Bauunternehmen, einen Fu\u00dfballverein, ein Transportunternehmen und eine Wohlt\u00e4tigkeitsorganisation beraten.<\/h4>\n\n\n\n<p style=\"padding-top:var(--wp--preset--spacing--20);padding-bottom:var(--wp--preset--spacing--20)\">Wir verf\u00fcgen \u00fcber umfangreiche Erfahrung in der Beratung zu allen Fragen, mit denen Arbeitgeber und Arbeitnehmer konfrontiert sind.<\/p>\n\n\n\n<p style=\"padding-top:var(--wp--preset--spacing--20);padding-bottom:var(--wp--preset--spacing--20)\">Dazu geh\u00f6ren Angelegenheiten im Zusammenhang mit ungerechtfertigter Entlassung, Entlassung und Umstrukturierung (einschlie\u00dflich Anspr\u00fcchen auf Schutzpr\u00e4mien), \u00c4nderungen der Arbeitsbedingungen, Diskriminierung (einschlie\u00dflich Geschlecht, sexuelle Ausrichtung, Schwangerschaft und Mutterschaft, Ethnie, Behinderung, Alter sowie Religion und Weltanschauung), Bel\u00e4stigung und Viktimisierung, Whistleblowing, TUPE, gleiches Entgelt, Urlaubsgeld und Arbeitszeitfragen, nationaler Mindestlohn, Arbeitnehmerstatus, gewerkschaftsbezogene Fragen und IR35.<\/p>\n\n\n\n<p style=\"padding-top:var(--wp--preset--spacing--20);padding-bottom:var(--wp--preset--spacing--20)\">Die Tatsache, dass wir sowohl f\u00fcr Arbeitgeber als auch f\u00fcr Arbeitnehmer t\u00e4tig sind, gibt uns die M\u00f6glichkeit, arbeitsrechtliche Angelegenheiten ganzheitlich zu betrachten. Das Wissen um die korrekte Durchf\u00fchrung interner Prozesse kommt unseren Arbeitnehmerkunden zugute, da wir in der Lage sind, festzustellen, wo diese Prozesse nicht durchgef\u00fchrt wurden. Dies erm\u00f6glicht uns nicht nur die Verteidigung von Arbeitgebern, sondern auch eine proaktive Beratung, um das Auftreten solcher Probleme zu vermeiden.<\/p>\n\n\n\n<p style=\"padding-top:var(--wp--preset--spacing--20);padding-bottom:var(--wp--preset--spacing--20)\">Wir haben Erfahrung in der Bearbeitung von F\u00e4llen vor dem Employment Tribunal, dem Employment Appeal Tribunal und dem Court of Appeal. Wir haben Arbeitsgerichtsprozesse mit einer Dauer von bis zu 25 Tagen gef\u00fchrt und verf\u00fcgen \u00fcber Erfahrung im Umgang mit Einzel- und Mehrparteienprozessen, wobei wir in Angelegenheiten mit mehr als 500 Kl\u00e4gern t\u00e4tig waren.<\/p>\n\n\n\n<p style=\"padding-top:var(--wp--preset--spacing--20);padding-bottom:var(--wp--preset--spacing--20)\">Wir waren an einer Reihe wichtiger Entscheidungen beteiligt, die die Anwendung des Arbeitsrechts im Vereinigten K\u00f6nigreich weiterentwickelt haben.<\/p>\n\n\n\n<p style=\"padding-top:var(--wp--preset--spacing--20);padding-bottom:var(--wp--preset--spacing--20)\">Zu den j\u00fcngsten Beispielen geh\u00f6ren die Beratung eines weltweit t\u00e4tigen Logistikunternehmens bei der Untersuchung eines mutma\u00dflichen Fehlverhaltens eines Mitarbeiters, die Beratung einer Wohlt\u00e4tigkeitsorganisation zu den arbeitsrechtlichen Aspekten (einschlie\u00dflich TUPE) der Umstrukturierung ihres Unternehmens und die Unterst\u00fctzung eines Profifu\u00dfballvereins bei der Aushandlung eines Vergleichs \u00fcber Anspr\u00fcche im Zusammenhang mit der Entlassung eines Direktors.<\/p>\n\n\n\n<p style=\"padding-top:var(--wp--preset--spacing--20);padding-bottom:var(--wp--preset--spacing--20)\">Die Abteilung hat ihren Sitz im Zentrum Londons und verf\u00fcgt \u00fcber einen landesweiten Kundenstamm von Privatpersonen, Unternehmen und gro\u00dfen und kleinen Organisationen.<\/p>\n\n\n\n<p style=\"padding-top:var(--wp--preset--spacing--20);padding-bottom:var(--wp--preset--spacing--20)\">In letzter Zeit waren wir f\u00fcr verm\u00f6gende Privatpersonen, eine Produktionsfirma, ein Bauunternehmen, einen Fu\u00dfballverein, ein Transportunternehmen und eine Wohlt\u00e4tigkeitsorganisation t\u00e4tig.<\/p>\n\n\n\n<p style=\"padding-top:var(--wp--preset--spacing--20);padding-bottom:var(--wp--preset--spacing--20)\">Bei Streitigkeiten sind wir bestrebt, die Angelegenheiten schnell und effizient zu regeln, indem wir unser ausgepr\u00e4gtes Verhandlungs- und Vermittlungsgeschick einsetzen und gegebenenfalls zeitnahe Vergleichsangebote unterbreiten.<\/p>\n\n\n\n<p style=\"padding-top:var(--wp--preset--spacing--20);padding-bottom:var(--wp--preset--spacing--20)\">\t\t\t\t\t\t<style>\r\n\t\t\t\t<style>\r\n#wpsm_accordion_2840 .wpsm_panel-heading{\r\n\tpadding:0px !important;\r\n}\r\n#wpsm_accordion_2840 .wpsm_panel-title {\r\n\tmargin:0px !important; \r\n\ttext-transform:none !important;\r\n\tline-height: 1 !important;\r\n}\r\n#wpsm_accordion_2840 .wpsm_panel-title a{\r\n\ttext-decoration:none;\r\n\toverflow:hidden;\r\n\tdisplay:block;\r\n\tpadding:0px;\r\n\tfont-size: 18px !important;\r\n\tfont-family: Open Sans !important;\r\n\tcolor:#000000 !important;\r\n\tborder-bottom:0px !important;\r\n}\r\n\r\n#wpsm_accordion_2840 .wpsm_panel-title a:focus {\r\noutline: 0px !important;\r\n}\r\n\r\n#wpsm_accordion_2840 .wpsm_panel-title a:hover, #wpsm_accordion_2840 .wpsm_panel-title a:focus {\r\n\tcolor:#000000 !important;\r\n}\r\n#wpsm_accordion_2840 .acc-a{\r\n\tcolor: #000000 !important;\r\n\tbackground-color:#e8e8e8 !important;\r\n\tborder-color: #ddd;\r\n}\r\n#wpsm_accordion_2840 .wpsm_panel-default > .wpsm_panel-heading{\r\n\tcolor: #000000 !important;\r\n\tbackground-color: #e8e8e8 !important;\r\n\tborder-color: #e8e8e8 !important;\r\n\tborder-top-left-radius: 0px;\r\n\tborder-top-right-radius: 0px;\r\n}\r\n#wpsm_accordion_2840 .wpsm_panel-default {\r\n\t\tborder:1px solid transparent !important;\r\n\t}\r\n#wpsm_accordion_2840 {\r\n\tmargin-bottom: 20px;\r\n\toverflow: hidden;\r\n\tfloat: none;\r\n\twidth: 100%;\r\n\tdisplay: block;\r\n}\r\n#wpsm_accordion_2840 .ac_title_class{\r\n\tdisplay: block;\r\n\tpadding-top: 12px;\r\n\tpadding-bottom: 12px;\r\n\tpadding-left: 15px;\r\n\tpadding-right: 15px;\r\n}\r\n#wpsm_accordion_2840  .wpsm_panel {\r\n\toverflow:hidden;\r\n\t-webkit-box-shadow: 0 0px 0px rgba(0, 0, 0, .05);\r\n\tbox-shadow: 0 0px 0px rgba(0, 0, 0, .05);\r\n\t\tborder-radius: 4px;\r\n\t}\r\n#wpsm_accordion_2840  .wpsm_panel + .wpsm_panel {\r\n\t\tmargin-top: 5px;\r\n\t}\r\n#wpsm_accordion_2840  .wpsm_panel-body{\r\n\tbackground-color:#ffffff !important;\r\n\tcolor:#000000 !important;\r\n\tborder-top-color: #e8e8e8 !important;\r\n\tfont-size:16px !important;\r\n\tfont-family: Open Sans !important;\r\n\toverflow: hidden;\r\n\t\tborder: 2px solid #e8e8e8 !important;\r\n\t}\r\n\r\n#wpsm_accordion_2840 .ac_open_cl_icon{\r\n\tbackground-color:#e8e8e8 !important;\r\n\tcolor: #000000 !important;\r\n\tfloat:right !important;\r\n\tpadding-top: 12px !important;\r\n\tpadding-bottom: 12px !important;\r\n\tline-height: 1.0 !important;\r\n\tpadding-left: 15px !important;\r\n\tpadding-right: 15px !important;\r\n\tdisplay: inline-block !important;\r\n}\r\n\r\n\t\t\t\r\n\t\t\t<\/style>\t\r\n\t\t\t<\/style>\r\n\t\t\t<div class=\"wpsm_panel-group\" id=\"wpsm_accordion_2840\" >\r\n\t\t\t\t\t\t\t\t\r\n\t\t\t\t\t<!-- Inner panel Start -->\r\n\t\t\t\t\t<div class=\"wpsm_panel wpsm_panel-default\">\r\n\t\t\t\t\t\t<div class=\"wpsm_panel-heading\" role=\"tab\" >\r\n\t\t\t\t\t\t  <h4 class=\"wpsm_panel-title\">\r\n\t\t\t\t\t\t\t<a  class=\"\"  data-toggle=\"collapse\" data-parent=\"#wpsm_accordion_2840 \" href=\"javascript:void(0)\" data-target=\"#ac_2840_collapse1\" onclick=\"do_resize()\">\r\n\t\t\t\t\t\t\t\t\t\t\t\t\t\t\t\t\t<span class=\"ac_open_cl_icon fa fa-minus\"><\/span>\r\n\t\t\t\t\t\t\t\t\t\r\n\t\t\t\t\t\t\t\t \r\n\t\t\t\t\t\t\t\t<span class=\"ac_title_class\">\r\n\t\t\t\t\t\t\t\t\tEXPERTISE :\t\t\t\t\t\t\t\t<\/span>\r\n\t\t\t\t\t\t\t<\/a>\r\n\t\t\t\t\t\t  <\/h4>\r\n\t\t\t\t\t\t<\/div>\r\n\t\t\t\t\t\t<div id=\"ac_2840_collapse1\" class=\"wpsm_panel-collapse collapse in\"  >\r\n\t\t\t\t\t\t  <div class=\"wpsm_panel-body\">\r\n\t\t\t\t\t\t\t<ul>\r\n \t<li>- Arbeitnehmerstatus und Rechte<\/li>\r\n \t<li>- Mitarbeiter-Aktion\u00e4re<\/li>\r\n \t<li>- Arbeitsvertr\u00e4ge<\/li>\r\n \t<li>- \u00c4nderungen der Besch\u00e4ftigungsbedingungen<\/li>\r\n \t<li>- Besch\u00e4ftigungs\u00fcberg\u00e4nge und TUPE<\/li>\r\n \t<li>- Diskriminierung<\/li>\r\n \t<li>- Diskriminierung aufgrund einer Behinderung<\/li>\r\n \t<li>- Rechte im Zusammenhang mit der Schwangerschaft<\/li>\r\n \t<li>- Ungerechtfertigte Entlassung<\/li>\r\n \t<li>- Konstruktive Entlassung<\/li>\r\n \t<li>- Redundanz und Unternehmensumstrukturierungen<\/li>\r\n \t<li>- Geeignete alternative Besch\u00e4ftigung und Abfindungen<\/li>\r\n \t<li>- Kollektive Anh\u00f6rung und Schutzpr\u00e4mien<\/li>\r\n \t<li>- Whistleblowing<\/li>\r\n \t<li>- Das Verfahren vor dem Arbeitsgericht<\/li>\r\n \t<li>- Abwicklungsvereinbarungen<\/li>\r\n<\/ul>\t\t\t\t\t\t  <\/div>\r\n\t\t\t\t\t\t<\/div>\r\n\t\t\t\t\t<\/div>\r\n\t\t\t\t\t<!-- Inner panel End -->\r\n\t\t\t\t\t\r\n\t\t\t\t\t\t\t<\/div>\r\n\t\t\t\r\n<script type=\"text\/javascript\">\r\n\t\r\n\t\tfunction do_resize(){\r\n\r\n\t\t\tvar width=jQuery( '.wpsm_panel .wpsm_panel-body iframe' ).width();\r\n\t\t\tvar height=jQuery( '.wpsm_panel .wpsm_panel-body iframe' ).height();\r\n\r\n\t\t\tvar toggleSize = true;\r\n\t\t\tjQuery('iframe').animate({\r\n\t\t\t    width: toggleSize ? width : 640,\r\n\t\t\t    height: toggleSize ? height : 360\r\n\t\t\t  }, 250);\r\n\r\n\t\t\t  toggleSize = !toggleSize;\r\n\t\t}\r\n\t\t\r\n<\/script>\t<\/p>","protected":false},"excerpt":{"rendered":"<p>Arbeitsrecht Ronald Fletcher Bakers dynamische, in den Legal 500 gelistete Abteilung f\u00fcr Arbeitsrecht vertritt sowohl Arbeitgeber als auch Arbeitnehmer in allen Bereichen des Arbeitsrechts. In j\u00fcngster Zeit haben wir unter anderem verm\u00f6gende Privatpersonen, eine Produktionsfirma, ein Bauunternehmen, einen Fu\u00dfballverein, ein Transportunternehmen und eine Wohlt\u00e4tigkeitsorganisation beraten. Wir verf\u00fcgen \u00fcber umfangreiche Erfahrung in der Beratung von ... <a href=\"https:\/\/rfblegal.co.uk\/de\/?p=2840\">Fortsetzung<\/a><\/p>","protected":false},"author":1,"featured_media":2822,"parent":357,"menu_order":0,"comment_status":"closed","ping_status":"closed","template":"tier2-template.blade.php","meta":{"_acf_changed":false,"om_disable_all_campaigns":false,"_uf_show_specific_survey":0,"_uf_disable_surveys":false,"footnotes":""},"class_list":["post-2184","page","type-page","status-publish","has-post-thumbnail","hentry"],"acf":[],"aioseo_notices":[],"yoast_head":"<!-- This site is optimized with the Yoast SEO plugin v27.2 - https:\/\/yoast.com\/product\/yoast-seo-wordpress\/ -->\n<title>Employment Law Services - RFB Legal<\/title>\n<meta name=\"description\" content=\"Employment Law Ronald Fletcher Baker\u2019s dynamic, Legal 500 listed Employment Law department acts for both employers and employees on all aspects of\" \/>\n<meta name=\"robots\" content=\"index, follow, max-snippet:-1, max-image-preview:large, max-video-preview:-1\" \/>\n<link rel=\"canonical\" href=\"https:\/\/rfblegal.co.uk\/de\/dienstleistungen\/personenrecht\/arbeitsrechtliche-dienstleistungen\/\" \/>\n<meta property=\"og:locale\" content=\"de_DE\" \/>\n<meta property=\"og:type\" content=\"article\" \/>\n<meta property=\"og:title\" content=\"Employment Law Services - RFB Legal\" \/>\n<meta property=\"og:description\" content=\"Employment Law Ronald Fletcher Baker\u2019s dynamic, Legal 500 listed Employment Law department acts for both employers and employees on all aspects of\" \/>\n<meta property=\"og:url\" content=\"https:\/\/rfblegal.co.uk\/de\/dienstleistungen\/personenrecht\/arbeitsrechtliche-dienstleistungen\/\" \/>\n<meta property=\"og:site_name\" content=\"RFB Legal\" \/>\n<meta property=\"article:publisher\" content=\"https:\/\/www.facebook.com\/RFBLegal\/\" \/>\n<meta property=\"article:modified_time\" content=\"2026-04-20T16:26:08+00:00\" \/>\n<meta property=\"og:image\" content=\"https:\/\/rfblegal.co.uk\/wp-content\/uploads\/2024\/02\/Employment.jpg\" \/>\n\t<meta property=\"og:image:width\" content=\"1440\" \/>\n\t<meta property=\"og:image:height\" content=\"550\" \/>\n\t<meta property=\"og:image:type\" content=\"image\/jpeg\" \/>\n<meta name=\"twitter:card\" content=\"summary_large_image\" \/>\n<meta name=\"twitter:label1\" content=\"Est. reading time\" \/>\n\t<meta name=\"twitter:data1\" content=\"2\u00a0Minuten\" \/>\n<script type=\"application\/ld+json\" class=\"yoast-schema-graph\">{\"@context\":\"https:\/\/schema.org\",\"@graph\":[{\"@type\":\"WebPage\",\"@id\":\"https:\/\/rfblegal.co.uk\/services\/personal-law\/employment-law-services\/\",\"url\":\"https:\/\/rfblegal.co.uk\/services\/personal-law\/employment-law-services\/\",\"name\":\"Employment Law Services - RFB Legal\",\"isPartOf\":{\"@id\":\"https:\/\/rfblegal.co.uk\/#website\"},\"primaryImageOfPage\":{\"@id\":\"https:\/\/rfblegal.co.uk\/services\/personal-law\/employment-law-services\/#primaryimage\"},\"image\":{\"@id\":\"https:\/\/rfblegal.co.uk\/services\/personal-law\/employment-law-services\/#primaryimage\"},\"thumbnailUrl\":\"https:\/\/rfblegal.co.uk\/wp-content\/uploads\/2024\/02\/Employment.jpg\",\"datePublished\":\"2024-02-21T13:08:58+00:00\",\"dateModified\":\"2026-04-20T16:26:08+00:00\",\"description\":\"Employment Law Ronald Fletcher Baker\u2019s dynamic, Legal 500 listed Employment Law department acts for both employers and employees on all aspects of\",\"breadcrumb\":{\"@id\":\"https:\/\/rfblegal.co.uk\/services\/personal-law\/employment-law-services\/#breadcrumb\"},\"inLanguage\":\"de\",\"potentialAction\":[{\"@type\":\"ReadAction\",\"target\":[\"https:\/\/rfblegal.co.uk\/services\/personal-law\/employment-law-services\/\"]}]},{\"@type\":\"ImageObject\",\"inLanguage\":\"de\",\"@id\":\"https:\/\/rfblegal.co.uk\/services\/personal-law\/employment-law-services\/#primaryimage\",\"url\":\"https:\/\/rfblegal.co.uk\/wp-content\/uploads\/2024\/02\/Employment.jpg\",\"contentUrl\":\"https:\/\/rfblegal.co.uk\/wp-content\/uploads\/2024\/02\/Employment.jpg\",\"width\":1440,\"height\":550},{\"@type\":\"BreadcrumbList\",\"@id\":\"https:\/\/rfblegal.co.uk\/services\/personal-law\/employment-law-services\/#breadcrumb\",\"itemListElement\":[{\"@type\":\"ListItem\",\"position\":1,\"name\":\"Home\",\"item\":\"https:\/\/rfblegal.co.uk\/\"},{\"@type\":\"ListItem\",\"position\":2,\"name\":\"Services\",\"item\":\"https:\/\/rfblegal.co.uk\/services\/\"},{\"@type\":\"ListItem\",\"position\":3,\"name\":\"Personal Law Services\",\"item\":\"https:\/\/rfblegal.co.uk\/services\/personal-law\/\"},{\"@type\":\"ListItem\",\"position\":4,\"name\":\"Employment Law Services\"}]},{\"@type\":\"WebSite\",\"@id\":\"https:\/\/rfblegal.co.uk\/#website\",\"url\":\"https:\/\/rfblegal.co.uk\/\",\"name\":\"RFB Legal\",\"description\":\"\",\"publisher\":{\"@id\":\"https:\/\/rfblegal.co.uk\/#organization\"},\"potentialAction\":[{\"@type\":\"SearchAction\",\"target\":{\"@type\":\"EntryPoint\",\"urlTemplate\":\"https:\/\/rfblegal.co.uk\/?s={search_term_string}\"},\"query-input\":{\"@type\":\"PropertyValueSpecification\",\"valueRequired\":true,\"valueName\":\"search_term_string\"}}],\"inLanguage\":\"de\"},{\"@type\":\"Organization\",\"@id\":\"https:\/\/rfblegal.co.uk\/#organization\",\"name\":\"RFB Legal\",\"url\":\"https:\/\/rfblegal.co.uk\/\",\"logo\":{\"@type\":\"ImageObject\",\"inLanguage\":\"de\",\"@id\":\"https:\/\/rfblegal.co.uk\/#\/schema\/logo\/image\/\",\"url\":\"https:\/\/rfblegal.co.uk\/wp-content\/uploads\/2024\/01\/header_company_logo.svg\",\"contentUrl\":\"https:\/\/rfblegal.co.uk\/wp-content\/uploads\/2024\/01\/header_company_logo.svg\",\"caption\":\"RFB Legal\"},\"image\":{\"@id\":\"https:\/\/rfblegal.co.uk\/#\/schema\/logo\/image\/\"},\"sameAs\":[\"https:\/\/www.facebook.com\/RFBLegal\/\",\"https:\/\/www.linkedin.com\/uas\/login?session_redirect=company2012282\",\"https:\/\/www.instagram.com\/rfb_legal\/\"]}]}<\/script>\n<!-- \/ Yoast SEO plugin. -->","yoast_head_json":{"title":"Arbeitsrechtliche Dienstleistungen - RFB Legal","description":"Arbeitsrecht Ronald Fletcher Bakers dynamische, in den Legal 500 gelistete Abteilung f\u00fcr Arbeitsrecht vertritt sowohl Arbeitgeber als auch Arbeitnehmer in allen Aspekten der","robots":{"index":"index","follow":"follow","max-snippet":"max-snippet:-1","max-image-preview":"max-image-preview:large","max-video-preview":"max-video-preview:-1"},"canonical":"https:\/\/rfblegal.co.uk\/de\/dienstleistungen\/personenrecht\/arbeitsrechtliche-dienstleistungen\/","og_locale":"de_DE","og_type":"article","og_title":"Employment Law Services - RFB Legal","og_description":"Employment Law Ronald Fletcher Baker\u2019s dynamic, Legal 500 listed Employment Law department acts for both employers and employees on all aspects of","og_url":"https:\/\/rfblegal.co.uk\/de\/dienstleistungen\/personenrecht\/arbeitsrechtliche-dienstleistungen\/","og_site_name":"RFB Legal","article_publisher":"https:\/\/www.facebook.com\/RFBLegal\/","article_modified_time":"2026-04-20T16:26:08+00:00","og_image":[{"width":1440,"height":550,"url":"https:\/\/rfblegal.co.uk\/wp-content\/uploads\/2024\/02\/Employment.jpg","type":"image\/jpeg"}],"twitter_card":"summary_large_image","twitter_misc":{"Est. reading time":"2\u00a0Minuten"},"schema":{"@context":"https:\/\/schema.org","@graph":[{"@type":"WebPage","@id":"https:\/\/rfblegal.co.uk\/services\/personal-law\/employment-law-services\/","url":"https:\/\/rfblegal.co.uk\/services\/personal-law\/employment-law-services\/","name":"Arbeitsrechtliche Dienstleistungen - RFB Legal","isPartOf":{"@id":"https:\/\/rfblegal.co.uk\/#website"},"primaryImageOfPage":{"@id":"https:\/\/rfblegal.co.uk\/services\/personal-law\/employment-law-services\/#primaryimage"},"image":{"@id":"https:\/\/rfblegal.co.uk\/services\/personal-law\/employment-law-services\/#primaryimage"},"thumbnailUrl":"https:\/\/rfblegal.co.uk\/wp-content\/uploads\/2024\/02\/Employment.jpg","datePublished":"2024-02-21T13:08:58+00:00","dateModified":"2026-04-20T16:26:08+00:00","description":"Arbeitsrecht Ronald Fletcher Bakers dynamische, in den Legal 500 gelistete Abteilung f\u00fcr Arbeitsrecht vertritt sowohl Arbeitgeber als auch Arbeitnehmer in allen Aspekten der","breadcrumb":{"@id":"https:\/\/rfblegal.co.uk\/services\/personal-law\/employment-law-services\/#breadcrumb"},"inLanguage":"de","potentialAction":[{"@type":"ReadAction","target":["https:\/\/rfblegal.co.uk\/services\/personal-law\/employment-law-services\/"]}]},{"@type":"ImageObject","inLanguage":"de","@id":"https:\/\/rfblegal.co.uk\/services\/personal-law\/employment-law-services\/#primaryimage","url":"https:\/\/rfblegal.co.uk\/wp-content\/uploads\/2024\/02\/Employment.jpg","contentUrl":"https:\/\/rfblegal.co.uk\/wp-content\/uploads\/2024\/02\/Employment.jpg","width":1440,"height":550},{"@type":"BreadcrumbList","@id":"https:\/\/rfblegal.co.uk\/services\/personal-law\/employment-law-services\/#breadcrumb","itemListElement":[{"@type":"ListItem","position":1,"name":"Home","item":"https:\/\/rfblegal.co.uk\/"},{"@type":"ListItem","position":2,"name":"Services","item":"https:\/\/rfblegal.co.uk\/services\/"},{"@type":"ListItem","position":3,"name":"Personal Law Services","item":"https:\/\/rfblegal.co.uk\/services\/personal-law\/"},{"@type":"ListItem","position":4,"name":"Employment Law Services"}]},{"@type":"WebSite","@id":"https:\/\/rfblegal.co.uk\/#website","url":"https:\/\/rfblegal.co.uk\/","name":"RFB Legal","description":"","publisher":{"@id":"https:\/\/rfblegal.co.uk\/#organization"},"potentialAction":[{"@type":"SearchAction","target":{"@type":"EntryPoint","urlTemplate":"https:\/\/rfblegal.co.uk\/?s={search_term_string}"},"query-input":{"@type":"PropertyValueSpecification","valueRequired":true,"valueName":"search_term_string"}}],"inLanguage":"de"},{"@type":"Organization","@id":"https:\/\/rfblegal.co.uk\/#organization","name":"RFB Legal","url":"https:\/\/rfblegal.co.uk\/","logo":{"@type":"ImageObject","inLanguage":"de","@id":"https:\/\/rfblegal.co.uk\/#\/schema\/logo\/image\/","url":"https:\/\/rfblegal.co.uk\/wp-content\/uploads\/2024\/01\/header_company_logo.svg","contentUrl":"https:\/\/rfblegal.co.uk\/wp-content\/uploads\/2024\/01\/header_company_logo.svg","caption":"RFB Legal"},"image":{"@id":"https:\/\/rfblegal.co.uk\/#\/schema\/logo\/image\/"},"sameAs":["https:\/\/www.facebook.com\/RFBLegal\/","https:\/\/www.linkedin.com\/uas\/login?session_redirect=company2012282","https:\/\/www.instagram.com\/rfb_legal\/"]}]}},"_links":{"self":[{"href":"https:\/\/rfblegal.co.uk\/de\/wp-json\/wp\/v2\/pages\/2184","targetHints":{"allow":["GET"]}}],"collection":[{"href":"https:\/\/rfblegal.co.uk\/de\/wp-json\/wp\/v2\/pages"}],"about":[{"href":"https:\/\/rfblegal.co.uk\/de\/wp-json\/wp\/v2\/types\/page"}],"author":[{"embeddable":true,"href":"https:\/\/rfblegal.co.uk\/de\/wp-json\/wp\/v2\/users\/1"}],"replies":[{"embeddable":true,"href":"https:\/\/rfblegal.co.uk\/de\/wp-json\/wp\/v2\/comments?post=2184"}],"version-history":[{"count":2,"href":"https:\/\/rfblegal.co.uk\/de\/wp-json\/wp\/v2\/pages\/2184\/revisions"}],"predecessor-version":[{"id":9294,"href":"https:\/\/rfblegal.co.uk\/de\/wp-json\/wp\/v2\/pages\/2184\/revisions\/9294"}],"up":[{"embeddable":true,"href":"https:\/\/rfblegal.co.uk\/de\/wp-json\/wp\/v2\/pages\/357"}],"wp:featuredmedia":[{"embeddable":true,"href":"https:\/\/rfblegal.co.uk\/de\/wp-json\/wp\/v2\/media\/2822"}],"wp:attachment":[{"href":"https:\/\/rfblegal.co.uk\/de\/wp-json\/wp\/v2\/media?parent=2184"}],"curies":[{"name":"wp","href":"https:\/\/api.w.org\/{rel}","templated":true}]}}